{"id":5266,"date":"2021-07-18T08:03:35","date_gmt":"2021-07-18T08:03:35","guid":{"rendered":"https:\/\/nuss.uxper.co\/luxury-resort\/?page_id=5266"},"modified":"2026-03-20T06:32:57","modified_gmt":"2026-03-20T06:32:57","slug":"%e5%85%b3%e4%ba%8e%e6%88%91%e4%bb%ac","status":"publish","type":"page","link":"https:\/\/hotelreykjavikgrand.com\/zh\/about-us\/","title":{"rendered":"\u5173\u4e8e\u6211\u4eec"},"content":{"rendered":"<div data-elementor-type=\"wp-page\" data-elementor-id=\"5266\" class=\"elementor elementor-5266\">\n\t\t\t\t\t\t<section class=\"elementor-section elementor-top-section elementor-element elementor-element-10416953 elementor-section-boxed elementor-section-gap-beside-yes elementor-section-height-default elementor-section-height-default elementor-section-column-vertical-align-stretch\" data-id=\"10416953\" data-element_type=\"section\" data-e-type=\"section\">\n\t\t\t\t\t\t<div class=\"elementor-container elementor-column-gap-extended\">\n\t\t\t\t\t<div class=\"elementor-column elementor-col-100 elementor-top-column elementor-element elementor-element-29c6aa8\" data-id=\"29c6aa8\" data-element_type=\"column\" data-e-type=\"column\">\n\t\t\t<div class=\"elementor-widget-wrap elementor-element-populated\">\n\t\t\t\t\t\t<div class=\"elementor-element elementor-element-7be18fe7 elementor-widget__width-initial elementor-invisible elementor-widget elementor-widget-text-editor\" data-id=\"7be18fe7\" data-element_type=\"widget\" data-e-type=\"widget\" data-settings=\"{&quot;_animation&quot;:&quot;nussFadeInUp&quot;}\" data-widget_type=\"text-editor.default\">\n\t\t\t\t\t\t\t\t\t<h4 class=\"qwen-markdown-heading\"><strong class=\"qwen-markdown-strong\"><span class=\"qwen-markdown-text\" data-spm-anchor-id=\"a2ty_o01.29997173.0.i37.d85a5171GHG0Zx\">\u5728\u96f7\u514b\u96c5\u672a\u514b\u5927\u9152\u5e97\u4f53\u9a8c\u5317\u6b27\u4f18\u96c5<\/span><\/strong><\/h4>\t\t\t\t\t\t\t\t<\/div>\n\t\t\t\t\t<\/div>\n\t\t<\/div>\n\t\t\t\t\t<\/div>\n\t\t<\/section>\n\t\t\t\t<section class=\"elementor-section elementor-top-section elementor-element elementor-element-7d18327f elementor-section-boxed elementor-section-gap-beside-yes elementor-section-height-default elementor-section-height-default elementor-section-column-vertical-align-stretch\" data-id=\"7d18327f\" data-element_type=\"section\" data-e-type=\"section\">\n\t\t\t\t\t\t<div class=\"elementor-container elementor-column-gap-extended\">\n\t\t\t\t\t<div class=\"elementor-column elementor-col-50 elementor-top-column elementor-element elementor-element-56533670\" data-id=\"56533670\" data-element_type=\"column\" data-e-type=\"column\">\n\t\t\t<div class=\"elementor-widget-wrap elementor-element-populated\">\n\t\t\t\t\t\t<div class=\"elementor-element elementor-element-19c3f543 elementor-invisible elementor-widget elementor-widget-text-editor\" data-id=\"19c3f543\" data-element_type=\"widget\" data-e-type=\"widget\" data-settings=\"{&quot;_animation&quot;:&quot;nussFadeInUp&quot;}\" data-widget_type=\"text-editor.default\">\n\t\t\t\t\t\t\t\t\t<p><span class=\"qwen-markdown-text\">\u5728 <\/span><strong class=\"qwen-markdown-strong\"><span class=\"qwen-markdown-text\">\u96f7\u514b\u96c5\u672a\u514b\u5927\u9152\u5e97<\/span><\/strong><span class=\"qwen-markdown-text\">, \u4e00\u5bb6\u4f4d\u4e8e <\/span><strong class=\"qwen-markdown-strong\"><span class=\"qwen-markdown-text\">Sigt\u00fan 28, Laugardalur, \u96f7\u514b\u96c5\u672a\u514b, \u9996\u90fd\u533a, 105, \u51b0\u5c9b<\/span><\/strong><span class=\"qwen-markdown-text\">. \u8fd9\u5bb6\u9152\u5e97\u5750\u843d\u4e8e\u57ce\u5e02\u7eff\u610f\u76ce\u7136\u7684\u4e2d\u5fc3\u5730\u5e26\uff0c\u4e3a\u5bbe\u5ba2\u63d0\u4f9b\u8fdc\u79bb\u55a7\u56a3\u5e02\u4e2d\u5fc3\u7684\u9759\u8c27\u4f11\u61a9\u4e4b\u6240\uff0c\u540c\u65f6\u53c8\u4e0e\u96f7\u514b\u96c5\u672a\u514b\u7684\u5404\u5927\u666f\u70b9\u8fd1\u5728\u54ab\u5c3a\u3002\u65e0\u8bba\u60a8\u662f\u5546\u52a1\u51fa\u884c\u3001\u4f11\u95f2\u5ea6\u5047\uff0c\u8fd8\u662f\u6e34\u671b\u4f53\u9a8c\u4e00\u6bb5\u68a6\u5e7b\u822c\u7684\u51b0\u5c9b\u4e4b\u65c5\uff0c\u96f7\u514b\u96c5\u672a\u514b\u683c\u5170\u5fb7\u9152\u5e97\u90fd\u662f\u60a8\u63a2\u7d22\u8fd9\u7247\u51b0\u4e0e\u706b\u4e4b\u5730\u7684\u7406\u60f3\u4e0b\u69bb\u4e4b\u6240\u3002.<\/span><\/p>\t\t\t\t\t\t\t\t<\/div>\n\t\t\t\t\t<\/div>\n\t\t<\/div>\n\t\t\t\t<div class=\"elementor-column elementor-col-50 elementor-top-column elementor-element elementor-element-30f14127\" data-id=\"30f14127\" data-element_type=\"column\" data-e-type=\"column\">\n\t\t\t<div class=\"elementor-widget-wrap elementor-element-populated\">\n\t\t\t\t\t\t<div class=\"elementor-element elementor-element-96d2513 elementor-widget elementor-widget-image\" data-id=\"96d2513\" data-element_type=\"widget\" data-e-type=\"widget\" data-widget_type=\"image.default\">\n\t\t\t\t\t\t\t\t\t\t\t\t\t\t\t<img fetchpriority=\"high\" decoding=\"async\" width=\"659\" height=\"853\" src=\"https:\/\/hotelreykjavikgrand.com\/wp-content\/uploads\/2026\/03\/Grand-Hotel-Reykjavik-159.webp\" class=\"attachment-large size-large wp-image-5593\" alt=\"\" srcset=\"https:\/\/hotelreykjavikgrand.com\/wp-content\/uploads\/2026\/03\/Grand-Hotel-Reykjavik-159.webp 659w, https:\/\/hotelreykjavikgrand.com\/wp-content\/uploads\/2026\/03\/Grand-Hotel-Reykjavik-159-232x300.webp 232w\" sizes=\"(max-width: 659px) 100vw, 659px\" \/>\t\t\t\t\t\t\t\t\t\t\t\t\t\t\t<\/div>\n\t\t\t\t\t<\/div>\n\t\t<\/div>\n\t\t\t\t\t<\/div>\n\t\t<\/section>\n\t\t\t\t<section class=\"elementor-section elementor-top-section elementor-element elementor-element-29fb8578 elementor-section-height-min-height elementor-section-stretched elementor-section-full_width elementor-section-items-stretch elementor-section-height-default elementor-section-column-vertical-align-stretch\" data-id=\"29fb8578\" data-element_type=\"section\" data-e-type=\"section\" data-settings=\"{&quot;stretch_section&quot;:&quot;section-stretched&quot;}\">\n\t\t\t\t\t\t<div class=\"elementor-container elementor-column-gap-no\">\n\t\t\t\t\t<div class=\"elementor-column elementor-col-50 elementor-top-column elementor-element elementor-element-40ac270b\" data-id=\"40ac270b\" data-element_type=\"column\" data-e-type=\"column\">\n\t\t\t<div class=\"elementor-widget-wrap elementor-element-populated\">\n\t\t\t\t\t\t<div class=\"elementor-element elementor-element-20872773 elementor-widget__width-initial elementor-widget-mobile__width-inherit elementor-invisible nuss-elementor-loading nuss-slide-in-right elementor-widget elementor-widget-image\" data-id=\"20872773\" data-element_type=\"widget\" data-e-type=\"widget\" data-settings=\"{&quot;_animation&quot;:&quot;nussSlideInRight&quot;}\" data-widget_type=\"image.default\">\n\t\t\t\t\t\t\t\t\t\t\t\t\t\t\t<img decoding=\"async\" width=\"1280\" height=\"853\" src=\"https:\/\/hotelreykjavikgrand.com\/wp-content\/uploads\/2026\/03\/Grand-Hotel-Reykjavik-54.webp\" class=\"attachment-full size-full wp-image-5658\" alt=\"\" srcset=\"https:\/\/hotelreykjavikgrand.com\/wp-content\/uploads\/2026\/03\/Grand-Hotel-Reykjavik-54.webp 1280w, https:\/\/hotelreykjavikgrand.com\/wp-content\/uploads\/2026\/03\/Grand-Hotel-Reykjavik-54-300x200.webp 300w, https:\/\/hotelreykjavikgrand.com\/wp-content\/uploads\/2026\/03\/Grand-Hotel-Reykjavik-54-1024x682.webp 1024w, https:\/\/hotelreykjavikgrand.com\/wp-content\/uploads\/2026\/03\/Grand-Hotel-Reykjavik-54-768x512.webp 768w\" sizes=\"(max-width: 1280px) 100vw, 1280px\" \/>\t\t\t\t\t\t\t\t\t\t\t\t\t\t\t<\/div>\n\t\t\t\t\t<\/div>\n\t\t<\/div>\n\t\t\t\t<div class=\"elementor-column elementor-col-50 elementor-top-column elementor-element elementor-element-2dac103\" data-id=\"2dac103\" data-element_type=\"column\" data-e-type=\"column\">\n\t\t\t<div class=\"elementor-widget-wrap elementor-element-populated\">\n\t\t\t\t\t\t<div class=\"elementor-element elementor-element-6f1b8966 elementor-invisible elementor-widget elementor-widget-text-editor\" data-id=\"6f1b8966\" data-element_type=\"widget\" data-e-type=\"widget\" data-settings=\"{&quot;_animation&quot;:&quot;nussFadeInUp&quot;}\" data-widget_type=\"text-editor.default\">\n\t\t\t\t\t\t\t\t\t<p><span class=\"qwen-markdown-text\">\u9152\u5e97\u7684\u4f4d\u7f6e <\/span><strong class=\"qwen-markdown-strong\"><span class=\"qwen-markdown-text\">\u52b3\u52a0\u8fbe\u9c81\u5c14<\/span><\/strong><span class=\"qwen-markdown-text\"> \u8fd9\u662f\u5176\u6700\u5927\u7684\u4f18\u52bf\u4e4b\u4e00\u3002\u8be5\u8857\u533a\u62e5\u6709\u96f7\u514b\u96c5\u672a\u514b\u6700\u5927\u7684\u516c\u56ed\u533a\u57df\uff0c\u53ef\u4fbf\u6377\u524d\u5f80\u6b65\u884c\u9053\u3001\u690d\u7269\u56ed\u548c\u9002\u5408\u5bb6\u5ead\u6e38\u73a9\u7684\u666f\u70b9\uff0c\u800c\u524d\u5f80\u96f7\u514b\u96c5\u672a\u514b\u5e02\u4e2d\u5fc3\u4e5f\u53ea\u9700\u51e0\u5206\u949f\u8f66\u7a0b\u6216\u516c\u4ea4\u8f66\u7a0b\u3002\u8fd9\u79cd\u72ec\u7279\u7684\u5730\u7406\u4f4d\u7f6e\u8ba9\u5ba2\u4eba\u53ef\u4ee5\u5728\u5b81\u9759\u7684\u591c\u665a\u6b23\u8d4f\u7f8e\u666f\u3002 <\/span><strong class=\"qwen-markdown-strong\"><span class=\"qwen-markdown-text\">\u57c3\u65af\u54c8\u5c71<\/span><\/strong><span class=\"qwen-markdown-text\"> \u6216\u8005\u6b23\u8d4f\u57ce\u5e02\u5929\u9645\u7ebf\uff0c\u786e\u4fdd\u60a8\u5728\u5f00\u542f\u6bcf\u65e5\u63a2\u9669\u4e4b\u65c5\u524d\u4eab\u53d7\u4e00\u591c\u9163\u7720\u3002\u62b5\u8fbe\u540e\uff0c\u5bbe\u5ba2\u5c06\u611f\u53d7\u5230\u73b0\u4ee3\u5317\u6b27\u8bbe\u8ba1\u3001\u70ed\u60c5\u597d\u5ba2\u7684\u670d\u52a1\u4ee5\u53ca\u5bf9\u8212\u9002\u4f53\u9a8c\u7684\u6267\u7740\u8ffd\u6c42\uff0c\u8fd9\u6b63\u662f\u683c\u5170\u5fb7\u9152\u5e97\u7684\u72ec\u7279\u4e4b\u5904\u3002.<\/span><\/p>\t\t\t\t\t\t\t\t<\/div>\n\t\t\t\t\t<\/div>\n\t\t<\/div>\n\t\t\t\t\t<\/div>\n\t\t<\/section>\n\t\t\t\t<section class=\"elementor-section elementor-top-section elementor-element elementor-element-678a33f elementor-section-height-min-height elementor-section-stretched elementor-section-full_width elementor-section-items-stretch elementor-section-height-default elementor-section-column-vertical-align-stretch\" data-id=\"678a33f\" data-element_type=\"section\" data-e-type=\"section\" data-settings=\"{&quot;stretch_section&quot;:&quot;section-stretched&quot;}\">\n\t\t\t\t\t\t<div class=\"elementor-container elementor-column-gap-no\">\n\t\t\t\t\t<div class=\"elementor-column elementor-col-50 elementor-top-column elementor-element elementor-element-dea6560\" data-id=\"dea6560\" data-element_type=\"column\" data-e-type=\"column\">\n\t\t\t<div class=\"elementor-widget-wrap elementor-element-populated\">\n\t\t\t\t\t\t<div class=\"elementor-element elementor-element-323666a elementor-invisible elementor-widget elementor-widget-text-editor\" data-id=\"323666a\" data-element_type=\"widget\" data-e-type=\"widget\" data-settings=\"{&quot;_animation&quot;:&quot;nussFadeInUp&quot;}\" data-widget_type=\"text-editor.default\">\n\t\t\t\t\t\t\t\t\t<p><span class=\"qwen-markdown-text\">\u96f7\u514b\u96c5\u672a\u514b\u683c\u5170\u5fb7\u9152\u5e97\u7684\u5ba2\u623f\u8bbe\u8ba1\u5145\u5206\u8003\u8651\u4e86\u73b0\u4ee3\u65c5\u884c\u8005\u7684\u9700\u6c42\u3002\u6bcf\u95f4\u5ba2\u623f\u90fd\u5bbd\u655e\u8212\u9002\uff0c\u8bbe\u65bd\u9f50\u5168\uff0c\u5e76\u914d\u5907\u9ad8\u901f\u7f51\u7edc\u3002 <\/span><strong class=\"qwen-markdown-strong\"><span class=\"qwen-markdown-text\">\u514d\u8d39\u65e0\u7ebf\u7f51\u7edc<\/span><\/strong><span class=\"qwen-markdown-text\">, \u9152\u5e97\u4e3a\u5546\u52a1\u65c5\u5ba2\u63d0\u4f9b\u536b\u661f\u7535\u89c6\u548c\u8212\u9002\u7684\u529e\u516c\u7a7a\u95f4\u3002\u5ba2\u623f\u8bbe\u65bd\u5305\u62ec\u8336\u6c34\u548c\u5496\u5561\u51b2\u6ce1\u8bbe\u5907\u3001\u8ff7\u4f60\u51b0\u7bb1\u4ee5\u53ca\u914d\u5907\u5439\u98ce\u673a\u7684\u8c6a\u534e\u6d74\u5ba4\u3002\u90e8\u5206\u5ba2\u623f\u8bbe\u6709\u79c1\u4eba\u9732\u53f0\uff0c\u8ba9\u60a8\u5c3d\u4eab\u51b0\u5c9b\u6e05\u65b0\u7684\u7a7a\u6c14\uff0c\u5c3d\u4eab\u653e\u677e\u65f6\u5149\u3002\u9152\u5e97\u4ee5\u5bbe\u5ba2\u7684\u5065\u5eb7\u4e3a\u5148\uff0c\u63d0\u4f9b\u65e0\u70df\u548c\u65e0\u8fc7\u654f\u5ba2\u623f\uff0c\u786e\u4fdd\u6240\u6709\u5bbe\u5ba2\u90fd\u80fd\u62e5\u6709\u5065\u5eb7\u7684\u5165\u4f4f\u73af\u5883\u3002.<\/span><\/p>\t\t\t\t\t\t\t\t<\/div>\n\t\t\t\t\t<\/div>\n\t\t<\/div>\n\t\t\t\t<div class=\"elementor-column elementor-col-50 elementor-top-column elementor-element elementor-element-46a1998\" data-id=\"46a1998\" data-element_type=\"column\" data-e-type=\"column\">\n\t\t\t<div class=\"elementor-widget-wrap elementor-element-populated\">\n\t\t\t\t\t\t<div class=\"elementor-element elementor-element-e4f3056 elementor-widget__width-initial elementor-widget-mobile__width-inherit elementor-invisible nuss-elementor-loading nuss-slide-in-right elementor-widget elementor-widget-image\" data-id=\"e4f3056\" data-element_type=\"widget\" data-e-type=\"widget\" data-settings=\"{&quot;_animation&quot;:&quot;nussSlideInRight&quot;}\" data-widget_type=\"image.default\">\n\t\t\t\t\t\t\t\t\t\t\t\t\t\t\t<img decoding=\"async\" width=\"1277\" height=\"853\" src=\"https:\/\/hotelreykjavikgrand.com\/wp-content\/uploads\/2026\/03\/Grand-Hotel-Reykjavik-128.webp\" class=\"attachment-full size-full wp-image-5732\" alt=\"\" srcset=\"https:\/\/hotelreykjavikgrand.com\/wp-content\/uploads\/2026\/03\/Grand-Hotel-Reykjavik-128.webp 1277w, https:\/\/hotelreykjavikgrand.com\/wp-content\/uploads\/2026\/03\/Grand-Hotel-Reykjavik-128-300x200.webp 300w, https:\/\/hotelreykjavikgrand.com\/wp-content\/uploads\/2026\/03\/Grand-Hotel-Reykjavik-128-1024x684.webp 1024w, https:\/\/hotelreykjavikgrand.com\/wp-content\/uploads\/2026\/03\/Grand-Hotel-Reykjavik-128-768x513.webp 768w\" sizes=\"(max-width: 1277px) 100vw, 1277px\" \/>\t\t\t\t\t\t\t\t\t\t\t\t\t\t\t<\/div>\n\t\t\t\t\t<\/div>\n\t\t<\/div>\n\t\t\t\t\t<\/div>\n\t\t<\/section>\n\t\t\t\t<section class=\"elementor-section elementor-top-section elementor-element elementor-element-3e6242b elementor-section-height-min-height elementor-section-stretched elementor-section-full_width elementor-section-items-stretch elementor-section-height-default elementor-section-column-vertical-align-stretch\" data-id=\"3e6242b\" data-element_type=\"section\" data-e-type=\"section\" data-settings=\"{&quot;stretch_section&quot;:&quot;section-stretched&quot;}\">\n\t\t\t\t\t\t<div class=\"elementor-container elementor-column-gap-no\">\n\t\t\t\t\t<div class=\"elementor-column elementor-col-50 elementor-top-column elementor-element elementor-element-2664f22\" data-id=\"2664f22\" data-element_type=\"column\" data-e-type=\"column\">\n\t\t\t<div class=\"elementor-widget-wrap elementor-element-populated\">\n\t\t\t\t\t\t<div class=\"elementor-element elementor-element-d47ccc4 elementor-widget__width-initial elementor-widget-mobile__width-inherit elementor-invisible nuss-elementor-loading nuss-slide-in-right elementor-widget elementor-widget-image\" data-id=\"d47ccc4\" data-element_type=\"widget\" data-e-type=\"widget\" data-settings=\"{&quot;_animation&quot;:&quot;nussSlideInRight&quot;}\" data-widget_type=\"image.default\">\n\t\t\t\t\t\t\t\t\t\t\t\t\t\t\t<img loading=\"lazy\" decoding=\"async\" width=\"1280\" height=\"853\" src=\"https:\/\/hotelreykjavikgrand.com\/wp-content\/uploads\/2026\/03\/Grand-Hotel-Reykjavik-113.webp\" class=\"attachment-full size-full wp-image-5717\" alt=\"\" srcset=\"https:\/\/hotelreykjavikgrand.com\/wp-content\/uploads\/2026\/03\/Grand-Hotel-Reykjavik-113.webp 1280w, https:\/\/hotelreykjavikgrand.com\/wp-content\/uploads\/2026\/03\/Grand-Hotel-Reykjavik-113-300x200.webp 300w, https:\/\/hotelreykjavikgrand.com\/wp-content\/uploads\/2026\/03\/Grand-Hotel-Reykjavik-113-1024x682.webp 1024w, https:\/\/hotelreykjavikgrand.com\/wp-content\/uploads\/2026\/03\/Grand-Hotel-Reykjavik-113-768x512.webp 768w\" sizes=\"(max-width: 1280px) 100vw, 1280px\" \/>\t\t\t\t\t\t\t\t\t\t\t\t\t\t\t<\/div>\n\t\t\t\t\t<\/div>\n\t\t<\/div>\n\t\t\t\t<div class=\"elementor-column elementor-col-50 elementor-top-column elementor-element elementor-element-c2e679d\" data-id=\"c2e679d\" data-element_type=\"column\" data-e-type=\"column\">\n\t\t\t<div class=\"elementor-widget-wrap elementor-element-populated\">\n\t\t\t\t\t\t<div class=\"elementor-element elementor-element-46d20e0 elementor-invisible elementor-widget elementor-widget-text-editor\" data-id=\"46d20e0\" data-element_type=\"widget\" data-e-type=\"widget\" data-settings=\"{&quot;_animation&quot;:&quot;nussFadeInUp&quot;}\" data-widget_type=\"text-editor.default\">\n\t\t\t\t\t\t\t\t\t<p><span class=\"qwen-markdown-text\">\u9910\u996e\u662f\u6bcf\u6b21\u5165\u4f4f\u7684\u4e00\u5927\u4eae\u70b9\uff0c\u9152\u5e97\u5185\u7684\u9910\u5385\u4e5f\u63d0\u4f9b\u9910\u996e\u670d\u52a1\u3002 <\/span><strong class=\"qwen-markdown-strong\"><span class=\"qwen-markdown-text\">\u5927\u5564\u9152\u9986<\/span><\/strong><span class=\"qwen-markdown-text\"> \u5168\u5929\u4f9b\u5e94\u5404\u5f0f\u7f8e\u5473\u4f73\u80b4\u3002\u4ece\u4e30\u76db\u7684\u514d\u8d39\u65e9\u9910\u6ee1\u8db3\u60a8\u6e05\u6668\u7684\u80c3\u53e3\uff0c\u5230\u7cbe\u81f4\u7684\u5348\u9910\u548c\u665a\u9910\uff0c\u5747\u91c7\u7528\u65b0\u9c9c\u98df\u6750\u70f9\u5236\u800c\u6210\u3002 <\/span><strong class=\"qwen-markdown-strong\"><span class=\"qwen-markdown-text\">\u51b0\u5c9b\u5f53\u5730\u98df\u6750<\/span><\/strong><span class=\"qwen-markdown-text\">, \u8fd9\u91cc\u7684\u9910\u996e\u4f53\u9a8c\u4e30\u5bcc\u591a\u6837\uff0c\u4ee4\u4eba\u96be\u5fd8\u3002\u83dc\u5355\u6db5\u76d6\u5404\u79cd\u996e\u98df\u9700\u6c42\uff0c\u5305\u62ec\u7d20\u98df\u548c\u65e0\u9eb8\u8d28\u98df\u54c1\uff0c\u800c\u8212\u9002\u7684\u9152\u5427\u548c\u4f11\u606f\u533a\u5219\u662f\u60a8\u5728\u58c1\u7089\u65c1\u54c1\u5c1d\u7cbe\u9009\u996e\u54c1\u3001\u653e\u677e\u8eab\u5fc3\u7684\u7406\u60f3\u573a\u6240\u3002.<\/span><\/p>\t\t\t\t\t\t\t\t<\/div>\n\t\t\t\t\t<\/div>\n\t\t<\/div>\n\t\t\t\t\t<\/div>\n\t\t<\/section>\n\t\t\t\t<section class=\"elementor-section elementor-top-section elementor-element elementor-element-33cd8aa elementor-section-height-min-height elementor-section-stretched elementor-section-full_width elementor-section-items-stretch elementor-section-height-default elementor-section-column-vertical-align-stretch\" data-id=\"33cd8aa\" data-element_type=\"section\" data-e-type=\"section\" data-settings=\"{&quot;stretch_section&quot;:&quot;section-stretched&quot;}\">\n\t\t\t\t\t\t<div class=\"elementor-container elementor-column-gap-no\">\n\t\t\t\t\t<div class=\"elementor-column elementor-col-50 elementor-top-column elementor-element elementor-element-2556572\" data-id=\"2556572\" data-element_type=\"column\" data-e-type=\"column\">\n\t\t\t<div class=\"elementor-widget-wrap elementor-element-populated\">\n\t\t\t\t\t\t<div class=\"elementor-element elementor-element-211adcf elementor-invisible elementor-widget elementor-widget-text-editor\" data-id=\"211adcf\" data-element_type=\"widget\" data-e-type=\"widget\" data-settings=\"{&quot;_animation&quot;:&quot;nussFadeInUp&quot;}\" data-widget_type=\"text-editor.default\">\n\t\t\t\t\t\t\t\t\t<p><span class=\"qwen-markdown-text\">\u9664\u4e86\u5ba2\u623f\u548c\u9910\u996e\u4e4b\u5916\uff0c\u96f7\u514b\u96c5\u672a\u514b\u683c\u5170\u5fb7\u9152\u5e97\u8fd8\u63d0\u4f9b\u4e00\u7cfb\u5217\u4e30\u5bcc\u7684\u670d\u52a1\uff0c\u65e8\u5728\u63d0\u5347\u60a8\u7684\u5165\u4f4f\u4f53\u9a8c\u3002\u5bbe\u5ba2\u53ef\u5c3d\u4eab\u73b0\u4ee3\u5316\u8bbe\u65bd\u3002 <\/span><strong class=\"qwen-markdown-strong\"><span class=\"qwen-markdown-text\">\u5065\u8eab\u4e2d\u5fc3\u548c\u6c34\u7597\u4e2d\u5fc3<\/span><\/strong><span class=\"qwen-markdown-text\" data-spm-anchor-id=\"a2ty_o01.29997173.0.i41.d85a5171GHG0Zx\">, \u8fd9\u91cc\u662f\u89c2\u5149\u4e00\u65e5\u540e\u653e\u677e\u8eab\u5fc3\u7684\u7406\u60f3\u4e4b\u9009\u300224 \u5c0f\u65f6\u524d\u53f0\u968f\u65f6\u4e3a\u60a8\u63d0\u4f9b\u793c\u5bbe\u670d\u52a1\u3001\u8d27\u5e01\u5151\u6362\u3001\u884c\u674e\u5bc4\u5b58\u548c\u65c5\u6e38\u89c4\u5212\u7b49\u534f\u52a9\u3002\u6b64\u5916\uff0c\u9152\u5e97\u8fd8\u63d0\u4f9b\u514d\u8d39\u505c\u8f66\u3001\u673a\u573a\u63a5\u9001\u548c\u79df\u8f66\u670d\u52a1\u7b49\u4fbf\u5229\u8bbe\u65bd\u3002\u51ed\u501f\u5176\u4e00\u6d41\u7684\u8bbe\u65bd\u3001\u4f4d\u4e8e Sigt\u00fan 28 \u53f7\u7684\u4f18\u8d8a\u4f4d\u7f6e\u4ee5\u53ca\u70ed\u60c5\u5468\u5230\u7684\u5458\u5de5\uff0c\u96f7\u514b\u96c5\u672a\u514b\u683c\u5170\u5fb7\u9152\u5e97 (Grand H\u00f3tel Reykjav\u00edk) \u5df2\u6210\u4e3a\u5bfb\u6c42\u51b0\u5c9b\u9996\u90fd\u5730\u533a\u4f18\u8d28\u4f4f\u5bbf\u7684\u65c5\u5ba2\u7684\u9996\u9009\u3002.<\/span><\/p>\t\t\t\t\t\t\t\t<\/div>\n\t\t\t\t\t<\/div>\n\t\t<\/div>\n\t\t\t\t<div class=\"elementor-column elementor-col-50 elementor-top-column elementor-element elementor-element-d3ac99f\" data-id=\"d3ac99f\" data-element_type=\"column\" data-e-type=\"column\">\n\t\t\t<div class=\"elementor-widget-wrap elementor-element-populated\">\n\t\t\t\t\t\t<div class=\"elementor-element elementor-element-f1acc42 elementor-widget__width-initial elementor-widget-mobile__width-inherit elementor-invisible nuss-elementor-loading nuss-slide-in-right elementor-widget elementor-widget-image\" data-id=\"f1acc42\" data-element_type=\"widget\" data-e-type=\"widget\" data-settings=\"{&quot;_animation&quot;:&quot;nussSlideInRight&quot;}\" data-widget_type=\"image.default\">\n\t\t\t\t\t\t\t\t\t\t\t\t\t\t\t<img loading=\"lazy\" decoding=\"async\" width=\"1280\" height=\"835\" src=\"https:\/\/hotelreykjavikgrand.com\/wp-content\/uploads\/2026\/03\/Grand-Hotel-Reykjavik-105.webp\" class=\"attachment-full size-full wp-image-5709\" alt=\"\" srcset=\"https:\/\/hotelreykjavikgrand.com\/wp-content\/uploads\/2026\/03\/Grand-Hotel-Reykjavik-105.webp 1280w, https:\/\/hotelreykjavikgrand.com\/wp-content\/uploads\/2026\/03\/Grand-Hotel-Reykjavik-105-300x196.webp 300w, https:\/\/hotelreykjavikgrand.com\/wp-content\/uploads\/2026\/03\/Grand-Hotel-Reykjavik-105-1024x668.webp 1024w, https:\/\/hotelreykjavikgrand.com\/wp-content\/uploads\/2026\/03\/Grand-Hotel-Reykjavik-105-768x501.webp 768w\" sizes=\"(max-width: 1280px) 100vw, 1280px\" \/>\t\t\t\t\t\t\t\t\t\t\t\t\t\t\t<\/div>\n\t\t\t\t\t<\/div>\n\t\t<\/div>\n\t\t\t\t\t<\/div>\n\t\t<\/section>\n\t\t\t\t<\/div>","protected":false},"excerpt":{"rendered":"<p>Discover Nordic Elegance at Grand H\u00f3tel Reykjav\u00edk Experience the perfect blend of urban convenience and natural tranquility at Grand H\u00f3tel Reykjav\u00edk, a premier 4-star accommodation located at Sigt\u00fan 28, Laugardalur, Reykjavik, Capital Region, 105, Iceland. Situated in the green heart of the city, this hotel offers guests a serene retreat away from the bustling city [&hellip;]<\/p>\n","protected":false},"author":1,"featured_media":0,"parent":0,"menu_order":0,"comment_status":"closed","ping_status":"closed","template":"","meta":{"footnotes":""},"class_list":["post-5266","page","type-page","status-publish","hentry","post-no-thumbnail"],"_links":{"self":[{"href":"https:\/\/hotelreykjavikgrand.com\/zh\/wp-json\/wp\/v2\/pages\/5266","targetHints":{"allow":["GET"]}}],"collection":[{"href":"https:\/\/hotelreykjavikgrand.com\/zh\/wp-json\/wp\/v2\/pages"}],"about":[{"href":"https:\/\/hotelreykjavikgrand.com\/zh\/wp-json\/wp\/v2\/types\/page"}],"author":[{"embeddable":true,"href":"https:\/\/hotelreykjavikgrand.com\/zh\/wp-json\/wp\/v2\/users\/1"}],"replies":[{"embeddable":true,"href":"https:\/\/hotelreykjavikgrand.com\/zh\/wp-json\/wp\/v2\/comments?post=5266"}],"version-history":[{"count":0,"href":"https:\/\/hotelreykjavikgrand.com\/zh\/wp-json\/wp\/v2\/pages\/5266\/revisions"}],"wp:attachment":[{"href":"https:\/\/hotelreykjavikgrand.com\/zh\/wp-json\/wp\/v2\/media?parent=5266"}],"curies":[{"name":"wp","href":"https:\/\/api.w.org\/{rel}","templated":true}]}}