{"id":612,"date":"2021-03-26T10:04:13","date_gmt":"2021-03-26T10:04:13","guid":{"rendered":"http:\/\/localhost\/nuss\/?page_id=612"},"modified":"2026-03-20T05:18:35","modified_gmt":"2026-03-20T05:18:35","slug":"restaurante","status":"publish","type":"page","link":"https:\/\/hotelreykjavikgrand.com\/pt\/restaurant\/","title":{"rendered":"Restaurante"},"content":{"rendered":"<div data-elementor-type=\"wp-page\" data-elementor-id=\"612\" class=\"elementor elementor-612\">\n\t\t\t\t\t\t<section class=\"elementor-section elementor-top-section elementor-element elementor-element-e2effe8 elementor-section-boxed elementor-section-gap-beside-yes elementor-section-height-default elementor-section-height-default elementor-section-column-vertical-align-stretch\" data-id=\"e2effe8\" data-element_type=\"section\" data-e-type=\"section\">\n\t\t\t\t\t\t<div class=\"elementor-container elementor-column-gap-extended\">\n\t\t\t\t\t<div class=\"elementor-column elementor-col-100 elementor-top-column elementor-element elementor-element-e18f688\" data-id=\"e18f688\" data-element_type=\"column\" data-e-type=\"column\">\n\t\t\t<div class=\"elementor-widget-wrap elementor-element-populated\">\n\t\t\t\t\t\t<div class=\"elementor-element elementor-element-6db146d elementor-widget__width-initial elementor-invisible elementor-widget elementor-widget-text-editor\" data-id=\"6db146d\" data-element_type=\"widget\" data-e-type=\"widget\" data-settings=\"{&quot;_animation&quot;:&quot;nussFadeInUp&quot;}\" data-widget_type=\"text-editor.default\">\n\t\t\t\t\t\t\t\t\tExcel\u00eancia culin\u00e1ria no Grand H\u00f3tel Reykjav\u00edk: A experi\u00eancia da Grand Brasserie\t\t\t\t\t\t\t\t<\/div>\n\t\t\t\t\t<\/div>\n\t\t<\/div>\n\t\t\t\t\t<\/div>\n\t\t<\/section>\n\t\t<div class=\"elementor-element elementor-element-296ebd9 e-flex e-con-boxed e-con e-parent\" data-id=\"296ebd9\" data-element_type=\"container\" data-e-type=\"container\">\n\t\t\t\t\t<div class=\"e-con-inner\">\n\t\t\t\t<div class=\"elementor-element elementor-element-f624388 elementor-widget elementor-widget-nuss-image-gallery\" data-id=\"f624388\" data-element_type=\"widget\" data-e-type=\"widget\" data-widget_type=\"nuss-image-gallery.default\">\n\t\t\t\t<div class=\"elementor-widget-container\">\n\t\t\t\t\t\t\t<div class=\"nuss-grid-wrapper\" data-grid=\"{&quot;type&quot;:&quot;grid&quot;,&quot;ratio&quot;:null,&quot;columns&quot;:3,&quot;gutter&quot;:30}\">\r\n\t\t\t<div class=\"nuss-grid lazy-grid\">\r\n\t\t\t\t<div class=\"grid-sizer\"><\/div>\r\n\r\n\t\t\t\t\t\t\t\t\t\t\t\t<div class=\"grid-item\">\r\n\t\t\t\t\t\t<div class=\"nuss-box\">\t\t<div class=\"nuss-image image\">\r\n\t\t\t<img decoding=\"async\"  src=\"https:\/\/hotelreykjavikgrand.com\/wp-content\/uploads\/2026\/03\/Grand-Hotel-Reykjavik-123.webp\" alt=\"Grand Hotel Reykjavik (123)\" \/>\t\t<\/div>\r\n\t\t\t\t<\/div>\t\t\t\t\t<\/div>\r\n\t\t\t\t\t\t<div class=\"grid-item\">\r\n\t\t\t\t\t\t<div class=\"nuss-box\">\t\t<div class=\"nuss-image image\">\r\n\t\t\t<img decoding=\"async\"  src=\"https:\/\/hotelreykjavikgrand.com\/wp-content\/uploads\/2026\/03\/Grand-Hotel-Reykjavik-121.webp\" alt=\"Grand Hotel Reykjavik (121)\" \/>\t\t<\/div>\r\n\t\t\t\t<\/div>\t\t\t\t\t<\/div>\r\n\t\t\t\t\t\t<div class=\"grid-item\">\r\n\t\t\t\t\t\t<div class=\"nuss-box\">\t\t<div class=\"nuss-image image\">\r\n\t\t\t<img decoding=\"async\"  src=\"https:\/\/hotelreykjavikgrand.com\/wp-content\/uploads\/2026\/03\/Grand-Hotel-Reykjavik-120.webp\" alt=\"Grand Hotel Reykjavik (120)\" \/>\t\t<\/div>\r\n\t\t\t\t<\/div>\t\t\t\t\t<\/div>\r\n\t\t\t\t\t\t<div class=\"grid-item\">\r\n\t\t\t\t\t\t<div class=\"nuss-box\">\t\t<div class=\"nuss-image image\">\r\n\t\t\t<img decoding=\"async\"  src=\"https:\/\/hotelreykjavikgrand.com\/wp-content\/uploads\/2026\/03\/Grand-Hotel-Reykjavik-119.webp\" alt=\"Grand Hotel Reykjavik (119)\" \/>\t\t<\/div>\r\n\t\t\t\t<\/div>\t\t\t\t\t<\/div>\r\n\t\t\t\t\t\t<div class=\"grid-item\">\r\n\t\t\t\t\t\t<div class=\"nuss-box\">\t\t<div class=\"nuss-image image\">\r\n\t\t\t<img decoding=\"async\"  src=\"https:\/\/hotelreykjavikgrand.com\/wp-content\/uploads\/2026\/03\/Grand-Hotel-Reykjavik-118.webp\" alt=\"Grand Hotel Reykjavik (118)\" \/>\t\t<\/div>\r\n\t\t\t\t<\/div>\t\t\t\t\t<\/div>\r\n\t\t\t\t\t\t<div class=\"grid-item\">\r\n\t\t\t\t\t\t<div class=\"nuss-box\">\t\t<div class=\"nuss-image image\">\r\n\t\t\t<img decoding=\"async\"  src=\"https:\/\/hotelreykjavikgrand.com\/wp-content\/uploads\/2026\/03\/Grand-Hotel-Reykjavik-117.webp\" alt=\"Grand Hotel Reykjavik (117)\" \/>\t\t<\/div>\r\n\t\t\t\t<\/div>\t\t\t\t\t<\/div>\r\n\t\t\t\t\t\t<div class=\"grid-item\">\r\n\t\t\t\t\t\t<div class=\"nuss-box\">\t\t<div class=\"nuss-image image\">\r\n\t\t\t<img decoding=\"async\"  src=\"https:\/\/hotelreykjavikgrand.com\/wp-content\/uploads\/2026\/03\/Grand-Hotel-Reykjavik-115.webp\" alt=\"Grand Hotel Reykjavik (115)\" \/>\t\t<\/div>\r\n\t\t\t\t<\/div>\t\t\t\t\t<\/div>\r\n\t\t\t\t\t\t<div class=\"grid-item\">\r\n\t\t\t\t\t\t<div class=\"nuss-box\">\t\t<div class=\"nuss-image image\">\r\n\t\t\t<img decoding=\"async\"  src=\"https:\/\/hotelreykjavikgrand.com\/wp-content\/uploads\/2026\/03\/Grand-Hotel-Reykjavik-114.webp\" alt=\"Grand Hotel Reykjavik (114)\" \/>\t\t<\/div>\r\n\t\t\t\t<\/div>\t\t\t\t\t<\/div>\r\n\t\t\t\t\t\t<div class=\"grid-item\">\r\n\t\t\t\t\t\t<div class=\"nuss-box\">\t\t<div class=\"nuss-image image\">\r\n\t\t\t<img decoding=\"async\"  src=\"https:\/\/hotelreykjavikgrand.com\/wp-content\/uploads\/2026\/03\/Grand-Hotel-Reykjavik-113.webp\" alt=\"Grand Hotel Reykjavik (113)\" \/>\t\t<\/div>\r\n\t\t\t\t<\/div>\t\t\t\t\t<\/div>\r\n\t\t\t\t\t\t<div class=\"grid-item\">\r\n\t\t\t\t\t\t<div class=\"nuss-box\">\t\t<div class=\"nuss-image image\">\r\n\t\t\t<img decoding=\"async\"  src=\"https:\/\/hotelreykjavikgrand.com\/wp-content\/uploads\/2026\/03\/Grand-Hotel-Reykjavik-112.webp\" alt=\"Grand Hotel Reykjavik (112)\" \/>\t\t<\/div>\r\n\t\t\t\t<\/div>\t\t\t\t\t<\/div>\r\n\t\t\t\t\t\t<div class=\"grid-item\">\r\n\t\t\t\t\t\t<div class=\"nuss-box\">\t\t<div class=\"nuss-image image\">\r\n\t\t\t<img decoding=\"async\"  src=\"https:\/\/hotelreykjavikgrand.com\/wp-content\/uploads\/2026\/03\/Grand-Hotel-Reykjavik-101.webp\" alt=\"Grand Hotel Reykjavik (101)\" \/>\t\t<\/div>\r\n\t\t\t\t<\/div>\t\t\t\t\t<\/div>\r\n\t\t\t\t\t\t<div class=\"grid-item\">\r\n\t\t\t\t\t\t<div class=\"nuss-box\">\t\t<div class=\"nuss-image image\">\r\n\t\t\t<img decoding=\"async\"  src=\"https:\/\/hotelreykjavikgrand.com\/wp-content\/uploads\/2026\/03\/Grand-Hotel-Reykjavik-104.webp\" alt=\"Grand Hotel Reykjavik (104)\" \/>\t\t<\/div>\r\n\t\t\t\t<\/div>\t\t\t\t\t<\/div>\r\n\t\t\t\t\t\t<div class=\"grid-item\">\r\n\t\t\t\t\t\t<div class=\"nuss-box\">\t\t<div class=\"nuss-image image\">\r\n\t\t\t<img decoding=\"async\"  src=\"https:\/\/hotelreykjavikgrand.com\/wp-content\/uploads\/2026\/03\/Grand-Hotel-Reykjavik-91.webp\" alt=\"Grand Hotel Reykjavik (91)\" \/>\t\t<\/div>\r\n\t\t\t\t<\/div>\t\t\t\t\t<\/div>\r\n\t\t\t\t\t\t<div class=\"grid-item\">\r\n\t\t\t\t\t\t<div class=\"nuss-box\">\t\t<div class=\"nuss-image image\">\r\n\t\t\t<img decoding=\"async\"  src=\"https:\/\/hotelreykjavikgrand.com\/wp-content\/uploads\/2026\/03\/Grand-Hotel-Reykjavik-87.webp\" alt=\"Grand Hotel Reykjavik (87)\" \/>\t\t<\/div>\r\n\t\t\t\t<\/div>\t\t\t\t\t<\/div>\r\n\t\t\t\t\t\t<div class=\"grid-item\">\r\n\t\t\t\t\t\t<div class=\"nuss-box\">\t\t<div class=\"nuss-image image\">\r\n\t\t\t<img decoding=\"async\"  src=\"https:\/\/hotelreykjavikgrand.com\/wp-content\/uploads\/2026\/03\/Grand-Hotel-Reykjavik-71.webp\" alt=\"Grand Hotel Reykjavik (71)\" \/>\t\t<\/div>\r\n\t\t\t\t<\/div>\t\t\t\t\t<\/div>\r\n\t\t\t\t\t\t<div class=\"grid-item\">\r\n\t\t\t\t\t\t<div class=\"nuss-box\">\t\t<div class=\"nuss-image image\">\r\n\t\t\t<img decoding=\"async\"  src=\"https:\/\/hotelreykjavikgrand.com\/wp-content\/uploads\/2026\/03\/Grand-Hotel-Reykjavik-106.webp\" alt=\"Grand Hotel Reykjavik (106)\" \/>\t\t<\/div>\r\n\t\t\t\t<\/div>\t\t\t\t\t<\/div>\r\n\t\t\t\t\t\t<div class=\"grid-item\">\r\n\t\t\t\t\t\t<div class=\"nuss-box\">\t\t<div class=\"nuss-image image\">\r\n\t\t\t<img decoding=\"async\"  src=\"https:\/\/hotelreykjavikgrand.com\/wp-content\/uploads\/2026\/03\/Grand-Hotel-Reykjavik-122.webp\" alt=\"Grand Hotel Reykjavik (122)\" \/>\t\t<\/div>\r\n\t\t\t\t<\/div>\t\t\t\t\t<\/div>\r\n\t\t\t\t\t\t<div class=\"grid-item\">\r\n\t\t\t\t\t\t<div class=\"nuss-box\">\t\t<div class=\"nuss-image image\">\r\n\t\t\t<img decoding=\"async\"  src=\"https:\/\/hotelreykjavikgrand.com\/wp-content\/uploads\/2026\/03\/Grand-Hotel-Reykjavik-116.webp\" alt=\"Grand Hotel Reykjavik (116)\" \/>\t\t<\/div>\r\n\t\t\t\t<\/div>\t\t\t\t\t<\/div>\r\n\t\t\t\t\t\t\t\r\n\t\t\t<\/div>\r\n\t\t<\/div>\r\n\t\t\t\t\t\t<\/div>\n\t\t\t\t<\/div>\n\t\t\t\t\t<\/div>\n\t\t\t\t<\/div>\n\t\t<div class=\"elementor-element elementor-element-cc31cc8 e-flex e-con-boxed e-con e-parent\" data-id=\"cc31cc8\" data-element_type=\"container\" data-e-type=\"container\">\n\t\t\t\t\t<div class=\"e-con-inner\">\n\t\t\t\t<div class=\"elementor-element elementor-element-1c23a33 elementor-widget elementor-widget-text-editor\" data-id=\"1c23a33\" data-element_type=\"widget\" data-e-type=\"widget\" data-widget_type=\"text-editor.default\">\n\t\t\t\t\t\t\t\t\t<h2 class=\"qwen-markdown-heading\"><strong class=\"qwen-markdown-strong\"><span class=\"qwen-markdown-text\" data-spm-anchor-id=\"a2ty_o01.29997173.0.i23.d85a5171GHG0Zx\">Um gostinho da Isl\u00e2ndia no cora\u00e7\u00e3o de Laugardalur<\/span><\/strong><\/h2><div class=\"qwen-markdown-paragraph\"><span class=\"qwen-markdown-text\" data-spm-anchor-id=\"a2ty_o01.29997173.0.i22.d85a5171GHG0Zx\">Jantando em <\/span><strong class=\"qwen-markdown-strong\"><span class=\"qwen-markdown-text\">Grand Hotel Reykjav\u00edk<\/span><\/strong><span class=\"qwen-markdown-text\" data-spm-anchor-id=\"a2ty_o01.29997173.0.i21.d85a5171GHG0Zx\"> \u00c9 mais do que apenas uma refei\u00e7\u00e3o; \u00e9 uma viagem pelos sabores do Norte. Localizado em <\/span><strong class=\"qwen-markdown-strong\"><span class=\"qwen-markdown-text\">Sigt\u00fan 28, Laugardalur, Reykjavik, Capital Region, 105, Isl\u00e2ndia<\/span><\/strong><span class=\"qwen-markdown-text\">, o restaurante principal do hotel, o <\/span><strong class=\"qwen-markdown-strong\"><span class=\"qwen-markdown-text\">Grande Brasserie<\/span><\/strong><span class=\"qwen-markdown-text\">, O restaurante oferece aos h\u00f3spedes e visitantes uma experi\u00eancia culin\u00e1ria excepcional, pautada na qualidade, na tradi\u00e7\u00e3o e na inova\u00e7\u00e3o moderna. Seja para come\u00e7ar o dia com um farto caf\u00e9 da manh\u00e3, desfrutar de um almo\u00e7o de neg\u00f3cios ou saborear um jantar tranquilo ap\u00f3s um dia explorando as maravilhas da Isl\u00e2ndia, nosso restaurante proporciona um ambiente acolhedor e convidativo que complementa o conforto sofisticado do hotel.<\/span><\/div><div class=\"qwen-markdown-space\">\u00a0<\/div><h2 class=\"qwen-markdown-heading\"><strong class=\"qwen-markdown-strong\"><span class=\"qwen-markdown-text\">Ingredientes frescos da Isl\u00e2ndia e arte culin\u00e1ria<\/span><\/strong><\/h2><div class=\"qwen-markdown-paragraph\"><span class=\"qwen-markdown-text\">No cerne do menu da Grand Brasserie est\u00e1 um profundo compromisso com a utiliza\u00e7\u00e3o de ingredientes frescos e de alta qualidade. <\/span><strong class=\"qwen-markdown-strong\"><span class=\"qwen-markdown-text\">ingredientes islandeses frescos e de origem local<\/span><\/strong><span class=\"qwen-markdown-text\">. Nossos chefs executivos trabalham em estreita colabora\u00e7\u00e3o com agricultores, pescadores e produtores locais para garantir que cada prato reflita a pureza e a riqueza dos produtos naturais da Isl\u00e2ndia. Do salm\u00e3o \u00e1rtico e cordeiro aos latic\u00ednios e vegetais da esta\u00e7\u00e3o, os ingredientes contam a hist\u00f3ria da terra e do mar que nos rodeiam. Essa abordagem &quot;da fazenda \u00e0 mesa&quot; n\u00e3o s\u00f3 apoia a comunidade local, como tamb\u00e9m garante que os h\u00f3spedes desfrutem dos sabores mais frescos poss\u00edveis durante a sua estadia. A equipe culin\u00e1ria combina receitas tradicionais islandesas com t\u00e9cnicas internacionais, criando um menu que \u00e9 ao mesmo tempo familiar e surpreendentemente inovador.<\/span><\/div><div class=\"qwen-markdown-space\">\u00a0<\/div><h2 class=\"qwen-markdown-heading\"><strong class=\"qwen-markdown-strong\"><span class=\"qwen-markdown-text\">Op\u00e7\u00f5es de refei\u00e7\u00f5es durante todo o dia<\/span><\/strong><\/h2><div class=\"qwen-markdown-paragraph\"><span class=\"qwen-markdown-text\">O Grand Brasserie foi projetado para atender aos diversos hor\u00e1rios dos viajantes modernos. Servimos <\/span><strong class=\"qwen-markdown-strong\"><span class=\"qwen-markdown-text\">Caf\u00e9 da manh\u00e3, brunch, almo\u00e7o e jantar diariamente<\/span><\/strong><span class=\"qwen-markdown-text\">, garantindo que comida deliciosa esteja sempre dispon\u00edvel quando voc\u00ea precisar. <\/span><\/div><div class=\"qwen-markdown-space\">\u00a0<\/div><div class=\"qwen-markdown-paragraph\"><strong class=\"qwen-markdown-strong\"><span class=\"qwen-markdown-text\">Caf\u00e9 da manh\u00e3<\/span><\/strong><span class=\"qwen-markdown-text\"> \u00c9 frequentemente destacado pelos h\u00f3spedes como uma experi\u00eancia excepcional. O extenso buffet oferece uma ampla variedade de itens quentes e frios, incluindo doces frescos, iogurte island\u00eas e skyr, carnes curadas, queijos, frutas e pratos com ovos preparados na hora. \u00c9 a op\u00e7\u00e3o perfeita para repor as energias ap\u00f3s um dia de passeios tur\u00edsticos ou reuni\u00f5es de neg\u00f3cios.<\/span><\/div><div class=\"qwen-markdown-space\">\u00a0<\/div><div class=\"qwen-markdown-paragraph\"><strong class=\"qwen-markdown-strong\"><span class=\"qwen-markdown-text\">Almo\u00e7o e Jantar<\/span><\/strong><span class=\"qwen-markdown-text\"> Os menus oferecem uma sele\u00e7\u00e3o sofisticada de pratos. Os h\u00f3spedes podem deliciar-se com especialidades cl\u00e1ssicas islandesas, como sopas reconfortantes, pratos de frutos do mar frescos e carnes de cozimento lento, al\u00e9m de op\u00e7\u00f5es internacionais como massas, bifes e saladas. O menu muda sazonalmente para refletir os melhores produtos dispon\u00edveis ao longo do ano, garantindo que os clientes habituais sempre descubram algo novo para apreciar.<\/span><\/div><div class=\"qwen-markdown-space\">\u00a0<\/div><h2 class=\"qwen-markdown-heading\"><strong class=\"qwen-markdown-strong\"><span class=\"qwen-markdown-text\">Refei\u00e7\u00f5es inclusas para todos os h\u00f3spedes<\/span><\/strong><\/h2><div class=\"qwen-markdown-paragraph\"><span class=\"qwen-markdown-text\">Acreditamos que uma experi\u00eancia gastron\u00f4mica excepcional deve ser acess\u00edvel a todos. O Grand Brasserie orgulha-se de atender a diversos p\u00fablicos. <\/span><strong class=\"qwen-markdown-strong\"><span class=\"qwen-markdown-text\">requisitos e prefer\u00eancias alimentares<\/span><\/strong><span class=\"qwen-markdown-text\">. Nossa cozinha est\u00e1 bem equipada para preparar <\/span><strong class=\"qwen-markdown-strong\"><span class=\"qwen-markdown-text\">refei\u00e7\u00f5es vegetarianas, veganas e sem gl\u00faten<\/span><\/strong><span class=\"qwen-markdown-text\"> sem comprometer o sabor ou a apresenta\u00e7\u00e3o. Os clientes com alergias ou restri\u00e7\u00f5es alimentares espec\u00edficas s\u00e3o encorajados a falar com nossa equipe, que ter\u00e1 prazer em orient\u00e1-los sobre as op\u00e7\u00f5es do menu ou preparar pratos personalizados. <\/span><\/div><div class=\"qwen-markdown-space\">\u00a0<\/div><div class=\"qwen-markdown-paragraph\"><span class=\"qwen-markdown-text\">As fam\u00edlias tamb\u00e9m s\u00e3o muito bem-vindas. <\/span><strong class=\"qwen-markdown-strong\"><span class=\"qwen-markdown-text\">menu infantil<\/span><\/strong><span class=\"qwen-markdown-text\"> Oferece por\u00e7\u00f5es adequadas para crian\u00e7as e sabores que agradam aos paladares mais jovens, garantindo que comer fora seja uma experi\u00eancia tranquila e agrad\u00e1vel tanto para os pais quanto para os filhos. Cadeiras altas e assentos elevat\u00f3rios est\u00e3o dispon\u00edveis para que os pequenos fiquem confort\u00e1veis \u00e0 mesa.<\/span><\/div><div class=\"qwen-markdown-space\">\u00a0<\/div><h2 class=\"qwen-markdown-heading\"><strong class=\"qwen-markdown-strong\"><span class=\"qwen-markdown-text\">Relaxamento junto \u00e0 lareira<\/span><\/strong><\/h2><div class=\"qwen-markdown-paragraph\"><span class=\"qwen-markdown-text\">Al\u00e9m da \u00e1rea principal de jantar, o Grand H\u00f3tel Reykjav\u00edk oferece um ambiente acolhedor. <\/span><strong class=\"qwen-markdown-strong\"><span class=\"qwen-markdown-text\">\u00e1rea de bar e lounge<\/span><\/strong><span class=\"qwen-markdown-text\"> Centrado em uma lareira acolhedora, este espa\u00e7o oferece o ambiente perfeito para relaxar ap\u00f3s um longo dia de viagem ou trabalho. Os h\u00f3spedes podem desfrutar de uma sele\u00e7\u00e3o especial de vinhos, cervejas artesanais, bebidas destiladas islandesas e coquet\u00e9is exclusivos. O lounge tamb\u00e9m serve petiscos e bebidas leves, tornando-se o local ideal para reuni\u00f5es informais ou conversas tranquilas. O ambiente foi projetado para refletir o hygge n\u00f3rdico, oferecendo uma sensa\u00e7\u00e3o de aconchego e relaxamento essencial durante os meses mais frios da Isl\u00e2ndia.<\/span><\/div><div class=\"qwen-markdown-space\">\u00a0<\/div><h2 class=\"qwen-markdown-heading\"><strong class=\"qwen-markdown-strong\"><span class=\"qwen-markdown-text\">Comodidades e servi\u00e7o de quarto<\/span><\/strong><\/h2><div class=\"qwen-markdown-paragraph\"><span class=\"qwen-markdown-text\">Compreendendo as necessidades dos nossos h\u00f3spedes, o Grand H\u00f3tel Reykjav\u00edk oferece <\/span><strong class=\"qwen-markdown-strong\"><span class=\"qwen-markdown-text\">servi\u00e7o de refei\u00e7\u00f5es no quarto<\/span><\/strong><span class=\"qwen-markdown-text\"> Para maior comodidade. Quer prefira desfrutar do seu pequeno-almo\u00e7o na privacidade do seu quarto antes de uma reuni\u00e3o matinal ou deseje relaxar com um lanche noturno ap\u00f3s regressar de uma excurs\u00e3o para observar a Aurora Boreal, a nossa equipa de servi\u00e7o de quartos garante uma entrega r\u00e1pida e de qualidade. Este servi\u00e7o estende a experi\u00eancia Grand Brasserie ao conforto do seu espa\u00e7o pessoal, mantendo os mesmos elevados padr\u00f5es de qualidade e apresenta\u00e7\u00e3o dos alimentos.<\/span><\/div><div class=\"qwen-markdown-space\">\u00a0<\/div><h2 class=\"qwen-markdown-heading\"><strong class=\"qwen-markdown-strong\"><span class=\"qwen-markdown-text\">Eventos e encontros privados<\/span><\/strong><\/h2><div class=\"qwen-markdown-paragraph\"><span class=\"qwen-markdown-text\">O restaurante e os espa\u00e7os de reuni\u00e3o anexos tamb\u00e9m podem ser utilizados para <\/span><strong class=\"qwen-markdown-strong\"><span class=\"qwen-markdown-text\">eventos privados e encontros corporativos<\/span><\/strong><span class=\"qwen-markdown-text\">. Seja para um jantar de neg\u00f3cios, uma celebra\u00e7\u00e3o ou uma pequena confer\u00eancia, nossa equipe de eventos pode personalizar menus e arranjos de mesas para atender \u00e0s suas necessidades espec\u00edficas. A combina\u00e7\u00e3o de servi\u00e7o profissional e gastronomia requintada faz do Grand H\u00f3tel Reykjav\u00edk um local privilegiado para receber convidados na regi\u00e3o da capital.<\/span><\/div><div class=\"qwen-markdown-space\">\u00a0<\/div><h2 class=\"qwen-markdown-heading\"><strong class=\"qwen-markdown-strong\"><span class=\"qwen-markdown-text\">Visite-nos em Sigt\u00fan 28<\/span><\/strong><\/h2><div class=\"qwen-markdown-paragraph\"><span class=\"qwen-markdown-text\">Para viajantes em busca de <\/span><strong class=\"qwen-markdown-strong\"><span class=\"qwen-markdown-text\">Restaurantes mais bem avaliados em Reykjavik<\/span><\/strong><span class=\"qwen-markdown-text\">, O Grand Brasserie do Grand H\u00f3tel Reykjav\u00edk oferece uma experi\u00eancia memor\u00e1vel que combina arte culin\u00e1ria com genu\u00edna hospitalidade. Nossa localiza\u00e7\u00e3o em <\/span><strong class=\"qwen-markdown-strong\"><span class=\"qwen-markdown-text\">Laugardalur<\/span><\/strong><span class=\"qwen-markdown-text\"> Proporciona um ambiente tranquilo para as suas refei\u00e7\u00f5es, longe do ru\u00eddo do centro da cidade, mas com f\u00e1cil acesso a partir de todas as partes da capital. <\/span><\/div><div class=\"qwen-markdown-space\">\u00a0<\/div><div class=\"qwen-markdown-paragraph\" data-spm-anchor-id=\"a2ty_o01.29997173.0.i24.d85a5171GHG0Zx\"><span class=\"qwen-markdown-text\">Convidamos voc\u00ea a se juntar a n\u00f3s em <\/span><strong class=\"qwen-markdown-strong\"><span class=\"qwen-markdown-text\">Sigt\u00fan 28, Laugardalur, Reykjavik, Capital Region, 105, Isl\u00e2ndia<\/span><\/strong><span class=\"qwen-markdown-text\">, Venha conhecer e descobrir por que nosso restaurante \u00e9 um dos favoritos entre moradores locais e visitantes internacionais. No Grand H\u00f3tel Reykjav\u00edk, cada refei\u00e7\u00e3o \u00e9 uma oportunidade para saborear o melhor da Isl\u00e2ndia com todo o conforto de casa.<\/span><\/div>\t\t\t\t\t\t\t\t<\/div>\n\t\t\t\t\t<\/div>\n\t\t\t\t<\/div>\n\t\t\t\t<\/div>","protected":false},"excerpt":{"rendered":"<p>Culinary Excellence at Grand H\u00f3tel Reykjav\u00edk: The Grand Brasserie Experience A Taste of Iceland in the Heart of Laugardalur Dining at Grand H\u00f3tel Reykjav\u00edk is more than just a meal; it is a journey through the flavors of the North. Located at Sigt\u00fan 28, Laugardalur, Reykjavik, Capital Region, 105, Iceland, the hotel&#8217;s signature dining venue, [&hellip;]<\/p>\n","protected":false},"author":1,"featured_media":0,"parent":0,"menu_order":0,"comment_status":"closed","ping_status":"closed","template":"elementor_header_footer","meta":{"footnotes":""},"class_list":["post-612","page","type-page","status-publish","hentry","post-no-thumbnail"],"_links":{"self":[{"href":"https:\/\/hotelreykjavikgrand.com\/pt\/wp-json\/wp\/v2\/pages\/612","targetHints":{"allow":["GET"]}}],"collection":[{"href":"https:\/\/hotelreykjavikgrand.com\/pt\/wp-json\/wp\/v2\/pages"}],"about":[{"href":"https:\/\/hotelreykjavikgrand.com\/pt\/wp-json\/wp\/v2\/types\/page"}],"author":[{"embeddable":true,"href":"https:\/\/hotelreykjavikgrand.com\/pt\/wp-json\/wp\/v2\/users\/1"}],"replies":[{"embeddable":true,"href":"https:\/\/hotelreykjavikgrand.com\/pt\/wp-json\/wp\/v2\/comments?post=612"}],"version-history":[{"count":0,"href":"https:\/\/hotelreykjavikgrand.com\/pt\/wp-json\/wp\/v2\/pages\/612\/revisions"}],"wp:attachment":[{"href":"https:\/\/hotelreykjavikgrand.com\/pt\/wp-json\/wp\/v2\/media?parent=612"}],"curies":[{"name":"wp","href":"https:\/\/api.w.org\/{rel}","templated":true}]}}