{"id":2109,"date":"2021-03-26T08:35:58","date_gmt":"2021-03-26T08:35:58","guid":{"rendered":"http:\/\/localhost\/nuss\/?page_id=536"},"modified":"2026-03-20T06:28:56","modified_gmt":"2026-03-20T06:28:56","slug":"instalacoes-comerciais","status":"publish","type":"page","link":"https:\/\/hotelreykjavikgrand.com\/pt\/business-facilities\/","title":{"rendered":"Instala\u00e7\u00f5es comerciais"},"content":{"rendered":"<div data-elementor-type=\"wp-page\" data-elementor-id=\"2109\" class=\"elementor elementor-2109\">\n\t\t\t\t\t\t<section class=\"elementor-section elementor-top-section elementor-element elementor-element-bb2901b elementor-section-boxed elementor-section-gap-beside-yes elementor-section-height-default elementor-section-height-default elementor-section-column-vertical-align-stretch\" data-id=\"bb2901b\" data-element_type=\"section\" data-e-type=\"section\">\n\t\t\t\t\t\t<div class=\"elementor-container elementor-column-gap-extended\">\n\t\t\t\t\t<div class=\"elementor-column elementor-col-100 elementor-top-column elementor-element elementor-element-1919db9\" data-id=\"1919db9\" data-element_type=\"column\" data-e-type=\"column\">\n\t\t\t<div class=\"elementor-widget-wrap elementor-element-populated\">\n\t\t\t\t\t\t<div class=\"elementor-element elementor-element-41a7b9c elementor-widget__width-initial elementor-invisible elementor-widget elementor-widget-text-editor\" data-id=\"41a7b9c\" data-element_type=\"widget\" data-e-type=\"widget\" data-settings=\"{&quot;_animation&quot;:&quot;nussFadeInUp&quot;}\" data-widget_type=\"text-editor.default\">\n\t\t\t\t\t\t\t\t\tInstala\u00e7\u00f5es empresariais Premier no Grand H\u00f3tel Reykjav\u00edk\t\t\t\t\t\t\t\t<\/div>\n\t\t\t\t\t<\/div>\n\t\t<\/div>\n\t\t\t\t\t<\/div>\n\t\t<\/section>\n\t\t<div class=\"elementor-element elementor-element-3486940 e-flex e-con-boxed e-con e-parent\" data-id=\"3486940\" data-element_type=\"container\" data-e-type=\"container\">\n\t\t\t\t\t<div class=\"e-con-inner\">\n\t\t\t\t<div class=\"elementor-element elementor-element-34b6fbf elementor-widget elementor-widget-nuss-image-gallery\" data-id=\"34b6fbf\" data-element_type=\"widget\" data-e-type=\"widget\" data-widget_type=\"nuss-image-gallery.default\">\n\t\t\t\t<div class=\"elementor-widget-container\">\n\t\t\t\t\t\t\t<div class=\"nuss-grid-wrapper\" data-grid=\"{&quot;type&quot;:&quot;grid&quot;,&quot;ratio&quot;:null,&quot;columns&quot;:3,&quot;gutter&quot;:30}\">\r\n\t\t\t<div class=\"nuss-grid lazy-grid\">\r\n\t\t\t\t<div class=\"grid-sizer\"><\/div>\r\n\r\n\t\t\t\t\t\t\t\t\t\t\t\t<div class=\"grid-item\">\r\n\t\t\t\t\t\t<div class=\"nuss-box\">\t\t<div class=\"nuss-image image\">\r\n\t\t\t<img decoding=\"async\"  src=\"https:\/\/hotelreykjavikgrand.com\/wp-content\/uploads\/2026\/03\/Grand-Hotel-Reykjavik-86.webp\" alt=\"Grand Hotel Reykjavik (86)\" \/>\t\t<\/div>\r\n\t\t\t\t<\/div>\t\t\t\t\t<\/div>\r\n\t\t\t\t\t\t<div class=\"grid-item\">\r\n\t\t\t\t\t\t<div class=\"nuss-box\">\t\t<div class=\"nuss-image image\">\r\n\t\t\t<img decoding=\"async\"  src=\"https:\/\/hotelreykjavikgrand.com\/wp-content\/uploads\/2026\/03\/Grand-Hotel-Reykjavik-85.webp\" alt=\"Grand Hotel Reykjavik (85)\" \/>\t\t<\/div>\r\n\t\t\t\t<\/div>\t\t\t\t\t<\/div>\r\n\t\t\t\t\t\t<div class=\"grid-item\">\r\n\t\t\t\t\t\t<div class=\"nuss-box\">\t\t<div class=\"nuss-image image\">\r\n\t\t\t<img decoding=\"async\"  src=\"https:\/\/hotelreykjavikgrand.com\/wp-content\/uploads\/2026\/03\/Grand-Hotel-Reykjavik-84.webp\" alt=\"Grand Hotel Reykjavik (84)\" \/>\t\t<\/div>\r\n\t\t\t\t<\/div>\t\t\t\t\t<\/div>\r\n\t\t\t\t\t\t<div class=\"grid-item\">\r\n\t\t\t\t\t\t<div class=\"nuss-box\">\t\t<div class=\"nuss-image image\">\r\n\t\t\t<img decoding=\"async\"  src=\"https:\/\/hotelreykjavikgrand.com\/wp-content\/uploads\/2026\/03\/Grand-Hotel-Reykjavik-83.webp\" alt=\"Grand Hotel Reykjavik (83)\" \/>\t\t<\/div>\r\n\t\t\t\t<\/div>\t\t\t\t\t<\/div>\r\n\t\t\t\t\t\t<div class=\"grid-item\">\r\n\t\t\t\t\t\t<div class=\"nuss-box\">\t\t<div class=\"nuss-image image\">\r\n\t\t\t<img decoding=\"async\"  src=\"https:\/\/hotelreykjavikgrand.com\/wp-content\/uploads\/2026\/03\/Grand-Hotel-Reykjavik-82.webp\" alt=\"Grand Hotel Reykjavik (82)\" \/>\t\t<\/div>\r\n\t\t\t\t<\/div>\t\t\t\t\t<\/div>\r\n\t\t\t\t\t\t<div class=\"grid-item\">\r\n\t\t\t\t\t\t<div class=\"nuss-box\">\t\t<div class=\"nuss-image image\">\r\n\t\t\t<img decoding=\"async\"  src=\"https:\/\/hotelreykjavikgrand.com\/wp-content\/uploads\/2026\/03\/Grand-Hotel-Reykjavik-81.webp\" alt=\"Grand Hotel Reykjavik (81)\" \/>\t\t<\/div>\r\n\t\t\t\t<\/div>\t\t\t\t\t<\/div>\r\n\t\t\t\t\t\t<div class=\"grid-item\">\r\n\t\t\t\t\t\t<div class=\"nuss-box\">\t\t<div class=\"nuss-image image\">\r\n\t\t\t<img decoding=\"async\"  src=\"https:\/\/hotelreykjavikgrand.com\/wp-content\/uploads\/2026\/03\/Grand-Hotel-Reykjavik-80.webp\" alt=\"Grand Hotel Reykjavik (80)\" \/>\t\t<\/div>\r\n\t\t\t\t<\/div>\t\t\t\t\t<\/div>\r\n\t\t\t\t\t\t<div class=\"grid-item\">\r\n\t\t\t\t\t\t<div class=\"nuss-box\">\t\t<div class=\"nuss-image image\">\r\n\t\t\t<img decoding=\"async\"  src=\"https:\/\/hotelreykjavikgrand.com\/wp-content\/uploads\/2026\/03\/Grand-Hotel-Reykjavik-79.webp\" alt=\"Grand Hotel Reykjavik (79)\" \/>\t\t<\/div>\r\n\t\t\t\t<\/div>\t\t\t\t\t<\/div>\r\n\t\t\t\t\t\t<div class=\"grid-item\">\r\n\t\t\t\t\t\t<div class=\"nuss-box\">\t\t<div class=\"nuss-image image\">\r\n\t\t\t<img decoding=\"async\"  src=\"https:\/\/hotelreykjavikgrand.com\/wp-content\/uploads\/2026\/03\/Grand-Hotel-Reykjavik-78.webp\" alt=\"Grand Hotel Reykjavik (78)\" \/>\t\t<\/div>\r\n\t\t\t\t<\/div>\t\t\t\t\t<\/div>\r\n\t\t\t\t\t\t<div class=\"grid-item\">\r\n\t\t\t\t\t\t<div class=\"nuss-box\">\t\t<div class=\"nuss-image image\">\r\n\t\t\t<img decoding=\"async\"  src=\"https:\/\/hotelreykjavikgrand.com\/wp-content\/uploads\/2026\/03\/Grand-Hotel-Reykjavik-77.webp\" alt=\"Grand Hotel Reykjavik (77)\" \/>\t\t<\/div>\r\n\t\t\t\t<\/div>\t\t\t\t\t<\/div>\r\n\t\t\t\t\t\t<div class=\"grid-item\">\r\n\t\t\t\t\t\t<div class=\"nuss-box\">\t\t<div class=\"nuss-image image\">\r\n\t\t\t<img decoding=\"async\"  src=\"https:\/\/hotelreykjavikgrand.com\/wp-content\/uploads\/2026\/03\/Grand-Hotel-Reykjavik-75.webp\" alt=\"Grand Hotel Reykjavik (75)\" \/>\t\t<\/div>\r\n\t\t\t\t<\/div>\t\t\t\t\t<\/div>\r\n\t\t\t\t\t\t<div class=\"grid-item\">\r\n\t\t\t\t\t\t<div class=\"nuss-box\">\t\t<div class=\"nuss-image image\">\r\n\t\t\t<img decoding=\"async\"  src=\"https:\/\/hotelreykjavikgrand.com\/wp-content\/uploads\/2026\/03\/Grand-Hotel-Reykjavik-74.webp\" alt=\"Grand Hotel Reykjavik (74)\" \/>\t\t<\/div>\r\n\t\t\t\t<\/div>\t\t\t\t\t<\/div>\r\n\t\t\t\t\t\t<div class=\"grid-item\">\r\n\t\t\t\t\t\t<div class=\"nuss-box\">\t\t<div class=\"nuss-image image\">\r\n\t\t\t<img decoding=\"async\"  src=\"https:\/\/hotelreykjavikgrand.com\/wp-content\/uploads\/2026\/03\/Grand-Hotel-Reykjavik-72.webp\" alt=\"Grand Hotel Reykjavik (72)\" \/>\t\t<\/div>\r\n\t\t\t\t<\/div>\t\t\t\t\t<\/div>\r\n\t\t\t\t\t\t<div class=\"grid-item\">\r\n\t\t\t\t\t\t<div class=\"nuss-box\">\t\t<div class=\"nuss-image image\">\r\n\t\t\t<img decoding=\"async\"  src=\"https:\/\/hotelreykjavikgrand.com\/wp-content\/uploads\/2026\/03\/Grand-Hotel-Reykjavik-70.webp\" alt=\"Grand Hotel Reykjavik (70)\" \/>\t\t<\/div>\r\n\t\t\t\t<\/div>\t\t\t\t\t<\/div>\r\n\t\t\t\t\t\t<div class=\"grid-item\">\r\n\t\t\t\t\t\t<div class=\"nuss-box\">\t\t<div class=\"nuss-image image\">\r\n\t\t\t<img decoding=\"async\"  src=\"https:\/\/hotelreykjavikgrand.com\/wp-content\/uploads\/2026\/03\/Grand-Hotel-Reykjavik-50.webp\" alt=\"Grand Hotel Reykjavik (50)\" \/>\t\t<\/div>\r\n\t\t\t\t<\/div>\t\t\t\t\t<\/div>\r\n\t\t\t\t\t\t\t\r\n\t\t\t<\/div>\r\n\t\t<\/div>\r\n\t\t\t\t\t\t<\/div>\n\t\t\t\t<\/div>\n\t\t\t\t\t<\/div>\n\t\t\t\t<\/div>\n\t\t<div class=\"elementor-element elementor-element-20bb3c3 e-flex e-con-boxed e-con e-parent\" data-id=\"20bb3c3\" data-element_type=\"container\" data-e-type=\"container\">\n\t\t\t\t\t<div class=\"e-con-inner\">\n\t\t\t\t<div class=\"elementor-element elementor-element-694e822 elementor-widget elementor-widget-text-editor\" data-id=\"694e822\" data-element_type=\"widget\" data-e-type=\"widget\" data-widget_type=\"text-editor.default\">\n\t\t\t\t\t\t\t\t\t<div class=\"qwen-markdown-paragraph\"><span class=\"qwen-markdown-text\" data-spm-anchor-id=\"a2ty_o01.29997173.0.i35.d85a5171GHG0Zx\">Para viajantes corporativos e organizadores de eventos que buscam um local sofisticado na Isl\u00e2ndia, <\/span><strong class=\"qwen-markdown-strong\"><span class=\"qwen-markdown-text\">Grand Hotel Reykjav\u00edk<\/span><\/strong><span class=\"qwen-markdown-text\"> Destaca-se como uma das principais op\u00e7\u00f5es para encontros profissionais e estadias executivas. Localizado em <\/span><strong class=\"qwen-markdown-strong\"><span class=\"qwen-markdown-text\">Sigt\u00fan 28, Laugardalur, Reykjavik, Capital Region, 105, Isl\u00e2ndia<\/span><\/strong><span class=\"qwen-markdown-text\">, Este hotel de 4 estrelas combina acessibilidade estrat\u00e9gica com um ambiente tranquilo, tornando-o o cen\u00e1rio ideal para produtividade, confer\u00eancias e networking empresarial. Seja para organizar uma confer\u00eancia de grande porte, uma reuni\u00e3o de diretoria mais intimista ou para dispor de um espa\u00e7o de trabalho totalmente equipado para uma viagem individual, o hotel oferece instala\u00e7\u00f5es empresariais completas, projetadas para atender \u00e0s demandas do mundo corporativo moderno.<\/span><\/div><div class=\"qwen-markdown-space\">\u00a0<\/div><h2 class=\"qwen-markdown-heading\"><strong class=\"qwen-markdown-strong\"><span class=\"qwen-markdown-text\">Espa\u00e7os vers\u00e1teis para reuni\u00f5es e confer\u00eancias<\/span><\/strong><\/h2><div class=\"qwen-markdown-paragraph\"><span class=\"qwen-markdown-text\">O Grand H\u00f3tel Reykjav\u00edk disp\u00f5e de uma variedade de salas de reuni\u00f5es e audit\u00f3rios flex\u00edveis, capazes de acomodar grupos de diversos tamanhos. Esses espa\u00e7os foram projetados com foco em est\u00e9tica e funcionalidade, proporcionando um ambiente neutro e inspirador para eventos corporativos. As instala\u00e7\u00f5es para confer\u00eancias s\u00e3o equipadas com tecnologia audiovisual de ponta, incluindo projetores de alta defini\u00e7\u00e3o, sistemas de som e internet de alta velocidade, garantindo apresenta\u00e7\u00f5es e videoconfer\u00eancias impec\u00e1veis. A luz natural inunda muitas das \u00e1reas de reuni\u00e3o, criando uma atmosfera energizante que estimula o foco e a colabora\u00e7\u00e3o. A equipe de eventos do hotel est\u00e1 \u00e0 disposi\u00e7\u00e3o para auxiliar na configura\u00e7\u00e3o das salas, assegurando que o espa\u00e7o atenda \u00e0s suas necessidades espec\u00edficas, desde assentos em estilo audit\u00f3rio para palestras at\u00e9 configura\u00e7\u00f5es de sala de reuni\u00f5es para discuss\u00f5es.<\/span><\/div><div class=\"qwen-markdown-space\">\u00a0<\/div><h2 class=\"qwen-markdown-heading\"><strong class=\"qwen-markdown-strong\"><span class=\"qwen-markdown-text\">Centro de Conectividade Avan\u00e7ada e Neg\u00f3cios<\/span><\/strong><\/h2><div class=\"qwen-markdown-paragraph\"><span class=\"qwen-markdown-text\">No cen\u00e1rio digital atual, uma conectividade confi\u00e1vel \u00e9 fundamental. O Grand H\u00f3tel Reykjav\u00edk oferece conectividade gratuita. <\/span><strong class=\"qwen-markdown-strong\"><span class=\"qwen-markdown-text\">Wi-Fi de alta velocidade<\/span><\/strong><span class=\"qwen-markdown-text\"> Em toda a propriedade, garantimos que os h\u00f3spedes permane\u00e7am conectados aos seus escrit\u00f3rios e clientes sem interrup\u00e7\u00f5es. Para aqueles que necessitam de suporte administrativo adicional, o hotel oferece servi\u00e7os de centro de neg\u00f3cios. Isso inclui acesso a impressoras, copiadoras e scanners, permitindo que os viajantes lidem com documentos importantes de forma eficiente. Os espa\u00e7os de trabalho dedicados dentro do hotel s\u00e3o projetados para minimizar distra\u00e7\u00f5es, proporcionando um ambiente tranquilo onde os executivos podem se concentrar em tarefas cr\u00edticas entre reuni\u00f5es.<\/span><\/div><div class=\"qwen-markdown-space\">\u00a0<\/div><h2 class=\"qwen-markdown-heading\"><strong class=\"qwen-markdown-strong\"><span class=\"qwen-markdown-text\">Acomoda\u00e7\u00f5es executivas para trabalho e descanso<\/span><\/strong><\/h2><div class=\"qwen-markdown-paragraph\"><span class=\"qwen-markdown-text\">Pensando nas necessidades dos viajantes a neg\u00f3cios, os quartos do Grand H\u00f3tel Reykjav\u00edk s\u00e3o projetados para servirem como escrit\u00f3rios pessoais quando necess\u00e1rio. Cada quarto disp\u00f5e de mesas de trabalho ergon\u00f4micas, ilumina\u00e7\u00e3o ampla e assentos confort\u00e1veis, criando um espa\u00e7o de trabalho produtivo. Comodidades como t\u00e1bua de passar roupa, cofres para guardar objetos de valor e documentos, e adaptadores de tomada atendem \u00e0s necessidades do viajante a neg\u00f3cios internacional. Ap\u00f3s um longo dia de trabalho, os h\u00f3spedes podem relaxar em quartos projetados para o m\u00e1ximo conforto, garantindo que estejam bem descansados para a agenda do dia seguinte. O isolamento ac\u00fastico e a localiza\u00e7\u00e3o tranquila em Laugardalur garantem uma noite de sono reparadora, livre do ru\u00eddo frequentemente associado aos hot\u00e9is do centro da cidade.<\/span><\/div><div class=\"qwen-markdown-space\">\u00a0<\/div><h2 class=\"qwen-markdown-heading\"><strong class=\"qwen-markdown-strong\"><span class=\"qwen-markdown-text\">Servi\u00e7os Corporativos e Catering<\/span><\/strong><\/h2><div class=\"qwen-markdown-paragraph\"><span class=\"qwen-markdown-text\">Um evento empresarial de sucesso depende de uma log\u00edstica impec\u00e1vel e de uma hospitalidade de qualidade. O Grand H\u00f3tel Reykjav\u00edk oferece servi\u00e7os de catering personalizados para reuni\u00f5es e confer\u00eancias, desde pausas para caf\u00e9 com doces frescos at\u00e9 almo\u00e7os e jantares de neg\u00f3cios completos servidos no restaurante. <\/span><strong class=\"qwen-markdown-strong\"><span class=\"qwen-markdown-text\">Grande Brasserie<\/span><\/strong><span class=\"qwen-markdown-text\">. A equipe culin\u00e1ria pode atender a restri\u00e7\u00f5es alimentares, garantindo que todos os participantes sejam bem atendidos. Al\u00e9m das op\u00e7\u00f5es gastron\u00f4micas, a recep\u00e7\u00e3o e a equipe de concierge do hotel, dispon\u00edveis 24 horas, oferecem suporte inestim\u00e1vel, auxiliando com c\u00e2mbio de moeda, organiza\u00e7\u00e3o de transporte e servi\u00e7o de traslado para o aeroporto. Para clientes que visitam o pa\u00eds vindos do exterior, o balc\u00e3o de turismo tamb\u00e9m pode organizar atividades de integra\u00e7\u00e3o de equipes ou excurs\u00f5es de lazer para explorar a paisagem singular da Isl\u00e2ndia, combinando neg\u00f3cios com experi\u00eancias memor\u00e1veis.<\/span><\/div><div class=\"qwen-markdown-space\">\u00a0<\/div><h2 class=\"qwen-markdown-heading\"><strong class=\"qwen-markdown-strong\"><span class=\"qwen-markdown-text\">Localiza\u00e7\u00e3o estrat\u00e9gica para viagens de neg\u00f3cios<\/span><\/strong><\/h2><div class=\"qwen-markdown-paragraph\"><span class=\"qwen-markdown-text\">O endere\u00e7o do hotel \u00e9 <\/span><strong class=\"qwen-markdown-strong\"><span class=\"qwen-markdown-text\">Sigt\u00fan 28<\/span><\/strong><span class=\"qwen-markdown-text\"> A localiza\u00e7\u00e3o privilegiada do hotel \u00e9 ideal para visitantes corporativos. Situado no vale de Laugardalur, o hotel fica pr\u00f3ximo a importantes centros comerciais e reparti\u00e7\u00f5es p\u00fablicas, oferecendo ainda f\u00e1cil acesso a... <\/span><strong class=\"qwen-markdown-strong\"><span class=\"qwen-markdown-text\">Aeroporto Internacional de Keflavik<\/span><\/strong><span class=\"qwen-markdown-text\"> Acesso pelas principais vias. A proximidade com o centro de Reykjav\u00edk permite deslocamentos r\u00e1pidos para escrit\u00f3rios de clientes ou eventos de networking no centro da cidade, enquanto a vegeta\u00e7\u00e3o ao redor proporciona um ref\u00fagio revigorante da agita\u00e7\u00e3o urbana. Estacionamento gratuito est\u00e1 dispon\u00edvel para quem aluga carro ou dirige at\u00e9 o local de reuni\u00f5es, oferecendo ainda mais comodidade para os visitantes a neg\u00f3cios.<\/span><\/div><div class=\"qwen-markdown-space\">\u00a0<\/div><div class=\"qwen-markdown-paragraph\" data-spm-anchor-id=\"a2ty_o01.29997173.0.i34.d85a5171GHG0Zx\"><span class=\"qwen-markdown-text\">Escolha o Grand H\u00f3tel Reykjav\u00edk para o seu pr\u00f3ximo evento corporativo ou viagem de neg\u00f3cios, onde a excel\u00eancia profissional encontra a hospitalidade islandesa. Com suas instala\u00e7\u00f5es empresariais robustas, servi\u00e7os de apoio dedicados e compromisso com o conforto, o hotel garante que seus objetivos profissionais sejam alcan\u00e7ados com efici\u00eancia e estilo.<\/span><\/div>\t\t\t\t\t\t\t\t<\/div>\n\t\t\t\t\t<\/div>\n\t\t\t\t<\/div>\n\t\t\t\t<\/div>","protected":false},"excerpt":{"rendered":"<p>Premier Business Facilities at Grand H\u00f3tel Reykjav\u00edk For corporate travelers and event planners seeking a sophisticated venue in Iceland, Grand H\u00f3tel Reykjav\u00edk stands out as a leading choice for professional gatherings and executive stays. Located at Sigt\u00fan 28, Laugardalur, Reykjavik, Capital Region, 105, Iceland, this 4-star hotel combines strategic accessibility with a tranquil environment, making [&hellip;]<\/p>\n","protected":false},"author":1,"featured_media":0,"parent":0,"menu_order":0,"comment_status":"closed","ping_status":"closed","template":"elementor_header_footer","meta":{"footnotes":""},"class_list":["post-2109","page","type-page","status-publish","hentry","post-no-thumbnail"],"_links":{"self":[{"href":"https:\/\/hotelreykjavikgrand.com\/pt\/wp-json\/wp\/v2\/pages\/2109","targetHints":{"allow":["GET"]}}],"collection":[{"href":"https:\/\/hotelreykjavikgrand.com\/pt\/wp-json\/wp\/v2\/pages"}],"about":[{"href":"https:\/\/hotelreykjavikgrand.com\/pt\/wp-json\/wp\/v2\/types\/page"}],"author":[{"embeddable":true,"href":"https:\/\/hotelreykjavikgrand.com\/pt\/wp-json\/wp\/v2\/users\/1"}],"replies":[{"embeddable":true,"href":"https:\/\/hotelreykjavikgrand.com\/pt\/wp-json\/wp\/v2\/comments?post=2109"}],"version-history":[{"count":0,"href":"https:\/\/hotelreykjavikgrand.com\/pt\/wp-json\/wp\/v2\/pages\/2109\/revisions"}],"wp:attachment":[{"href":"https:\/\/hotelreykjavikgrand.com\/pt\/wp-json\/wp\/v2\/media?parent=2109"}],"curies":[{"name":"wp","href":"https:\/\/api.w.org\/{rel}","templated":true}]}}