{"id":2104,"date":"2021-03-23T09:33:48","date_gmt":"2021-03-23T09:33:48","guid":{"rendered":"http:\/\/localhost\/nuss\/?page_id=167"},"modified":"2026-03-20T06:19:39","modified_gmt":"2026-03-20T06:19:39","slug":"nossa-historia","status":"publish","type":"page","link":"https:\/\/hotelreykjavikgrand.com\/pt\/our-story\/","title":{"rendered":"Nossa hist\u00f3ria"},"content":{"rendered":"<div data-elementor-type=\"wp-page\" data-elementor-id=\"2104\" class=\"elementor elementor-2104\">\n\t\t\t\t\t\t<section class=\"elementor-section elementor-top-section elementor-element elementor-element-8f5bb9d elementor-section-boxed elementor-section-gap-beside-yes elementor-section-height-default elementor-section-height-default elementor-section-column-vertical-align-stretch\" data-id=\"8f5bb9d\" data-element_type=\"section\" data-e-type=\"section\">\n\t\t\t\t\t\t<div class=\"elementor-container elementor-column-gap-extended\">\n\t\t\t\t\t<div class=\"elementor-column elementor-col-100 elementor-top-column elementor-element elementor-element-7ec4215\" data-id=\"7ec4215\" data-element_type=\"column\" data-e-type=\"column\">\n\t\t\t<div class=\"elementor-widget-wrap elementor-element-populated\">\n\t\t\t\t\t\t<div class=\"elementor-element elementor-element-edd9d03 elementor-widget__width-initial elementor-invisible elementor-widget elementor-widget-text-editor\" data-id=\"edd9d03\" data-element_type=\"widget\" data-e-type=\"widget\" data-settings=\"{&quot;_animation&quot;:&quot;nussFadeInUp&quot;}\" data-widget_type=\"text-editor.default\">\n\t\t\t\t\t\t\t\t\tNossa Hist\u00f3ria \u2013 Grand H\u00f3tel Reykjav\u00edk\t\t\t\t\t\t\t\t<\/div>\n\t\t\t\t\t<\/div>\n\t\t<\/div>\n\t\t\t\t\t<\/div>\n\t\t<\/section>\n\t\t<div class=\"elementor-element elementor-element-71f0c0f e-flex e-con-boxed e-con e-parent\" data-id=\"71f0c0f\" data-element_type=\"container\" data-e-type=\"container\">\n\t\t\t\t\t<div class=\"e-con-inner\">\n\t\t\t\t<div class=\"elementor-element elementor-element-c85ebc0 elementor-widget elementor-widget-image\" data-id=\"c85ebc0\" data-element_type=\"widget\" data-e-type=\"widget\" data-widget_type=\"image.default\">\n\t\t\t\t\t\t\t\t\t\t\t\t\t\t\t<img fetchpriority=\"high\" decoding=\"async\" width=\"1024\" height=\"682\" src=\"https:\/\/hotelreykjavikgrand.com\/wp-content\/uploads\/2026\/03\/Grand-Hotel-Reykjavik-99-1024x682.webp\" class=\"attachment-large size-large wp-image-5703\" alt=\"\" srcset=\"https:\/\/hotelreykjavikgrand.com\/wp-content\/uploads\/2026\/03\/Grand-Hotel-Reykjavik-99-1024x682.webp 1024w, https:\/\/hotelreykjavikgrand.com\/wp-content\/uploads\/2026\/03\/Grand-Hotel-Reykjavik-99-300x200.webp 300w, https:\/\/hotelreykjavikgrand.com\/wp-content\/uploads\/2026\/03\/Grand-Hotel-Reykjavik-99-768x512.webp 768w, https:\/\/hotelreykjavikgrand.com\/wp-content\/uploads\/2026\/03\/Grand-Hotel-Reykjavik-99.webp 1280w\" sizes=\"(max-width: 1024px) 100vw, 1024px\" \/>\t\t\t\t\t\t\t\t\t\t\t\t\t\t\t<\/div>\n\t\t\t\t\t<\/div>\n\t\t\t\t<\/div>\n\t\t<div class=\"elementor-element elementor-element-1b75651 e-flex e-con-boxed e-con e-parent\" data-id=\"1b75651\" data-element_type=\"container\" data-e-type=\"container\">\n\t\t\t\t\t<div class=\"e-con-inner\">\n\t\t\t\t<div class=\"elementor-element elementor-element-5b31ee8 elementor-widget elementor-widget-text-editor\" data-id=\"5b31ee8\" data-element_type=\"widget\" data-e-type=\"widget\" data-widget_type=\"text-editor.default\">\n\t\t\t\t\t\t\t\t\t<h2 class=\"qwen-markdown-heading\"><strong class=\"qwen-markdown-strong\"><span class=\"qwen-markdown-text\">Um legado de hospitalidade islandesa<\/span><\/strong><\/h2><div class=\"qwen-markdown-paragraph\"><span class=\"qwen-markdown-text\">Situada no sereno vale de Laugardalur, em <\/span><strong class=\"qwen-markdown-strong\"><span class=\"qwen-markdown-text\">Sigt\u00fan 28, Reykjavik, Regi\u00e3o da Capital, 105, Isl\u00e2ndia<\/span><\/strong><span class=\"qwen-markdown-text\">, O Grand H\u00f3tel Reykjav\u00edk \u00e9 um testemunho do esp\u00edrito duradouro da hospitalidade n\u00f3rdica. Nossa hist\u00f3ria come\u00e7a com uma vis\u00e3o simples, por\u00e9m poderosa: criar um lugar onde viajantes do mundo todo pudessem vivenciar o calor, o conforto e o charme aut\u00eantico que definem a cultura islandesa. O que come\u00e7ou como um sonho floresceu e se tornou um dos hot\u00e9is 4 estrelas mais queridos de Reykjav\u00edk, recebendo milhares de h\u00f3spedes todos os anos de bra\u00e7os abertos e com genu\u00edno carinho.<\/span><\/div><div class=\"qwen-markdown-space\">\u00a0<\/div><h2 class=\"qwen-markdown-heading\"><strong class=\"qwen-markdown-strong\"><span class=\"qwen-markdown-text\">Nossas Origens<\/span><\/strong><\/h2><div class=\"qwen-markdown-paragraph\"><span class=\"qwen-markdown-text\">O Grand H\u00f3tel Reykjav\u00edk foi fundado com a convic\u00e7\u00e3o de que todo viajante merece um lar longe de casa, seja a viagem a neg\u00f3cios, lazer ou aventura. A localiza\u00e7\u00e3o do hotel em Laugardalur foi cuidadosamente escolhida por seu equil\u00edbrio \u00fanico entre tranquilidade e acessibilidade. Este vale verdejante, conhecido como a maior \u00e1rea de lazer de Reykjav\u00edk, ofereceu o cen\u00e1rio perfeito para um hotel que valoriza a paz e a beleza natural, sem deixar de estar conectado ao ritmo vibrante da capital islandesa.<\/span><\/div><div class=\"qwen-markdown-space\">\u00a0<\/div><div class=\"qwen-markdown-paragraph\"><span class=\"qwen-markdown-text\">Desde os primeiros dias da constru\u00e7\u00e3o, a aten\u00e7\u00e3o aos detalhes e \u00e0 qualidade foram fundamentais. Os arquitetos e designers trabalharam em estreita colabora\u00e7\u00e3o com artes\u00e3os locais para incorporar elementos da heran\u00e7a islandesa \u00e0 est\u00e9tica do hotel. Materiais naturais, linhas simples e eleg\u00e2ncia funcional refletem a filosofia de design escandinava que tornou os interiores n\u00f3rdicos renomados em todo o mundo. Cada canto do Grand H\u00f3tel Reykjav\u00edk foi concebido com prop\u00f3sito, criando espa\u00e7os que transmitem sofistica\u00e7\u00e3o e acolhimento.<\/span><\/div><div class=\"qwen-markdown-space\">\u00a0<\/div><h2 class=\"qwen-markdown-heading\"><strong class=\"qwen-markdown-strong\"><span class=\"qwen-markdown-text\">Nossa vis\u00e3o<\/span><\/strong><\/h2><div class=\"qwen-markdown-paragraph\"><span class=\"qwen-markdown-text\">No Grand H\u00f3tel Reykjav\u00edk, nossa vis\u00e3o vai al\u00e9m de oferecer acomoda\u00e7\u00f5es confort\u00e1veis. Aspiramos ser uma porta de entrada para as maravilhas da Isl\u00e2ndia, um lugar onde mem\u00f3rias s\u00e3o criadas e onde cada h\u00f3spede parte com hist\u00f3rias para compartilhar. Acreditamos que viajar tem o poder de transformar, educar e inspirar. Nosso hotel serve como ponto de partida para in\u00fameras aventuras pela Terra do Fogo e do Gelo, desde caminhadas em geleiras e passeios para observar a Aurora Boreal at\u00e9 explora\u00e7\u00f5es culturais dos museus, galerias e s\u00edtios hist\u00f3ricos de Reykjav\u00edk.<\/span><\/div><div class=\"qwen-markdown-space\">\u00a0<\/div><div class=\"qwen-markdown-paragraph\"><span class=\"qwen-markdown-text\">Imaginamos um futuro onde sustentabilidade e hospitalidade caminhem juntas. Como guardi\u00f5es do precioso ambiente natural da Isl\u00e2ndia, estamos comprometidos em minimizar nossa pegada ecol\u00f3gica, ao mesmo tempo que maximizamos o conforto e a satisfa\u00e7\u00e3o de nossos h\u00f3spedes. Esse compromisso molda nossas opera\u00e7\u00f5es, desde sistemas energeticamente eficientes at\u00e9 parcerias com fornecedores locais que compartilham nossos valores.<\/span><\/div><div class=\"qwen-markdown-space\">\u00a0<\/div><h2 class=\"qwen-markdown-heading\"><strong class=\"qwen-markdown-strong\"><span class=\"qwen-markdown-text\">Nossos valores fundamentais<\/span><\/strong><\/h2><div class=\"qwen-markdown-paragraph\"><strong class=\"qwen-markdown-strong\"><span class=\"qwen-markdown-text\">Autenticidade<\/span><\/strong><span class=\"qwen-markdown-text\"> A autenticidade guia tudo o que fazemos. Orgulhamo-nos de apresentar a genu\u00edna cultura islandesa, desde os ingredientes de origem local em nossa Grand Brasserie at\u00e9 as recomenda\u00e7\u00f5es que nossa equipe de concierge oferece para explorar Reykjav\u00edk. Acreditamos que a autenticidade cria conex\u00f5es significativas entre nossos h\u00f3spedes e o destino que escolheram visitar.<\/span><\/div><div class=\"qwen-markdown-space\">\u00a0<\/div><div class=\"qwen-markdown-paragraph\"><strong class=\"qwen-markdown-strong\"><span class=\"qwen-markdown-text\">Excel\u00eancia<\/span><\/strong><span class=\"qwen-markdown-text\"> est\u00e1 intrinsecamente ligado ao nosso servi\u00e7o. Desde o momento da chegada dos h\u00f3spedes at\u00e9 a sua partida, nossa equipe se esfor\u00e7a para superar as expectativas em todos os aspectos. Entendemos que pequenos gestos \u2014 uma recep\u00e7\u00e3o calorosa, uma recomenda\u00e7\u00e3o atenciosa, uma refei\u00e7\u00e3o perfeitamente preparada \u2014 podem fazer toda a diferen\u00e7a na cria\u00e7\u00e3o de uma estadia memor\u00e1vel.<\/span><\/div><div class=\"qwen-markdown-space\">\u00a0<\/div><div class=\"qwen-markdown-paragraph\"><strong class=\"qwen-markdown-strong\"><span class=\"qwen-markdown-text\">Conforto<\/span><\/strong><span class=\"qwen-markdown-text\"> A qualidade de vida continua sendo o foco principal da experi\u00eancia dos nossos h\u00f3spedes. Nossos quartos espa\u00e7osos, mob\u00edlia de alta qualidade e comodidades completas s\u00e3o projetados para garantir noites de sono tranquilas e dias produtivos. Seja para viajantes que est\u00e3o se recuperando de longos voos ou se preparando para importantes reuni\u00f5es de neg\u00f3cios, oferecemos o ambiente ideal para que eles prosperem.<\/span><\/div><div class=\"qwen-markdown-space\">\u00a0<\/div><div class=\"qwen-markdown-paragraph\"><strong class=\"qwen-markdown-strong\"><span class=\"qwen-markdown-text\">Comunidade<\/span><\/strong><span class=\"qwen-markdown-text\"> Isso \u00e9 muito importante para n\u00f3s. O Grand H\u00f3tel Reykjav\u00edk \u00e9 mais do que um hotel; fazemos parte do bairro de Laugardalur e da comunidade de Reykjav\u00edk em geral. Apoiamos os neg\u00f3cios locais, empregamos moradores e contribu\u00edmos para iniciativas que melhoram a qualidade de vida em nossa cidade. Nosso sucesso est\u00e1 intrinsecamente ligado \u00e0 prosperidade da comunidade que chamamos de lar.<\/span><\/div><div class=\"qwen-markdown-space\">\u00a0<\/div><h2 class=\"qwen-markdown-heading\"><strong class=\"qwen-markdown-strong\"><span class=\"qwen-markdown-text\">A experi\u00eancia do Grand Hotel<\/span><\/strong><\/h2><div class=\"qwen-markdown-paragraph\"><span class=\"qwen-markdown-text\">O que diferencia o Grand H\u00f3tel Reykjav\u00edk \u00e9 o nosso compromisso inabal\u00e1vel com o atendimento personalizado. Entendemos que cada h\u00f3spede \u00e9 \u00fanico e, por isso, adaptamos nossa abordagem para atender \u00e0s necessidades individuais. Fam\u00edlias viajando com crian\u00e7as recebem aten\u00e7\u00e3o diferenciada em compara\u00e7\u00e3o com executivos em confer\u00eancias. Casais celebrando anivers\u00e1rios s\u00e3o tratados de forma diferente de aventureiros solit\u00e1rios explorando a Isl\u00e2ndia pela primeira vez. Essa abordagem personalizada nos rendeu h\u00f3spedes fi\u00e9is que retornam ano ap\u00f3s ano, recomendando-nos a amigos, familiares e colegas.<\/span><\/div><div class=\"qwen-markdown-space\">\u00a0<\/div><div class=\"qwen-markdown-paragraph\"><span class=\"qwen-markdown-text\">Nosso <\/span><strong class=\"qwen-markdown-strong\"><span class=\"qwen-markdown-text\">Grande Brasserie<\/span><\/strong><span class=\"qwen-markdown-text\"> Reflete nossa dedica\u00e7\u00e3o \u00e0 gastronomia de qualidade. Nossa equipe culin\u00e1ria trabalha com agricultores, pescadores e produtores locais para trazer os ingredientes islandeses mais frescos a cada prato. De pratos tradicionais que homenageiam a heran\u00e7a culin\u00e1ria da Isl\u00e2ndia a favoritos internacionais que agradam a diversos paladares, nosso card\u00e1pio conta uma hist\u00f3ria de lugar e paix\u00e3o.<\/span><\/div><div class=\"qwen-markdown-space\">\u00a0<\/div><div class=\"qwen-markdown-paragraph\"><span class=\"qwen-markdown-text\">O <\/span><strong class=\"qwen-markdown-strong\"><span class=\"qwen-markdown-text\">instala\u00e7\u00f5es de bem-estar<\/span><\/strong><span class=\"qwen-markdown-text\">, Nossos servi\u00e7os, incluindo academia e spa, refletem nossa cren\u00e7a de que viajar deve nutrir tanto o corpo quanto a mente. Ap\u00f3s dias repletos de explora\u00e7\u00e3o ou compromissos de neg\u00f3cios, os h\u00f3spedes merecem espa\u00e7os onde possam recarregar as energias e se revitalizar. Nossas op\u00e7\u00f5es de bem-estar proporcionam esse equil\u00edbrio essencial.<\/span><\/div><div class=\"qwen-markdown-space\">\u00a0<\/div><h2 class=\"qwen-markdown-heading\"><strong class=\"qwen-markdown-strong\"><span class=\"qwen-markdown-text\">Nossa equipe<\/span><\/strong><\/h2><div class=\"qwen-markdown-paragraph\"><span class=\"qwen-markdown-text\">O cora\u00e7\u00e3o do Grand H\u00f3tel Reykjav\u00edk pulsa atrav\u00e9s de nossa dedicada equipe. Nossos funcion\u00e1rios representam o melhor da hospitalidade islandesa: amig\u00e1veis, experientes e genuinamente comprometidos com a satisfa\u00e7\u00e3o dos h\u00f3spedes. Muitos membros da equipe est\u00e3o conosco h\u00e1 anos, criando uma sensa\u00e7\u00e3o de continuidade e familiaridade que os h\u00f3spedes que retornam apreciam. Investimos em treinamento e desenvolvimento cont\u00ednuos, garantindo que nossa equipe se mantenha atualizada com os padr\u00f5es do setor, preservando o toque pessoal que define nossa marca.<\/span><\/div><div class=\"qwen-markdown-space\">\u00a0<\/div><div class=\"qwen-markdown-paragraph\"><span class=\"qwen-markdown-text\">Nossa equipe multil\u00edngue garante que h\u00f3spedes do mundo todo se sintam compreendidos e acolhidos. Seja falando ingl\u00eas, island\u00eas, alem\u00e3o, franc\u00eas ou outros idiomas, nossos colaboradores superam as barreiras de comunica\u00e7\u00e3o para criar experi\u00eancias perfeitas.<\/span><\/div><div class=\"qwen-markdown-space\">\u00a0<\/div><h2 class=\"qwen-markdown-heading\"><strong class=\"qwen-markdown-strong\"><span class=\"qwen-markdown-text\">Nossa localiza\u00e7\u00e3o<\/span><\/strong><\/h2><div class=\"qwen-markdown-paragraph\"><span class=\"qwen-markdown-text\">O endere\u00e7o <\/span><strong class=\"qwen-markdown-strong\"><span class=\"qwen-markdown-text\">Sigt\u00fan 28, Laugardalur, Reykjavik, Capital Region, 105, Isl\u00e2ndia<\/span><\/strong><span class=\"qwen-markdown-text\"> Laugardalur \u00e9 mais do que uma localiza\u00e7\u00e3o; \u00e9 uma declara\u00e7\u00e3o de prop\u00f3sito. Representa a harmonia entre a vida urbana e a beleza natural que a Isl\u00e2ndia personifica. Os h\u00f3spedes podem caminhar at\u00e9 jardins bot\u00e2nicos, piscinas e parques, estando a poucos minutos das lojas, restaurantes e atra\u00e7\u00f5es culturais do centro de Reykjav\u00edk. Essa localiza\u00e7\u00e3o privilegiada nos permite oferecer tranquilidade sem isolamento, conveni\u00eancia sem caos.<\/span><\/div><div class=\"qwen-markdown-space\">\u00a0<\/div><h2 class=\"qwen-markdown-heading\"><strong class=\"qwen-markdown-strong\"><span class=\"qwen-markdown-text\">Esperando ansiosamente<\/span><\/strong><\/h2><div class=\"qwen-markdown-paragraph\"><span class=\"qwen-markdown-text\">Olhando para o futuro, o Grand H\u00f3tel Reykjav\u00edk mant\u00e9m o compromisso com a evolu\u00e7\u00e3o e o aprimoramento. Continuamos investindo em melhorias nas instala\u00e7\u00f5es, atualiza\u00e7\u00f5es tecnol\u00f3gicas e inova\u00e7\u00f5es nos servi\u00e7os, o que nos mant\u00e9m na vanguarda da hotelaria em Reykjav\u00edk. As iniciativas de sustentabilidade ser\u00e3o ampliadas, garantindo a prote\u00e7\u00e3o das maravilhas naturais que atraem visitantes \u00e0 Isl\u00e2ndia. O feedback dos h\u00f3spedes impulsiona nossas melhorias, pois ouvimos atentamente o que os viajantes valorizam e respondemos de acordo.<\/span><\/div><div class=\"qwen-markdown-space\">\u00a0<\/div><div class=\"qwen-markdown-paragraph\"><span class=\"qwen-markdown-text\">Nossa hist\u00f3ria ainda est\u00e1 sendo escrita, e convidamos todos os nossos h\u00f3spedes a fazerem parte dela. Seja sua primeira visita a Reykjav\u00edk ou seu retorno para mais uma aventura, o Grand H\u00f3tel Reykjav\u00edk est\u00e1 pronto para receb\u00ea-lo com a cordialidade, o profissionalismo e o cuidado que nos definem desde o in\u00edcio.<\/span><\/div><div class=\"qwen-markdown-space\">\u00a0<\/div><h2 class=\"qwen-markdown-heading\"><strong class=\"qwen-markdown-strong\"><span class=\"qwen-markdown-text\">Bem-vindos \u00e0 nossa fam\u00edlia!<\/span><\/strong><\/h2><div class=\"qwen-markdown-paragraph\" data-spm-anchor-id=\"a2ty_o01.29997173.0.i25.d85a5171GHG0Zx\"><span class=\"qwen-markdown-text\">Agradecemos por considerar o Grand H\u00f3tel Reykjav\u00edk para sua viagem \u00e0 Isl\u00e2ndia. Nossa hist\u00f3ria \u00e9 marcada por paix\u00e3o, dedica\u00e7\u00e3o e um compromisso inabal\u00e1vel com a excel\u00eancia em hospitalidade. Aguardamos ansiosamente a oportunidade de escrever o pr\u00f3ximo cap\u00edtulo com voc\u00ea como nosso h\u00f3spede de honra.<\/span><\/div>\t\t\t\t\t\t\t\t<\/div>\n\t\t\t\t\t<\/div>\n\t\t\t\t<\/div>\n\t\t\t\t<\/div>","protected":false},"excerpt":{"rendered":"<p>Our Story \u2013 Grand H\u00f3tel Reykjav\u00edk A Legacy of Icelandic Hospitality Nestled in the serene valley of Laugardalur at Sigt\u00fan 28, Reykjavik, Capital Region, 105, Iceland, Grand H\u00f3tel Reykjav\u00edk stands as a testament to the enduring spirit of Nordic hospitality. Our story begins with a simple yet powerful vision: to create a place where travelers [&hellip;]<\/p>\n","protected":false},"author":1,"featured_media":0,"parent":0,"menu_order":0,"comment_status":"closed","ping_status":"closed","template":"elementor_header_footer","meta":{"footnotes":""},"class_list":["post-2104","page","type-page","status-publish","hentry","post-no-thumbnail"],"_links":{"self":[{"href":"https:\/\/hotelreykjavikgrand.com\/pt\/wp-json\/wp\/v2\/pages\/2104","targetHints":{"allow":["GET"]}}],"collection":[{"href":"https:\/\/hotelreykjavikgrand.com\/pt\/wp-json\/wp\/v2\/pages"}],"about":[{"href":"https:\/\/hotelreykjavikgrand.com\/pt\/wp-json\/wp\/v2\/types\/page"}],"author":[{"embeddable":true,"href":"https:\/\/hotelreykjavikgrand.com\/pt\/wp-json\/wp\/v2\/users\/1"}],"replies":[{"embeddable":true,"href":"https:\/\/hotelreykjavikgrand.com\/pt\/wp-json\/wp\/v2\/comments?post=2104"}],"version-history":[{"count":0,"href":"https:\/\/hotelreykjavikgrand.com\/pt\/wp-json\/wp\/v2\/pages\/2104\/revisions"}],"wp:attachment":[{"href":"https:\/\/hotelreykjavikgrand.com\/pt\/wp-json\/wp\/v2\/media?parent=2104"}],"curies":[{"name":"wp","href":"https:\/\/api.w.org\/{rel}","templated":true}]}}