{"id":612,"date":"2021-03-26T10:04:13","date_gmt":"2021-03-26T10:04:13","guid":{"rendered":"http:\/\/localhost\/nuss\/?page_id=612"},"modified":"2026-03-20T05:18:35","modified_gmt":"2026-03-20T05:18:35","slug":"ristorante","status":"publish","type":"page","link":"https:\/\/hotelreykjavikgrand.com\/it\/restaurant\/","title":{"rendered":"Ristorante"},"content":{"rendered":"<div data-elementor-type=\"wp-page\" data-elementor-id=\"612\" class=\"elementor elementor-612\">\n\t\t\t\t\t\t<section class=\"elementor-section elementor-top-section elementor-element elementor-element-e2effe8 elementor-section-boxed elementor-section-gap-beside-yes elementor-section-height-default elementor-section-height-default elementor-section-column-vertical-align-stretch\" data-id=\"e2effe8\" data-element_type=\"section\" data-e-type=\"section\">\n\t\t\t\t\t\t<div class=\"elementor-container elementor-column-gap-extended\">\n\t\t\t\t\t<div class=\"elementor-column elementor-col-100 elementor-top-column elementor-element elementor-element-e18f688\" data-id=\"e18f688\" data-element_type=\"column\" data-e-type=\"column\">\n\t\t\t<div class=\"elementor-widget-wrap elementor-element-populated\">\n\t\t\t\t\t\t<div class=\"elementor-element elementor-element-6db146d elementor-widget__width-initial elementor-invisible elementor-widget elementor-widget-text-editor\" data-id=\"6db146d\" data-element_type=\"widget\" data-e-type=\"widget\" data-settings=\"{&quot;_animation&quot;:&quot;nussFadeInUp&quot;}\" data-widget_type=\"text-editor.default\">\n\t\t\t\t\t\t\t\t\tEccellenza culinaria al Grand H\u00f3tel Reykjav\u00edk: l&#039;esperienza della Grand Brasserie\t\t\t\t\t\t\t\t<\/div>\n\t\t\t\t\t<\/div>\n\t\t<\/div>\n\t\t\t\t\t<\/div>\n\t\t<\/section>\n\t\t<div class=\"elementor-element elementor-element-296ebd9 e-flex e-con-boxed e-con e-parent\" data-id=\"296ebd9\" data-element_type=\"container\" data-e-type=\"container\">\n\t\t\t\t\t<div class=\"e-con-inner\">\n\t\t\t\t<div class=\"elementor-element elementor-element-f624388 elementor-widget elementor-widget-nuss-image-gallery\" data-id=\"f624388\" data-element_type=\"widget\" data-e-type=\"widget\" data-widget_type=\"nuss-image-gallery.default\">\n\t\t\t\t<div class=\"elementor-widget-container\">\n\t\t\t\t\t\t\t<div class=\"nuss-grid-wrapper\" data-grid=\"{&quot;type&quot;:&quot;grid&quot;,&quot;ratio&quot;:null,&quot;columns&quot;:3,&quot;gutter&quot;:30}\">\r\n\t\t\t<div class=\"nuss-grid lazy-grid\">\r\n\t\t\t\t<div class=\"grid-sizer\"><\/div>\r\n\r\n\t\t\t\t\t\t\t\t\t\t\t\t<div class=\"grid-item\">\r\n\t\t\t\t\t\t<div class=\"nuss-box\">\t\t<div class=\"nuss-image image\">\r\n\t\t\t<img decoding=\"async\"  src=\"https:\/\/hotelreykjavikgrand.com\/wp-content\/uploads\/2026\/03\/Grand-Hotel-Reykjavik-123.webp\" alt=\"Grand Hotel Reykjavik (123)\" \/>\t\t<\/div>\r\n\t\t\t\t<\/div>\t\t\t\t\t<\/div>\r\n\t\t\t\t\t\t<div class=\"grid-item\">\r\n\t\t\t\t\t\t<div class=\"nuss-box\">\t\t<div class=\"nuss-image image\">\r\n\t\t\t<img decoding=\"async\"  src=\"https:\/\/hotelreykjavikgrand.com\/wp-content\/uploads\/2026\/03\/Grand-Hotel-Reykjavik-121.webp\" alt=\"Grand Hotel Reykjavik (121)\" \/>\t\t<\/div>\r\n\t\t\t\t<\/div>\t\t\t\t\t<\/div>\r\n\t\t\t\t\t\t<div class=\"grid-item\">\r\n\t\t\t\t\t\t<div class=\"nuss-box\">\t\t<div class=\"nuss-image image\">\r\n\t\t\t<img decoding=\"async\"  src=\"https:\/\/hotelreykjavikgrand.com\/wp-content\/uploads\/2026\/03\/Grand-Hotel-Reykjavik-120.webp\" alt=\"Grand Hotel Reykjavik (120)\" \/>\t\t<\/div>\r\n\t\t\t\t<\/div>\t\t\t\t\t<\/div>\r\n\t\t\t\t\t\t<div class=\"grid-item\">\r\n\t\t\t\t\t\t<div class=\"nuss-box\">\t\t<div class=\"nuss-image image\">\r\n\t\t\t<img decoding=\"async\"  src=\"https:\/\/hotelreykjavikgrand.com\/wp-content\/uploads\/2026\/03\/Grand-Hotel-Reykjavik-119.webp\" alt=\"Grand Hotel Reykjavik (119)\" \/>\t\t<\/div>\r\n\t\t\t\t<\/div>\t\t\t\t\t<\/div>\r\n\t\t\t\t\t\t<div class=\"grid-item\">\r\n\t\t\t\t\t\t<div class=\"nuss-box\">\t\t<div class=\"nuss-image image\">\r\n\t\t\t<img decoding=\"async\"  src=\"https:\/\/hotelreykjavikgrand.com\/wp-content\/uploads\/2026\/03\/Grand-Hotel-Reykjavik-118.webp\" alt=\"Grand Hotel Reykjavik (118)\" \/>\t\t<\/div>\r\n\t\t\t\t<\/div>\t\t\t\t\t<\/div>\r\n\t\t\t\t\t\t<div class=\"grid-item\">\r\n\t\t\t\t\t\t<div class=\"nuss-box\">\t\t<div class=\"nuss-image image\">\r\n\t\t\t<img decoding=\"async\"  src=\"https:\/\/hotelreykjavikgrand.com\/wp-content\/uploads\/2026\/03\/Grand-Hotel-Reykjavik-117.webp\" alt=\"Grand Hotel Reykjavik (117)\" \/>\t\t<\/div>\r\n\t\t\t\t<\/div>\t\t\t\t\t<\/div>\r\n\t\t\t\t\t\t<div class=\"grid-item\">\r\n\t\t\t\t\t\t<div class=\"nuss-box\">\t\t<div class=\"nuss-image image\">\r\n\t\t\t<img decoding=\"async\"  src=\"https:\/\/hotelreykjavikgrand.com\/wp-content\/uploads\/2026\/03\/Grand-Hotel-Reykjavik-115.webp\" alt=\"Grand Hotel Reykjavik (115)\" \/>\t\t<\/div>\r\n\t\t\t\t<\/div>\t\t\t\t\t<\/div>\r\n\t\t\t\t\t\t<div class=\"grid-item\">\r\n\t\t\t\t\t\t<div class=\"nuss-box\">\t\t<div class=\"nuss-image image\">\r\n\t\t\t<img decoding=\"async\"  src=\"https:\/\/hotelreykjavikgrand.com\/wp-content\/uploads\/2026\/03\/Grand-Hotel-Reykjavik-114.webp\" alt=\"Grand Hotel Reykjavik (114)\" \/>\t\t<\/div>\r\n\t\t\t\t<\/div>\t\t\t\t\t<\/div>\r\n\t\t\t\t\t\t<div class=\"grid-item\">\r\n\t\t\t\t\t\t<div class=\"nuss-box\">\t\t<div class=\"nuss-image image\">\r\n\t\t\t<img decoding=\"async\"  src=\"https:\/\/hotelreykjavikgrand.com\/wp-content\/uploads\/2026\/03\/Grand-Hotel-Reykjavik-113.webp\" alt=\"Grand Hotel Reykjavik (113)\" \/>\t\t<\/div>\r\n\t\t\t\t<\/div>\t\t\t\t\t<\/div>\r\n\t\t\t\t\t\t<div class=\"grid-item\">\r\n\t\t\t\t\t\t<div class=\"nuss-box\">\t\t<div class=\"nuss-image image\">\r\n\t\t\t<img decoding=\"async\"  src=\"https:\/\/hotelreykjavikgrand.com\/wp-content\/uploads\/2026\/03\/Grand-Hotel-Reykjavik-112.webp\" alt=\"Grand Hotel Reykjavik (112)\" \/>\t\t<\/div>\r\n\t\t\t\t<\/div>\t\t\t\t\t<\/div>\r\n\t\t\t\t\t\t<div class=\"grid-item\">\r\n\t\t\t\t\t\t<div class=\"nuss-box\">\t\t<div class=\"nuss-image image\">\r\n\t\t\t<img decoding=\"async\"  src=\"https:\/\/hotelreykjavikgrand.com\/wp-content\/uploads\/2026\/03\/Grand-Hotel-Reykjavik-101.webp\" alt=\"Grand Hotel Reykjavik (101)\" \/>\t\t<\/div>\r\n\t\t\t\t<\/div>\t\t\t\t\t<\/div>\r\n\t\t\t\t\t\t<div class=\"grid-item\">\r\n\t\t\t\t\t\t<div class=\"nuss-box\">\t\t<div class=\"nuss-image image\">\r\n\t\t\t<img decoding=\"async\"  src=\"https:\/\/hotelreykjavikgrand.com\/wp-content\/uploads\/2026\/03\/Grand-Hotel-Reykjavik-104.webp\" alt=\"Grand Hotel Reykjavik (104)\" \/>\t\t<\/div>\r\n\t\t\t\t<\/div>\t\t\t\t\t<\/div>\r\n\t\t\t\t\t\t<div class=\"grid-item\">\r\n\t\t\t\t\t\t<div class=\"nuss-box\">\t\t<div class=\"nuss-image image\">\r\n\t\t\t<img decoding=\"async\"  src=\"https:\/\/hotelreykjavikgrand.com\/wp-content\/uploads\/2026\/03\/Grand-Hotel-Reykjavik-91.webp\" alt=\"Grand Hotel Reykjavik (91)\" \/>\t\t<\/div>\r\n\t\t\t\t<\/div>\t\t\t\t\t<\/div>\r\n\t\t\t\t\t\t<div class=\"grid-item\">\r\n\t\t\t\t\t\t<div class=\"nuss-box\">\t\t<div class=\"nuss-image image\">\r\n\t\t\t<img decoding=\"async\"  src=\"https:\/\/hotelreykjavikgrand.com\/wp-content\/uploads\/2026\/03\/Grand-Hotel-Reykjavik-87.webp\" alt=\"Grand Hotel Reykjavik (87)\" \/>\t\t<\/div>\r\n\t\t\t\t<\/div>\t\t\t\t\t<\/div>\r\n\t\t\t\t\t\t<div class=\"grid-item\">\r\n\t\t\t\t\t\t<div class=\"nuss-box\">\t\t<div class=\"nuss-image image\">\r\n\t\t\t<img decoding=\"async\"  src=\"https:\/\/hotelreykjavikgrand.com\/wp-content\/uploads\/2026\/03\/Grand-Hotel-Reykjavik-71.webp\" alt=\"Grand Hotel Reykjavik (71)\" \/>\t\t<\/div>\r\n\t\t\t\t<\/div>\t\t\t\t\t<\/div>\r\n\t\t\t\t\t\t<div class=\"grid-item\">\r\n\t\t\t\t\t\t<div class=\"nuss-box\">\t\t<div class=\"nuss-image image\">\r\n\t\t\t<img decoding=\"async\"  src=\"https:\/\/hotelreykjavikgrand.com\/wp-content\/uploads\/2026\/03\/Grand-Hotel-Reykjavik-106.webp\" alt=\"Grand Hotel Reykjavik (106)\" \/>\t\t<\/div>\r\n\t\t\t\t<\/div>\t\t\t\t\t<\/div>\r\n\t\t\t\t\t\t<div class=\"grid-item\">\r\n\t\t\t\t\t\t<div class=\"nuss-box\">\t\t<div class=\"nuss-image image\">\r\n\t\t\t<img decoding=\"async\"  src=\"https:\/\/hotelreykjavikgrand.com\/wp-content\/uploads\/2026\/03\/Grand-Hotel-Reykjavik-122.webp\" alt=\"Grand Hotel Reykjavik (122)\" \/>\t\t<\/div>\r\n\t\t\t\t<\/div>\t\t\t\t\t<\/div>\r\n\t\t\t\t\t\t<div class=\"grid-item\">\r\n\t\t\t\t\t\t<div class=\"nuss-box\">\t\t<div class=\"nuss-image image\">\r\n\t\t\t<img decoding=\"async\"  src=\"https:\/\/hotelreykjavikgrand.com\/wp-content\/uploads\/2026\/03\/Grand-Hotel-Reykjavik-116.webp\" alt=\"Grand Hotel Reykjavik (116)\" \/>\t\t<\/div>\r\n\t\t\t\t<\/div>\t\t\t\t\t<\/div>\r\n\t\t\t\t\t\t\t\r\n\t\t\t<\/div>\r\n\t\t<\/div>\r\n\t\t\t\t\t\t<\/div>\n\t\t\t\t<\/div>\n\t\t\t\t\t<\/div>\n\t\t\t\t<\/div>\n\t\t<div class=\"elementor-element elementor-element-cc31cc8 e-flex e-con-boxed e-con e-parent\" data-id=\"cc31cc8\" data-element_type=\"container\" data-e-type=\"container\">\n\t\t\t\t\t<div class=\"e-con-inner\">\n\t\t\t\t<div class=\"elementor-element elementor-element-1c23a33 elementor-widget elementor-widget-text-editor\" data-id=\"1c23a33\" data-element_type=\"widget\" data-e-type=\"widget\" data-widget_type=\"text-editor.default\">\n\t\t\t\t\t\t\t\t\t<h2 class=\"qwen-markdown-heading\"><strong class=\"qwen-markdown-strong\"><span class=\"qwen-markdown-text\" data-spm-anchor-id=\"a2ty_o01.29997173.0.i23.d85a5171GHG0Zx\">Un assaggio d&#039;Islanda nel cuore di Laugardalur<\/span><\/strong><\/h2><div class=\"qwen-markdown-paragraph\"><span class=\"qwen-markdown-text\" data-spm-anchor-id=\"a2ty_o01.29997173.0.i22.d85a5171GHG0Zx\">Cenare a <\/span><strong class=\"qwen-markdown-strong\"><span class=\"qwen-markdown-text\">Grand Hotel Reykjav\u00edk<\/span><\/strong><span class=\"qwen-markdown-text\" data-spm-anchor-id=\"a2ty_o01.29997173.0.i21.d85a5171GHG0Zx\"> \u00e8 pi\u00f9 di un semplice pasto; \u00e8 un viaggio attraverso i sapori del Nord. Situato a <\/span><strong class=\"qwen-markdown-strong\"><span class=\"qwen-markdown-text\">Sigt\u00fan 28, Laugardalur, Reykjavik, Regione della Capitale, 105, Islanda<\/span><\/strong><span class=\"qwen-markdown-text\">, il ristorante principale dell&#039;hotel, il <\/span><strong class=\"qwen-markdown-strong\"><span class=\"qwen-markdown-text\">Grande Brasserie<\/span><\/strong><span class=\"qwen-markdown-text\">, Il nostro ristorante offre a ospiti e visitatori un&#039;esperienza culinaria eccezionale, fondata su qualit\u00e0, tradizione e innovazione moderna. Che si tratti di iniziare la giornata con una ricca colazione, di gustare un pranzo di lavoro o di assaporare una cena rilassante dopo una giornata trascorsa ad esplorare le meraviglie dell&#039;Islanda, il nostro ristorante offre un&#039;atmosfera calda e accogliente che si integra perfettamente con il comfort raffinato dell&#039;hotel.<\/span><\/div><div class=\"qwen-markdown-space\">\u00a0<\/div><h2 class=\"qwen-markdown-heading\"><strong class=\"qwen-markdown-strong\"><span class=\"qwen-markdown-text\">Ingredienti freschi islandesi e maestria culinaria<\/span><\/strong><\/h2><div class=\"qwen-markdown-paragraph\"><span class=\"qwen-markdown-text\">Al centro del menu della Grand Brasserie c&#039;\u00e8 un profondo impegno nell&#039;utilizzo <\/span><strong class=\"qwen-markdown-strong\"><span class=\"qwen-markdown-text\">ingredienti islandesi freschi e di provenienza locale<\/span><\/strong><span class=\"qwen-markdown-text\">. I nostri chef executive lavorano a stretto contatto con agricoltori, pescatori e produttori locali per garantire che ogni piatto rifletta la purezza e la ricchezza delle risorse naturali islandesi. Dal salmerino artico all&#039;agnello, dai latticini alle verdure di stagione, gli ingredienti raccontano la storia della terra e del mare che ci circondano. Questo approccio &quot;dalla fattoria alla tavola&quot; non solo sostiene la comunit\u00e0 locale, ma garantisce anche agli ospiti di gustare sapori freschissimi durante il loro soggiorno. Il team culinario combina ricette tradizionali islandesi con tecniche internazionali, creando un menu al tempo stesso familiare e sorprendentemente innovativo.<\/span><\/div><div class=\"qwen-markdown-space\">\u00a0<\/div><h2 class=\"qwen-markdown-heading\"><strong class=\"qwen-markdown-strong\"><span class=\"qwen-markdown-text\">Opzioni di ristorazione disponibili tutto il giorno<\/span><\/strong><\/h2><div class=\"qwen-markdown-paragraph\"><span class=\"qwen-markdown-text\">La Grand Brasserie \u00e8 pensata per soddisfare le diverse esigenze dei viaggiatori moderni. Serviamo <\/span><strong class=\"qwen-markdown-strong\"><span class=\"qwen-markdown-text\">colazione, brunch, pranzo e cena tutti i giorni<\/span><\/strong><span class=\"qwen-markdown-text\">, garantendo che il cibo delizioso sia sempre disponibile quando ne hai bisogno. <\/span><\/div><div class=\"qwen-markdown-space\">\u00a0<\/div><div class=\"qwen-markdown-paragraph\"><strong class=\"qwen-markdown-strong\"><span class=\"qwen-markdown-text\">Colazione<\/span><\/strong><span class=\"qwen-markdown-text\"> Spesso gli ospiti lo indicano come un&#039;esperienza eccezionale. L&#039;ampio buffet offre una vasta gamma di pietanze calde e fredde, tra cui pasticcini appena sfornati, yogurt e skyr islandesi, salumi, formaggi, frutta e piatti a base di uova preparati al momento. \u00c8 il punto di partenza ideale per una giornata di visite turistiche o incontri di lavoro.<\/span><\/div><div class=\"qwen-markdown-space\">\u00a0<\/div><div class=\"qwen-markdown-paragraph\"><strong class=\"qwen-markdown-strong\"><span class=\"qwen-markdown-text\">Pranzo e cena<\/span><\/strong><span class=\"qwen-markdown-text\"> I men\u00f9 offrono una selezione raffinata di portate. Gli ospiti possono deliziarsi con le classiche specialit\u00e0 islandesi come zuppe sostanziose, piatti di pesce fresco e carni a cottura lenta, oltre a piatti internazionali apprezzati come pasta, bistecche e insalate. Il men\u00f9 cambia stagionalmente per rispecchiare i migliori prodotti disponibili durante l&#039;anno, garantendo che chi torna scopra sempre qualcosa di nuovo da gustare.<\/span><\/div><div class=\"qwen-markdown-space\">\u00a0<\/div><h2 class=\"qwen-markdown-heading\"><strong class=\"qwen-markdown-strong\"><span class=\"qwen-markdown-text\">Pasti inclusi per ogni ospite<\/span><\/strong><\/h2><div class=\"qwen-markdown-paragraph\"><span class=\"qwen-markdown-text\">Crediamo che un&#039;esperienza culinaria eccezionale debba essere accessibile a tutti. La Grand Brasserie \u00e8 orgogliosa di poter accogliere diverse tipologie di clienti. <\/span><strong class=\"qwen-markdown-strong\"><span class=\"qwen-markdown-text\">esigenze e preferenze alimentari<\/span><\/strong><span class=\"qwen-markdown-text\">. La nostra cucina \u00e8 ben attrezzata per preparare <\/span><strong class=\"qwen-markdown-strong\"><span class=\"qwen-markdown-text\">pasti vegetariani, vegani e senza glutine<\/span><\/strong><span class=\"qwen-markdown-text\"> senza compromettere il gusto o la presentazione. Gli ospiti con allergie specifiche o restrizioni dietetiche sono invitati a parlarne con il nostro personale, che sar\u00e0 lieto di guidarli nella scelta tra le opzioni del menu o di preparare piatti personalizzati. <\/span><\/div><div class=\"qwen-markdown-space\">\u00a0<\/div><div class=\"qwen-markdown-paragraph\"><span class=\"qwen-markdown-text\">Anche le famiglie sono accolte calorosamente. <\/span><strong class=\"qwen-markdown-strong\"><span class=\"qwen-markdown-text\">men\u00f9 per bambini<\/span><\/strong><span class=\"qwen-markdown-text\"> Offre porzioni e sapori adatti ai bambini, pensati per i palati pi\u00f9 piccoli, garantendo che cenare fuori rimanga un&#039;esperienza piacevole e senza stress sia per i genitori che per i figli. Sono disponibili seggioloni e rialzi per far sentire i pi\u00f9 piccoli a proprio agio a tavola.<\/span><\/div><div class=\"qwen-markdown-space\">\u00a0<\/div><h2 class=\"qwen-markdown-heading\"><strong class=\"qwen-markdown-strong\"><span class=\"qwen-markdown-text\">Relax davanti al camino<\/span><\/strong><\/h2><div class=\"qwen-markdown-paragraph\"><span class=\"qwen-markdown-text\">Oltre alla sala da pranzo principale, il Grand H\u00f3tel Reykjav\u00edk offre un&#039;accogliente <\/span><strong class=\"qwen-markdown-strong\"><span class=\"qwen-markdown-text\">zona bar e lounge<\/span><\/strong><span class=\"qwen-markdown-text\"> Con un accogliente camino al centro, questo spazio offre l&#039;ambiente perfetto per rilassarsi dopo una lunga giornata di viaggio o di lavoro. Gli ospiti possono gustare una selezione curata di vini, birre artigianali, liquori islandesi e cocktail d&#039;autore. La lounge offre anche snack leggeri e bevande, rendendola il luogo ideale per incontri informali o conversazioni tranquille. L&#039;atmosfera \u00e8 pensata per riflettere l&#039;hygge nordica, offrendo una sensazione di calore e relax essenziale durante i mesi pi\u00f9 freddi islandesi.<\/span><\/div><div class=\"qwen-markdown-space\">\u00a0<\/div><h2 class=\"qwen-markdown-heading\"><strong class=\"qwen-markdown-strong\"><span class=\"qwen-markdown-text\">Servizio in camera e servizi di convenienza<\/span><\/strong><\/h2><div class=\"qwen-markdown-paragraph\"><span class=\"qwen-markdown-text\">Comprendendo le esigenze dei nostri ospiti, il Grand H\u00f3tel Reykjav\u00edk offre <\/span><strong class=\"qwen-markdown-strong\"><span class=\"qwen-markdown-text\">servizio in camera<\/span><\/strong><span class=\"qwen-markdown-text\"> Per una maggiore comodit\u00e0. Che preferiate gustare la colazione nella privacy della vostra camera prima di un incontro mattutino o rilassarvi con uno spuntino a tarda notte dopo un&#039;escursione per ammirare l&#039;aurora boreale, il nostro servizio in camera garantisce consegne puntuali e di alta qualit\u00e0. Questo servizio estende l&#039;esperienza della Grand Brasserie al comfort del vostro spazio personale, mantenendo gli stessi elevati standard di qualit\u00e0 e presentazione dei piatti.<\/span><\/div><div class=\"qwen-markdown-space\">\u00a0<\/div><h2 class=\"qwen-markdown-heading\"><strong class=\"qwen-markdown-strong\"><span class=\"qwen-markdown-text\">Eventi e riunioni private<\/span><\/strong><\/h2><div class=\"qwen-markdown-paragraph\"><span class=\"qwen-markdown-text\">Il ristorante e gli spazi per riunioni annessi possono essere utilizzati anche per <\/span><strong class=\"qwen-markdown-strong\"><span class=\"qwen-markdown-text\">eventi privati e incontri aziendali<\/span><\/strong><span class=\"qwen-markdown-text\">. Che si tratti di una cena di lavoro, una festa o una piccola conferenza, il nostro team eventi pu\u00f2 personalizzare menu e disposizione dei posti a sedere in base alle vostre esigenze specifiche. La combinazione di un servizio professionale e di una cucina squisita rende il Grand H\u00f3tel Reykjav\u00edk una location privilegiata per ospitare eventi nella Regione della Capitale.<\/span><\/div><div class=\"qwen-markdown-space\">\u00a0<\/div><h2 class=\"qwen-markdown-heading\"><strong class=\"qwen-markdown-strong\"><span class=\"qwen-markdown-text\">Venite a trovarci in Sigt\u00fan 28<\/span><\/strong><\/h2><div class=\"qwen-markdown-paragraph\"><span class=\"qwen-markdown-text\">Per i viaggiatori che cercano <\/span><strong class=\"qwen-markdown-strong\"><span class=\"qwen-markdown-text\">I migliori ristoranti di Reykjavik<\/span><\/strong><span class=\"qwen-markdown-text\">, la Grand Brasserie del Grand H\u00f3tel Reykjav\u00edk offre un&#039;esperienza memorabile che unisce l&#039;arte culinaria all&#039;autentica ospitalit\u00e0. La nostra posizione a <\/span><strong class=\"qwen-markdown-strong\"><span class=\"qwen-markdown-text\">Laugardalur<\/span><\/strong><span class=\"qwen-markdown-text\"> Offre un ambiente tranquillo per i vostri pasti, lontano dal rumore del centro citt\u00e0 ma facilmente raggiungibile da ogni parte della capitale. <\/span><\/div><div class=\"qwen-markdown-space\">\u00a0<\/div><div class=\"qwen-markdown-paragraph\" data-spm-anchor-id=\"a2ty_o01.29997173.0.i24.d85a5171GHG0Zx\"><span class=\"qwen-markdown-text\">Vi invitiamo a unirvi a noi a <\/span><strong class=\"qwen-markdown-strong\"><span class=\"qwen-markdown-text\">Sigt\u00fan 28, Laugardalur, Reykjavik, Regione della Capitale, 105, Islanda<\/span><\/strong><span class=\"qwen-markdown-text\">, Scoprite perch\u00e9 il nostro ristorante \u00e8 uno dei preferiti sia dai residenti che dai turisti internazionali. Al Grand H\u00f3tel Reykjav\u00edk, ogni pasto \u00e8 un&#039;opportunit\u00e0 per assaporare il meglio dell&#039;Islanda godendo del comfort di casa.<\/span><\/div>\t\t\t\t\t\t\t\t<\/div>\n\t\t\t\t\t<\/div>\n\t\t\t\t<\/div>\n\t\t\t\t<\/div>","protected":false},"excerpt":{"rendered":"<p>Culinary Excellence at Grand H\u00f3tel Reykjav\u00edk: The Grand Brasserie Experience A Taste of Iceland in the Heart of Laugardalur Dining at Grand H\u00f3tel Reykjav\u00edk is more than just a meal; it is a journey through the flavors of the North. Located at Sigt\u00fan 28, Laugardalur, Reykjavik, Capital Region, 105, Iceland, the hotel&#8217;s signature dining venue, [&hellip;]<\/p>\n","protected":false},"author":1,"featured_media":0,"parent":0,"menu_order":0,"comment_status":"closed","ping_status":"closed","template":"elementor_header_footer","meta":{"footnotes":""},"class_list":["post-612","page","type-page","status-publish","hentry","post-no-thumbnail"],"_links":{"self":[{"href":"https:\/\/hotelreykjavikgrand.com\/it\/wp-json\/wp\/v2\/pages\/612","targetHints":{"allow":["GET"]}}],"collection":[{"href":"https:\/\/hotelreykjavikgrand.com\/it\/wp-json\/wp\/v2\/pages"}],"about":[{"href":"https:\/\/hotelreykjavikgrand.com\/it\/wp-json\/wp\/v2\/types\/page"}],"author":[{"embeddable":true,"href":"https:\/\/hotelreykjavikgrand.com\/it\/wp-json\/wp\/v2\/users\/1"}],"replies":[{"embeddable":true,"href":"https:\/\/hotelreykjavikgrand.com\/it\/wp-json\/wp\/v2\/comments?post=612"}],"version-history":[{"count":0,"href":"https:\/\/hotelreykjavikgrand.com\/it\/wp-json\/wp\/v2\/pages\/612\/revisions"}],"wp:attachment":[{"href":"https:\/\/hotelreykjavikgrand.com\/it\/wp-json\/wp\/v2\/media?parent=612"}],"curies":[{"name":"wp","href":"https:\/\/api.w.org\/{rel}","templated":true}]}}