{"id":2109,"date":"2021-03-26T08:35:58","date_gmt":"2021-03-26T08:35:58","guid":{"rendered":"http:\/\/localhost\/nuss\/?page_id=536"},"modified":"2026-03-20T06:28:56","modified_gmt":"2026-03-20T06:28:56","slug":"strutture-aziendali","status":"publish","type":"page","link":"https:\/\/hotelreykjavikgrand.com\/it\/business-facilities\/","title":{"rendered":"Strutture aziendali"},"content":{"rendered":"<div data-elementor-type=\"wp-page\" data-elementor-id=\"2109\" class=\"elementor elementor-2109\">\n\t\t\t\t\t\t<section class=\"elementor-section elementor-top-section elementor-element elementor-element-bb2901b elementor-section-boxed elementor-section-gap-beside-yes elementor-section-height-default elementor-section-height-default elementor-section-column-vertical-align-stretch\" data-id=\"bb2901b\" data-element_type=\"section\" data-e-type=\"section\">\n\t\t\t\t\t\t<div class=\"elementor-container elementor-column-gap-extended\">\n\t\t\t\t\t<div class=\"elementor-column elementor-col-100 elementor-top-column elementor-element elementor-element-1919db9\" data-id=\"1919db9\" data-element_type=\"column\" data-e-type=\"column\">\n\t\t\t<div class=\"elementor-widget-wrap elementor-element-populated\">\n\t\t\t\t\t\t<div class=\"elementor-element elementor-element-41a7b9c elementor-widget__width-initial elementor-invisible elementor-widget elementor-widget-text-editor\" data-id=\"41a7b9c\" data-element_type=\"widget\" data-e-type=\"widget\" data-settings=\"{&quot;_animation&quot;:&quot;nussFadeInUp&quot;}\" data-widget_type=\"text-editor.default\">\n\t\t\t\t\t\t\t\t\tServizi business di prima qualit\u00e0 al Grand H\u00f3tel Reykjav\u00edk\t\t\t\t\t\t\t\t<\/div>\n\t\t\t\t\t<\/div>\n\t\t<\/div>\n\t\t\t\t\t<\/div>\n\t\t<\/section>\n\t\t<div class=\"elementor-element elementor-element-3486940 e-flex e-con-boxed e-con e-parent\" data-id=\"3486940\" data-element_type=\"container\" data-e-type=\"container\">\n\t\t\t\t\t<div class=\"e-con-inner\">\n\t\t\t\t<div class=\"elementor-element elementor-element-34b6fbf elementor-widget elementor-widget-nuss-image-gallery\" data-id=\"34b6fbf\" data-element_type=\"widget\" data-e-type=\"widget\" data-widget_type=\"nuss-image-gallery.default\">\n\t\t\t\t<div class=\"elementor-widget-container\">\n\t\t\t\t\t\t\t<div class=\"nuss-grid-wrapper\" data-grid=\"{&quot;type&quot;:&quot;grid&quot;,&quot;ratio&quot;:null,&quot;columns&quot;:3,&quot;gutter&quot;:30}\">\r\n\t\t\t<div class=\"nuss-grid lazy-grid\">\r\n\t\t\t\t<div class=\"grid-sizer\"><\/div>\r\n\r\n\t\t\t\t\t\t\t\t\t\t\t\t<div class=\"grid-item\">\r\n\t\t\t\t\t\t<div class=\"nuss-box\">\t\t<div class=\"nuss-image image\">\r\n\t\t\t<img decoding=\"async\"  src=\"https:\/\/hotelreykjavikgrand.com\/wp-content\/uploads\/2026\/03\/Grand-Hotel-Reykjavik-86.webp\" alt=\"Grand Hotel Reykjavik (86)\" \/>\t\t<\/div>\r\n\t\t\t\t<\/div>\t\t\t\t\t<\/div>\r\n\t\t\t\t\t\t<div class=\"grid-item\">\r\n\t\t\t\t\t\t<div class=\"nuss-box\">\t\t<div class=\"nuss-image image\">\r\n\t\t\t<img decoding=\"async\"  src=\"https:\/\/hotelreykjavikgrand.com\/wp-content\/uploads\/2026\/03\/Grand-Hotel-Reykjavik-85.webp\" alt=\"Grand Hotel Reykjavik (85)\" \/>\t\t<\/div>\r\n\t\t\t\t<\/div>\t\t\t\t\t<\/div>\r\n\t\t\t\t\t\t<div class=\"grid-item\">\r\n\t\t\t\t\t\t<div class=\"nuss-box\">\t\t<div class=\"nuss-image image\">\r\n\t\t\t<img decoding=\"async\"  src=\"https:\/\/hotelreykjavikgrand.com\/wp-content\/uploads\/2026\/03\/Grand-Hotel-Reykjavik-84.webp\" alt=\"Grand Hotel Reykjavik (84)\" \/>\t\t<\/div>\r\n\t\t\t\t<\/div>\t\t\t\t\t<\/div>\r\n\t\t\t\t\t\t<div class=\"grid-item\">\r\n\t\t\t\t\t\t<div class=\"nuss-box\">\t\t<div class=\"nuss-image image\">\r\n\t\t\t<img decoding=\"async\"  src=\"https:\/\/hotelreykjavikgrand.com\/wp-content\/uploads\/2026\/03\/Grand-Hotel-Reykjavik-83.webp\" alt=\"Grand Hotel Reykjavik (83)\" \/>\t\t<\/div>\r\n\t\t\t\t<\/div>\t\t\t\t\t<\/div>\r\n\t\t\t\t\t\t<div class=\"grid-item\">\r\n\t\t\t\t\t\t<div class=\"nuss-box\">\t\t<div class=\"nuss-image image\">\r\n\t\t\t<img decoding=\"async\"  src=\"https:\/\/hotelreykjavikgrand.com\/wp-content\/uploads\/2026\/03\/Grand-Hotel-Reykjavik-82.webp\" alt=\"Grand Hotel Reykjavik (82)\" \/>\t\t<\/div>\r\n\t\t\t\t<\/div>\t\t\t\t\t<\/div>\r\n\t\t\t\t\t\t<div class=\"grid-item\">\r\n\t\t\t\t\t\t<div class=\"nuss-box\">\t\t<div class=\"nuss-image image\">\r\n\t\t\t<img decoding=\"async\"  src=\"https:\/\/hotelreykjavikgrand.com\/wp-content\/uploads\/2026\/03\/Grand-Hotel-Reykjavik-81.webp\" alt=\"Grand Hotel Reykjavik (81)\" \/>\t\t<\/div>\r\n\t\t\t\t<\/div>\t\t\t\t\t<\/div>\r\n\t\t\t\t\t\t<div class=\"grid-item\">\r\n\t\t\t\t\t\t<div class=\"nuss-box\">\t\t<div class=\"nuss-image image\">\r\n\t\t\t<img decoding=\"async\"  src=\"https:\/\/hotelreykjavikgrand.com\/wp-content\/uploads\/2026\/03\/Grand-Hotel-Reykjavik-80.webp\" alt=\"Grand Hotel Reykjavik (80)\" \/>\t\t<\/div>\r\n\t\t\t\t<\/div>\t\t\t\t\t<\/div>\r\n\t\t\t\t\t\t<div class=\"grid-item\">\r\n\t\t\t\t\t\t<div class=\"nuss-box\">\t\t<div class=\"nuss-image image\">\r\n\t\t\t<img decoding=\"async\"  src=\"https:\/\/hotelreykjavikgrand.com\/wp-content\/uploads\/2026\/03\/Grand-Hotel-Reykjavik-79.webp\" alt=\"Grand Hotel Reykjavik (79)\" \/>\t\t<\/div>\r\n\t\t\t\t<\/div>\t\t\t\t\t<\/div>\r\n\t\t\t\t\t\t<div class=\"grid-item\">\r\n\t\t\t\t\t\t<div class=\"nuss-box\">\t\t<div class=\"nuss-image image\">\r\n\t\t\t<img decoding=\"async\"  src=\"https:\/\/hotelreykjavikgrand.com\/wp-content\/uploads\/2026\/03\/Grand-Hotel-Reykjavik-78.webp\" alt=\"Grand Hotel Reykjavik (78)\" \/>\t\t<\/div>\r\n\t\t\t\t<\/div>\t\t\t\t\t<\/div>\r\n\t\t\t\t\t\t<div class=\"grid-item\">\r\n\t\t\t\t\t\t<div class=\"nuss-box\">\t\t<div class=\"nuss-image image\">\r\n\t\t\t<img decoding=\"async\"  src=\"https:\/\/hotelreykjavikgrand.com\/wp-content\/uploads\/2026\/03\/Grand-Hotel-Reykjavik-77.webp\" alt=\"Grand Hotel Reykjavik (77)\" \/>\t\t<\/div>\r\n\t\t\t\t<\/div>\t\t\t\t\t<\/div>\r\n\t\t\t\t\t\t<div class=\"grid-item\">\r\n\t\t\t\t\t\t<div class=\"nuss-box\">\t\t<div class=\"nuss-image image\">\r\n\t\t\t<img decoding=\"async\"  src=\"https:\/\/hotelreykjavikgrand.com\/wp-content\/uploads\/2026\/03\/Grand-Hotel-Reykjavik-75.webp\" alt=\"Grand Hotel Reykjavik (75)\" \/>\t\t<\/div>\r\n\t\t\t\t<\/div>\t\t\t\t\t<\/div>\r\n\t\t\t\t\t\t<div class=\"grid-item\">\r\n\t\t\t\t\t\t<div class=\"nuss-box\">\t\t<div class=\"nuss-image image\">\r\n\t\t\t<img decoding=\"async\"  src=\"https:\/\/hotelreykjavikgrand.com\/wp-content\/uploads\/2026\/03\/Grand-Hotel-Reykjavik-74.webp\" alt=\"Grand Hotel Reykjavik (74)\" \/>\t\t<\/div>\r\n\t\t\t\t<\/div>\t\t\t\t\t<\/div>\r\n\t\t\t\t\t\t<div class=\"grid-item\">\r\n\t\t\t\t\t\t<div class=\"nuss-box\">\t\t<div class=\"nuss-image image\">\r\n\t\t\t<img decoding=\"async\"  src=\"https:\/\/hotelreykjavikgrand.com\/wp-content\/uploads\/2026\/03\/Grand-Hotel-Reykjavik-72.webp\" alt=\"Grand Hotel Reykjavik (72)\" \/>\t\t<\/div>\r\n\t\t\t\t<\/div>\t\t\t\t\t<\/div>\r\n\t\t\t\t\t\t<div class=\"grid-item\">\r\n\t\t\t\t\t\t<div class=\"nuss-box\">\t\t<div class=\"nuss-image image\">\r\n\t\t\t<img decoding=\"async\"  src=\"https:\/\/hotelreykjavikgrand.com\/wp-content\/uploads\/2026\/03\/Grand-Hotel-Reykjavik-70.webp\" alt=\"Grand Hotel Reykjavik (70)\" \/>\t\t<\/div>\r\n\t\t\t\t<\/div>\t\t\t\t\t<\/div>\r\n\t\t\t\t\t\t<div class=\"grid-item\">\r\n\t\t\t\t\t\t<div class=\"nuss-box\">\t\t<div class=\"nuss-image image\">\r\n\t\t\t<img decoding=\"async\"  src=\"https:\/\/hotelreykjavikgrand.com\/wp-content\/uploads\/2026\/03\/Grand-Hotel-Reykjavik-50.webp\" alt=\"Grand Hotel Reykjavik (50)\" \/>\t\t<\/div>\r\n\t\t\t\t<\/div>\t\t\t\t\t<\/div>\r\n\t\t\t\t\t\t\t\r\n\t\t\t<\/div>\r\n\t\t<\/div>\r\n\t\t\t\t\t\t<\/div>\n\t\t\t\t<\/div>\n\t\t\t\t\t<\/div>\n\t\t\t\t<\/div>\n\t\t<div class=\"elementor-element elementor-element-20bb3c3 e-flex e-con-boxed e-con e-parent\" data-id=\"20bb3c3\" data-element_type=\"container\" data-e-type=\"container\">\n\t\t\t\t\t<div class=\"e-con-inner\">\n\t\t\t\t<div class=\"elementor-element elementor-element-694e822 elementor-widget elementor-widget-text-editor\" data-id=\"694e822\" data-element_type=\"widget\" data-e-type=\"widget\" data-widget_type=\"text-editor.default\">\n\t\t\t\t\t\t\t\t\t<div class=\"qwen-markdown-paragraph\"><span class=\"qwen-markdown-text\" data-spm-anchor-id=\"a2ty_o01.29997173.0.i35.d85a5171GHG0Zx\">Per i viaggiatori d&#039;affari e gli organizzatori di eventi che cercano una location sofisticata in Islanda, <\/span><strong class=\"qwen-markdown-strong\"><span class=\"qwen-markdown-text\">Grand Hotel Reykjav\u00edk<\/span><\/strong><span class=\"qwen-markdown-text\"> si distingue come scelta di punta per incontri professionali e soggiorni executive. Situato a <\/span><strong class=\"qwen-markdown-strong\"><span class=\"qwen-markdown-text\">Sigt\u00fan 28, Laugardalur, Reykjavik, Regione della Capitale, 105, Islanda<\/span><\/strong><span class=\"qwen-markdown-text\">, Questo hotel a 4 stelle coniuga una posizione strategica con un ambiente tranquillo, rendendolo il luogo ideale per la produttivit\u00e0, le conferenze e il networking aziendale. Che si tratti di organizzare un grande congresso, una riunione ristretta del consiglio di amministrazione o di aver bisogno di uno spazio di lavoro completamente attrezzato per un viaggio in solitaria, l&#039;hotel offre servizi business completi, pensati per soddisfare le esigenze del mondo aziendale moderno.<\/span><\/div><div class=\"qwen-markdown-space\">\u00a0<\/div><h2 class=\"qwen-markdown-heading\"><strong class=\"qwen-markdown-strong\"><span class=\"qwen-markdown-text\">Spazi versatili per riunioni e conferenze.<\/span><\/strong><\/h2><div class=\"qwen-markdown-paragraph\"><span class=\"qwen-markdown-text\">Il Grand H\u00f3tel Reykjav\u00edk offre una gamma di sale riunioni e sale conferenze flessibili, in grado di ospitare gruppi di diverse dimensioni. Questi spazi sono progettati con un&#039;attenzione particolare all&#039;estetica e alla funzionalit\u00e0, fornendo un ambiente neutro ma stimolante per eventi aziendali. Le sale conferenze sono dotate di tecnologie audiovisive all&#039;avanguardia, tra cui proiettori ad alta definizione, sistemi audio e connessione internet ad alta velocit\u00e0 per garantire presentazioni e videoconferenze impeccabili. La luce naturale inonda molte delle sale riunioni, creando un&#039;atmosfera energizzante che favorisce la concentrazione e la collaborazione. Il personale addetto agli eventi dell&#039;hotel \u00e8 a disposizione per assistere nell&#039;allestimento delle sale, assicurandosi che la configurazione soddisfi le esigenze specifiche, dai posti a sedere in stile teatro per le conferenze alle configurazioni a sala riunioni per le discussioni.<\/span><\/div><div class=\"qwen-markdown-space\">\u00a0<\/div><h2 class=\"qwen-markdown-heading\"><strong class=\"qwen-markdown-strong\"><span class=\"qwen-markdown-text\">Centro di connettivit\u00e0 e business avanzato<\/span><\/strong><\/h2><div class=\"qwen-markdown-paragraph\"><span class=\"qwen-markdown-text\">Nel panorama digitale odierno, una connettivit\u00e0 affidabile \u00e8 fondamentale. Il Grand H\u00f3tel Reykjav\u00edk offre gratuitamente <\/span><strong class=\"qwen-markdown-strong\"><span class=\"qwen-markdown-text\">Wi-Fi ad alta velocit\u00e0<\/span><\/strong><span class=\"qwen-markdown-text\"> In tutta la struttura, l&#039;hotel garantisce agli ospiti la possibilit\u00e0 di rimanere connessi con i propri uffici e clienti senza interruzioni. Per chi necessita di ulteriore supporto amministrativo, l&#039;hotel offre servizi di business center, tra cui l&#039;accesso a servizi di stampa, fotocopiatura e scansione, che consentono ai viaggiatori di gestire la documentazione essenziale in modo efficiente. Gli spazi di lavoro dedicati all&#039;interno dell&#039;hotel sono progettati per ridurre al minimo le distrazioni, offrendo un ambiente tranquillo in cui i dirigenti possono concentrarsi sulle attivit\u00e0 cruciali tra una riunione e l&#039;altra.<\/span><\/div><div class=\"qwen-markdown-space\">\u00a0<\/div><h2 class=\"qwen-markdown-heading\"><strong class=\"qwen-markdown-strong\"><span class=\"qwen-markdown-text\">Alloggi di lusso per lavoro e riposo<\/span><\/strong><\/h2><div class=\"qwen-markdown-paragraph\"><span class=\"qwen-markdown-text\">Comprendendo le esigenze dei viaggiatori d&#039;affari, le camere del Grand H\u00f3tel Reykjav\u00edk sono configurate per fungere da ufficio personale all&#039;occorrenza. Ogni camera \u00e8 dotata di scrivania ergonomica, illuminazione adeguata e comode sedute, creando uno spazio di lavoro produttivo in camera. Servizi come asse da stiro, cassaforte per custodire oggetti di valore e documenti e adattatori multipresa sono pensati per i viaggiatori d&#039;affari internazionali. Dopo una lunga giornata di lavoro, gli ospiti possono rilassarsi in camere progettate per il massimo comfort, assicurandosi un riposo adeguato per gli impegni del giorno successivo. L&#039;insonorizzazione e la posizione tranquilla a Laugardalur garantiscono un sonno tranquillo, lontano dal rumore spesso associato agli hotel del centro citt\u00e0.<\/span><\/div><div class=\"qwen-markdown-space\">\u00a0<\/div><h2 class=\"qwen-markdown-heading\"><strong class=\"qwen-markdown-strong\"><span class=\"qwen-markdown-text\">Servizi aziendali e catering<\/span><\/strong><\/h2><div class=\"qwen-markdown-paragraph\"><span class=\"qwen-markdown-text\">Un evento aziendale di successo si basa su una logistica impeccabile e un&#039;ospitalit\u00e0 di qualit\u00e0. Il Grand H\u00f3tel Reykjav\u00edk offre servizi di catering su misura per meeting e conferenze, che vanno da energizzanti pause caff\u00e8 con pasticcini freschi a pranzi e cene di lavoro completi serviti presso la sala conferenze. <\/span><strong class=\"qwen-markdown-strong\"><span class=\"qwen-markdown-text\">Grande Brasserie<\/span><\/strong><span class=\"qwen-markdown-text\">. Il team culinario \u00e8 in grado di soddisfare esigenze dietetiche specifiche, garantendo che tutti i partecipanti siano assistiti al meglio. Oltre alla ristorazione, la reception e il servizio concierge dell&#039;hotel, disponibili 24 ore su 24, offrono un supporto prezioso, assistendo con il cambio valuta, l&#039;organizzazione dei trasporti e il servizio navetta da e per l&#039;aeroporto. Per i clienti provenienti dall&#039;estero, il banco escursioni pu\u00f2 anche organizzare attivit\u00e0 di team building o gite di piacere per esplorare il paesaggio unico dell&#039;Islanda, coniugando affari ed esperienze memorabili.<\/span><\/div><div class=\"qwen-markdown-space\">\u00a0<\/div><h2 class=\"qwen-markdown-heading\"><strong class=\"qwen-markdown-strong\"><span class=\"qwen-markdown-text\">Posizione strategica per i viaggi d&#039;affari<\/span><\/strong><\/h2><div class=\"qwen-markdown-paragraph\"><span class=\"qwen-markdown-text\">L&#039;indirizzo dell&#039;hotel \u00e8 <\/span><strong class=\"qwen-markdown-strong\"><span class=\"qwen-markdown-text\">Sigt\u00fan 28<\/span><\/strong><span class=\"qwen-markdown-text\"> lo colloca in una posizione privilegiata per i visitatori aziendali. Situato nella valle di Laugardalur, l&#039;hotel \u00e8 vicino ai principali distretti commerciali e agli uffici governativi, offrendo al contempo un facile accesso a <\/span><strong class=\"qwen-markdown-strong\"><span class=\"qwen-markdown-text\">Aeroporto Internazionale di Keflavik<\/span><\/strong><span class=\"qwen-markdown-text\"> Grazie alle principali arterie stradali, la vicinanza al centro di Reykjav\u00edk consente di raggiungere rapidamente gli uffici dei clienti o gli eventi di networking in centro citt\u00e0, mentre il verde circostante offre una piacevole oasi di tranquillit\u00e0 lontano dal trambusto urbano. Il parcheggio gratuito \u00e8 disponibile per chi noleggia un&#039;auto o arriva in auto dagli incontri di lavoro, offrendo un ulteriore vantaggio per gli ospiti in viaggio d&#039;affari.<\/span><\/div><div class=\"qwen-markdown-space\">\u00a0<\/div><div class=\"qwen-markdown-paragraph\" data-spm-anchor-id=\"a2ty_o01.29997173.0.i34.d85a5171GHG0Zx\"><span class=\"qwen-markdown-text\">Scegliete il Grand H\u00f3tel Reykjav\u00edk per il vostro prossimo evento aziendale o viaggio d&#039;affari, dove l&#039;eccellenza professionale incontra l&#039;ospitalit\u00e0 islandese. Grazie alle sue solide strutture per il business, ai servizi di supporto dedicati e all&#039;attenzione al comfort, l&#039;hotel garantisce il raggiungimento dei vostri obiettivi professionali con efficienza ed eleganza.<\/span><\/div>\t\t\t\t\t\t\t\t<\/div>\n\t\t\t\t\t<\/div>\n\t\t\t\t<\/div>\n\t\t\t\t<\/div>","protected":false},"excerpt":{"rendered":"<p>Premier Business Facilities at Grand H\u00f3tel Reykjav\u00edk For corporate travelers and event planners seeking a sophisticated venue in Iceland, Grand H\u00f3tel Reykjav\u00edk stands out as a leading choice for professional gatherings and executive stays. Located at Sigt\u00fan 28, Laugardalur, Reykjavik, Capital Region, 105, Iceland, this 4-star hotel combines strategic accessibility with a tranquil environment, making [&hellip;]<\/p>\n","protected":false},"author":1,"featured_media":0,"parent":0,"menu_order":0,"comment_status":"closed","ping_status":"closed","template":"elementor_header_footer","meta":{"footnotes":""},"class_list":["post-2109","page","type-page","status-publish","hentry","post-no-thumbnail"],"_links":{"self":[{"href":"https:\/\/hotelreykjavikgrand.com\/it\/wp-json\/wp\/v2\/pages\/2109","targetHints":{"allow":["GET"]}}],"collection":[{"href":"https:\/\/hotelreykjavikgrand.com\/it\/wp-json\/wp\/v2\/pages"}],"about":[{"href":"https:\/\/hotelreykjavikgrand.com\/it\/wp-json\/wp\/v2\/types\/page"}],"author":[{"embeddable":true,"href":"https:\/\/hotelreykjavikgrand.com\/it\/wp-json\/wp\/v2\/users\/1"}],"replies":[{"embeddable":true,"href":"https:\/\/hotelreykjavikgrand.com\/it\/wp-json\/wp\/v2\/comments?post=2109"}],"version-history":[{"count":0,"href":"https:\/\/hotelreykjavikgrand.com\/it\/wp-json\/wp\/v2\/pages\/2109\/revisions"}],"wp:attachment":[{"href":"https:\/\/hotelreykjavikgrand.com\/it\/wp-json\/wp\/v2\/media?parent=2109"}],"curies":[{"name":"wp","href":"https:\/\/api.w.org\/{rel}","templated":true}]}}