{"id":2104,"date":"2021-03-23T09:33:48","date_gmt":"2021-03-23T09:33:48","guid":{"rendered":"http:\/\/localhost\/nuss\/?page_id=167"},"modified":"2026-03-20T06:19:39","modified_gmt":"2026-03-20T06:19:39","slug":"la-nostra-storia","status":"publish","type":"page","link":"https:\/\/hotelreykjavikgrand.com\/it\/our-story\/","title":{"rendered":"La nostra storia"},"content":{"rendered":"<div data-elementor-type=\"wp-page\" data-elementor-id=\"2104\" class=\"elementor elementor-2104\">\n\t\t\t\t\t\t<section class=\"elementor-section elementor-top-section elementor-element elementor-element-8f5bb9d elementor-section-boxed elementor-section-gap-beside-yes elementor-section-height-default elementor-section-height-default elementor-section-column-vertical-align-stretch\" data-id=\"8f5bb9d\" data-element_type=\"section\" data-e-type=\"section\">\n\t\t\t\t\t\t<div class=\"elementor-container elementor-column-gap-extended\">\n\t\t\t\t\t<div class=\"elementor-column elementor-col-100 elementor-top-column elementor-element elementor-element-7ec4215\" data-id=\"7ec4215\" data-element_type=\"column\" data-e-type=\"column\">\n\t\t\t<div class=\"elementor-widget-wrap elementor-element-populated\">\n\t\t\t\t\t\t<div class=\"elementor-element elementor-element-edd9d03 elementor-widget__width-initial elementor-invisible elementor-widget elementor-widget-text-editor\" data-id=\"edd9d03\" data-element_type=\"widget\" data-e-type=\"widget\" data-settings=\"{&quot;_animation&quot;:&quot;nussFadeInUp&quot;}\" data-widget_type=\"text-editor.default\">\n\t\t\t\t\t\t\t\t\tLa nostra storia \u2013 Grand Hotel Reykjav\u00edk\t\t\t\t\t\t\t\t<\/div>\n\t\t\t\t\t<\/div>\n\t\t<\/div>\n\t\t\t\t\t<\/div>\n\t\t<\/section>\n\t\t<div class=\"elementor-element elementor-element-71f0c0f e-flex e-con-boxed e-con e-parent\" data-id=\"71f0c0f\" data-element_type=\"container\" data-e-type=\"container\">\n\t\t\t\t\t<div class=\"e-con-inner\">\n\t\t\t\t<div class=\"elementor-element elementor-element-c85ebc0 elementor-widget elementor-widget-image\" data-id=\"c85ebc0\" data-element_type=\"widget\" data-e-type=\"widget\" data-widget_type=\"image.default\">\n\t\t\t\t\t\t\t\t\t\t\t\t\t\t\t<img fetchpriority=\"high\" decoding=\"async\" width=\"1024\" height=\"682\" src=\"https:\/\/hotelreykjavikgrand.com\/wp-content\/uploads\/2026\/03\/Grand-Hotel-Reykjavik-99-1024x682.webp\" class=\"attachment-large size-large wp-image-5703\" alt=\"\" srcset=\"https:\/\/hotelreykjavikgrand.com\/wp-content\/uploads\/2026\/03\/Grand-Hotel-Reykjavik-99-1024x682.webp 1024w, https:\/\/hotelreykjavikgrand.com\/wp-content\/uploads\/2026\/03\/Grand-Hotel-Reykjavik-99-300x200.webp 300w, https:\/\/hotelreykjavikgrand.com\/wp-content\/uploads\/2026\/03\/Grand-Hotel-Reykjavik-99-768x512.webp 768w, https:\/\/hotelreykjavikgrand.com\/wp-content\/uploads\/2026\/03\/Grand-Hotel-Reykjavik-99.webp 1280w\" sizes=\"(max-width: 1024px) 100vw, 1024px\" \/>\t\t\t\t\t\t\t\t\t\t\t\t\t\t\t<\/div>\n\t\t\t\t\t<\/div>\n\t\t\t\t<\/div>\n\t\t<div class=\"elementor-element elementor-element-1b75651 e-flex e-con-boxed e-con e-parent\" data-id=\"1b75651\" data-element_type=\"container\" data-e-type=\"container\">\n\t\t\t\t\t<div class=\"e-con-inner\">\n\t\t\t\t<div class=\"elementor-element elementor-element-5b31ee8 elementor-widget elementor-widget-text-editor\" data-id=\"5b31ee8\" data-element_type=\"widget\" data-e-type=\"widget\" data-widget_type=\"text-editor.default\">\n\t\t\t\t\t\t\t\t\t<h2 class=\"qwen-markdown-heading\"><strong class=\"qwen-markdown-strong\"><span class=\"qwen-markdown-text\">Un&#039;eredit\u00e0 di ospitalit\u00e0 islandese<\/span><\/strong><\/h2><div class=\"qwen-markdown-paragraph\"><span class=\"qwen-markdown-text\">Immerso nella serena valle di Laugardalur a <\/span><strong class=\"qwen-markdown-strong\"><span class=\"qwen-markdown-text\">Sigt\u00fan 28, Reykjavik, Regione della Capitale, 105, Islanda<\/span><\/strong><span class=\"qwen-markdown-text\">, Il Grand H\u00f3tel Reykjav\u00edk \u00e8 una testimonianza dello spirito intramontabile dell&#039;ospitalit\u00e0 nordica. La nostra storia inizia con una visione semplice ma potente: creare un luogo dove i viaggiatori di tutto il mondo possano sperimentare il calore, il comfort e l&#039;autentico fascino che caratterizzano la cultura islandese. Quello che \u00e8 iniziato come un sogno si \u00e8 trasformato in uno degli hotel a 4 stelle pi\u00f9 amati di Reykjav\u00edk, che accoglie ogni anno migliaia di ospiti a braccia aperte e con sincera attenzione.<\/span><\/div><div class=\"qwen-markdown-space\">\u00a0<\/div><h2 class=\"qwen-markdown-heading\"><strong class=\"qwen-markdown-strong\"><span class=\"qwen-markdown-text\">Le nostre origini<\/span><\/strong><\/h2><div class=\"qwen-markdown-paragraph\"><span class=\"qwen-markdown-text\">Il Grand H\u00f3tel Reykjav\u00edk \u00e8 nato dalla convinzione che ogni viaggiatore meriti di sentirsi a casa, indipendentemente dal fatto che sia in viaggio per affari, per piacere o per avventura. La posizione dell&#039;hotel a Laugardalur \u00e8 stata scelta con cura per il suo equilibrio unico tra tranquillit\u00e0 e accessibilit\u00e0. Questa verde vallata, nota come la pi\u00f9 grande area ricreativa di Reykjav\u00edk, offriva la cornice perfetta per un hotel che valorizza la pace e la bellezza naturale, pur rimanendo connesso al vibrante dinamismo della capitale islandese.<\/span><\/div><div class=\"qwen-markdown-space\">\u00a0<\/div><div class=\"qwen-markdown-paragraph\"><span class=\"qwen-markdown-text\">Fin dalle prime fasi della costruzione, la cura dei dettagli e la qualit\u00e0 sono state prioritarie. Architetti e designer hanno lavorato a stretto contatto con artigiani locali per integrare elementi del patrimonio islandese nell&#039;estetica dell&#039;hotel. Materiali naturali, linee pulite ed eleganza funzionale riflettono la filosofia del design scandinavo che ha reso gli interni nordici famosi in tutto il mondo. Ogni angolo del Grand H\u00f3tel Reykjav\u00edk \u00e8 stato progettato con cura, creando spazi che risultano al contempo sofisticati e accoglienti.<\/span><\/div><div class=\"qwen-markdown-space\">\u00a0<\/div><h2 class=\"qwen-markdown-heading\"><strong class=\"qwen-markdown-strong\"><span class=\"qwen-markdown-text\">La nostra visione<\/span><\/strong><\/h2><div class=\"qwen-markdown-paragraph\"><span class=\"qwen-markdown-text\">Al Grand H\u00f3tel Reykjav\u00edk, la nostra visione va oltre il semplice offrire sistemazioni confortevoli. Aspiriamo a essere una porta d&#039;accesso alle meraviglie dell&#039;Islanda, un luogo dove si creano ricordi indimenticabili e dove ogni ospite pu\u00f2 ripartire con storie da raccontare. Crediamo che viaggiare abbia il potere di trasformare, educare e ispirare. Il nostro hotel \u00e8 il punto di partenza ideale per innumerevoli avventure nella Terra del Fuoco e del Ghiaccio, dalle escursioni sui ghiacciai e i tour per ammirare l&#039;aurora boreale alle esplorazioni culturali dei musei, delle gallerie e dei siti storici di Reykjav\u00edk.<\/span><\/div><div class=\"qwen-markdown-space\">\u00a0<\/div><div class=\"qwen-markdown-paragraph\"><span class=\"qwen-markdown-text\">Immaginiamo un futuro in cui sostenibilit\u00e0 e ospitalit\u00e0 vadano di pari passo. In qualit\u00e0 di custodi del prezioso ambiente naturale islandese, ci impegniamo a ridurre al minimo il nostro impatto ambientale, massimizzando al contempo il comfort e la soddisfazione dei nostri ospiti. Questo impegno guida ogni nostra attivit\u00e0, dai sistemi a basso consumo energetico alle partnership con fornitori locali che condividono i nostri valori.<\/span><\/div><div class=\"qwen-markdown-space\">\u00a0<\/div><h2 class=\"qwen-markdown-heading\"><strong class=\"qwen-markdown-strong\"><span class=\"qwen-markdown-text\">I nostri valori fondamentali<\/span><\/strong><\/h2><div class=\"qwen-markdown-paragraph\"><strong class=\"qwen-markdown-strong\"><span class=\"qwen-markdown-text\">Autenticit\u00e0<\/span><\/strong><span class=\"qwen-markdown-text\"> Questo principio guida ogni nostra azione. Siamo orgogliosi di presentare l&#039;autentica cultura islandese, dagli ingredienti locali utilizzati nella nostra Grand Brasserie ai consigli che il nostro team di concierge fornisce per esplorare Reykjav\u00edk. Crediamo che l&#039;autenticit\u00e0 crei un legame profondo tra i nostri ospiti e la destinazione che hanno scelto di visitare.<\/span><\/div><div class=\"qwen-markdown-space\">\u00a0<\/div><div class=\"qwen-markdown-paragraph\"><strong class=\"qwen-markdown-strong\"><span class=\"qwen-markdown-text\">Eccellenza<\/span><\/strong><span class=\"qwen-markdown-text\"> \u00c8 parte integrante del nostro servizio. Dal momento del loro arrivo fino alla partenza, il nostro team si impegna a superare le aspettative in ogni occasione. Sappiamo che i piccoli gesti \u2013 un caloroso benvenuto, un consiglio premuroso, un pasto preparato alla perfezione \u2013 possono fare la differenza e rendere il soggiorno indimenticabile.<\/span><\/div><div class=\"qwen-markdown-space\">\u00a0<\/div><div class=\"qwen-markdown-paragraph\"><strong class=\"qwen-markdown-strong\"><span class=\"qwen-markdown-text\">Comfort<\/span><\/strong><span class=\"qwen-markdown-text\"> Il comfort rimane al centro dell&#039;esperienza dei nostri ospiti. Le nostre camere spaziose, gli arredi di qualit\u00e0 e i servizi completi sono pensati per garantire notti riposanti e giornate produttive. Che i viaggiatori si stiano riprendendo da lunghi voli o si stiano preparando per importanti incontri di lavoro, offriamo l&#039;ambiente ideale per dare il meglio di s\u00e9.<\/span><\/div><div class=\"qwen-markdown-space\">\u00a0<\/div><div class=\"qwen-markdown-paragraph\"><strong class=\"qwen-markdown-strong\"><span class=\"qwen-markdown-text\">Comunit\u00e0<\/span><\/strong><span class=\"qwen-markdown-text\"> Per noi \u00e8 di fondamentale importanza. Il Grand H\u00f3tel Reykjav\u00edk \u00e8 pi\u00f9 di un semplice hotel; siamo parte integrante del quartiere di Laugardalur e della pi\u00f9 ampia comunit\u00e0 di Reykjav\u00edk. Supportiamo le attivit\u00e0 commerciali locali, diamo lavoro ai residenti e contribuiamo a iniziative che migliorano la qualit\u00e0 della vita nella nostra citt\u00e0. Il nostro successo \u00e8 indissolubilmente legato alla prosperit\u00e0 della comunit\u00e0 che chiamiamo casa.<\/span><\/div><div class=\"qwen-markdown-space\">\u00a0<\/div><h2 class=\"qwen-markdown-heading\"><strong class=\"qwen-markdown-strong\"><span class=\"qwen-markdown-text\">L&#039;esperienza del Grand Hotel<\/span><\/strong><\/h2><div class=\"qwen-markdown-paragraph\"><span class=\"qwen-markdown-text\">Ci\u00f2 che contraddistingue il Grand H\u00f3tel Reykjav\u00edk \u00e8 il nostro impegno costante per un servizio personalizzato. Sappiamo che ogni ospite \u00e8 unico e adattiamo il nostro approccio alle esigenze individuali. Le famiglie con bambini ricevono un&#039;attenzione diversa rispetto ai dirigenti d&#039;azienda che partecipano a conferenze. Le coppie che festeggiano un anniversario vengono trattate in modo diverso rispetto ai viaggiatori solitari che esplorano l&#039;Islanda per la prima volta. Questo approccio personalizzato ci ha permesso di fidelizzare i nostri ospiti, che tornano anno dopo anno e ci raccomandano ad amici, familiari e colleghi.<\/span><\/div><div class=\"qwen-markdown-space\">\u00a0<\/div><div class=\"qwen-markdown-paragraph\"><span class=\"qwen-markdown-text\">Nostro <\/span><strong class=\"qwen-markdown-strong\"><span class=\"qwen-markdown-text\">Grande Brasserie<\/span><\/strong><span class=\"qwen-markdown-text\"> Il nostro men\u00f9 riflette la nostra dedizione alla qualit\u00e0 culinaria. Il team di chef collabora con agricoltori, pescatori e produttori locali per portare in ogni piatto gli ingredienti islandesi pi\u00f9 freschi. Dai piatti tradizionali che onorano il patrimonio culinario islandese ai classici internazionali che soddisfano i palati pi\u00f9 diversi, il nostro men\u00f9 racconta una storia di territorio e passione.<\/span><\/div><div class=\"qwen-markdown-space\">\u00a0<\/div><div class=\"qwen-markdown-paragraph\"><span class=\"qwen-markdown-text\">IL <\/span><strong class=\"qwen-markdown-strong\"><span class=\"qwen-markdown-text\">strutture per il benessere<\/span><\/strong><span class=\"qwen-markdown-text\">, I nostri servizi, inclusi il centro fitness e la spa, rispecchiano la nostra convinzione che il viaggio debba nutrire sia il corpo che la mente. Dopo giornate ricche di esplorazione o impegni di lavoro, i nostri ospiti meritano spazi in cui potersi ricaricare e rigenerare. La nostra offerta benessere fornisce proprio questo equilibrio essenziale.<\/span><\/div><div class=\"qwen-markdown-space\">\u00a0<\/div><h2 class=\"qwen-markdown-heading\"><strong class=\"qwen-markdown-strong\"><span class=\"qwen-markdown-text\">Il nostro team<\/span><\/strong><\/h2><div class=\"qwen-markdown-paragraph\"><span class=\"qwen-markdown-text\">Il cuore pulsante del Grand H\u00f3tel Reykjav\u00edk risiede nei membri del nostro team, persone dedicate e appassionate. Il nostro staff incarna il meglio dell&#039;ospitalit\u00e0 islandese: cordiale, competente e sinceramente impegnato nella soddisfazione degli ospiti. Molti di loro lavorano con noi da anni, creando un senso di continuit\u00e0 e familiarit\u00e0 che gli ospiti abituali apprezzano. Investiamo nella formazione e nello sviluppo continuo, garantendo che il nostro team rimanga sempre aggiornato sugli standard del settore, pur mantenendo quel tocco personale che contraddistingue il nostro marchio.<\/span><\/div><div class=\"qwen-markdown-space\">\u00a0<\/div><div class=\"qwen-markdown-paragraph\"><span class=\"qwen-markdown-text\">La presenza di personale multilingue garantisce che gli ospiti provenienti da tutto il mondo si sentano compresi e benvenuti. Che parlino inglese, islandese, tedesco, francese o altre lingue, il nostro team supera le barriere comunicative per offrire esperienze impeccabili.<\/span><\/div><div class=\"qwen-markdown-space\">\u00a0<\/div><h2 class=\"qwen-markdown-heading\"><strong class=\"qwen-markdown-strong\"><span class=\"qwen-markdown-text\">La nostra sede<\/span><\/strong><\/h2><div class=\"qwen-markdown-paragraph\"><span class=\"qwen-markdown-text\">L&#039;indirizzo <\/span><strong class=\"qwen-markdown-strong\"><span class=\"qwen-markdown-text\">Sigt\u00fan 28, Laugardalur, Reykjavik, Regione della Capitale, 105, Islanda<\/span><\/strong><span class=\"qwen-markdown-text\"> Laugardalur \u00e8 pi\u00f9 di una semplice location; \u00e8 una dichiarazione d&#039;intenti. Rappresenta l&#039;armonia tra vita urbana e bellezza naturale che l&#039;Islanda incarna. Gli ospiti possono raggiungere a piedi giardini botanici, piscine e parchi, pur rimanendo a pochi minuti dai negozi, ristoranti e attrazioni culturali del centro di Reykjav\u00edk. Questa posizione unica ci permette di offrire tranquillit\u00e0 senza isolamento, comodit\u00e0 senza caos.<\/span><\/div><div class=\"qwen-markdown-space\">\u00a0<\/div><h2 class=\"qwen-markdown-heading\"><strong class=\"qwen-markdown-strong\"><span class=\"qwen-markdown-text\">In attesa<\/span><\/strong><\/h2><div class=\"qwen-markdown-paragraph\"><span class=\"qwen-markdown-text\">Guardando al futuro, il Grand H\u00f3tel Reykjav\u00edk rimane fedele al suo impegno per l&#039;evoluzione e il miglioramento. Continuiamo a investire nel miglioramento della struttura, nell&#039;aggiornamento tecnologico e nell&#039;innovazione dei servizi, per rimanere all&#039;avanguardia nel panorama alberghiero di Reykjav\u00edk. Le iniziative di sostenibilit\u00e0 si amplieranno, garantendo la tutela delle meraviglie naturali che attraggono i visitatori in Islanda. Il feedback degli ospiti \u00e8 alla base dei nostri miglioramenti: ascoltiamo attentamente ci\u00f2 che i viaggiatori apprezzano e rispondiamo di conseguenza.<\/span><\/div><div class=\"qwen-markdown-space\">\u00a0<\/div><div class=\"qwen-markdown-paragraph\"><span class=\"qwen-markdown-text\">La nostra storia \u00e8 ancora in fase di scrittura e invitiamo ogni ospite a diventarne parte. Che siate in visita a Reykjav\u00edk per la prima volta o che torniate per un&#039;altra avventura, il Grand H\u00f3tel Reykjav\u00edk \u00e8 pronto ad accogliervi con il calore, la professionalit\u00e0 e la cura che ci contraddistinguono fin dall&#039;inizio.<\/span><\/div><div class=\"qwen-markdown-space\">\u00a0<\/div><h2 class=\"qwen-markdown-heading\"><strong class=\"qwen-markdown-strong\"><span class=\"qwen-markdown-text\">Benvenuti nella nostra famiglia<\/span><\/strong><\/h2><div class=\"qwen-markdown-paragraph\" data-spm-anchor-id=\"a2ty_o01.29997173.0.i25.d85a5171GHG0Zx\"><span class=\"qwen-markdown-text\">Grazie per aver scelto il Grand H\u00f3tel Reykjav\u00edk per il vostro viaggio in Islanda. La nostra storia \u00e8 fatta di passione, dedizione e un impegno incrollabile per un&#039;ospitalit\u00e0 eccezionale. Non vediamo l&#039;ora di scrivere il prossimo capitolo con voi come nostri ospiti d&#039;onore.<\/span><\/div>\t\t\t\t\t\t\t\t<\/div>\n\t\t\t\t\t<\/div>\n\t\t\t\t<\/div>\n\t\t\t\t<\/div>","protected":false},"excerpt":{"rendered":"<p>Our Story \u2013 Grand H\u00f3tel Reykjav\u00edk A Legacy of Icelandic Hospitality Nestled in the serene valley of Laugardalur at Sigt\u00fan 28, Reykjavik, Capital Region, 105, Iceland, Grand H\u00f3tel Reykjav\u00edk stands as a testament to the enduring spirit of Nordic hospitality. Our story begins with a simple yet powerful vision: to create a place where travelers [&hellip;]<\/p>\n","protected":false},"author":1,"featured_media":0,"parent":0,"menu_order":0,"comment_status":"closed","ping_status":"closed","template":"elementor_header_footer","meta":{"footnotes":""},"class_list":["post-2104","page","type-page","status-publish","hentry","post-no-thumbnail"],"_links":{"self":[{"href":"https:\/\/hotelreykjavikgrand.com\/it\/wp-json\/wp\/v2\/pages\/2104","targetHints":{"allow":["GET"]}}],"collection":[{"href":"https:\/\/hotelreykjavikgrand.com\/it\/wp-json\/wp\/v2\/pages"}],"about":[{"href":"https:\/\/hotelreykjavikgrand.com\/it\/wp-json\/wp\/v2\/types\/page"}],"author":[{"embeddable":true,"href":"https:\/\/hotelreykjavikgrand.com\/it\/wp-json\/wp\/v2\/users\/1"}],"replies":[{"embeddable":true,"href":"https:\/\/hotelreykjavikgrand.com\/it\/wp-json\/wp\/v2\/comments?post=2104"}],"version-history":[{"count":0,"href":"https:\/\/hotelreykjavikgrand.com\/it\/wp-json\/wp\/v2\/pages\/2104\/revisions"}],"wp:attachment":[{"href":"https:\/\/hotelreykjavikgrand.com\/it\/wp-json\/wp\/v2\/media?parent=2104"}],"curies":[{"name":"wp","href":"https:\/\/api.w.org\/{rel}","templated":true}]}}