{"id":612,"date":"2021-03-26T10:04:13","date_gmt":"2021-03-26T10:04:13","guid":{"rendered":"http:\/\/localhost\/nuss\/?page_id=612"},"modified":"2026-03-20T05:18:35","modified_gmt":"2026-03-20T05:18:35","slug":"restaurant","status":"publish","type":"page","link":"https:\/\/hotelreykjavikgrand.com\/fr\/restaurant\/","title":{"rendered":"Restaurant"},"content":{"rendered":"<div data-elementor-type=\"wp-page\" data-elementor-id=\"612\" class=\"elementor elementor-612\">\n\t\t\t\t\t\t<section class=\"elementor-section elementor-top-section elementor-element elementor-element-e2effe8 elementor-section-boxed elementor-section-gap-beside-yes elementor-section-height-default elementor-section-height-default elementor-section-column-vertical-align-stretch\" data-id=\"e2effe8\" data-element_type=\"section\" data-e-type=\"section\">\n\t\t\t\t\t\t<div class=\"elementor-container elementor-column-gap-extended\">\n\t\t\t\t\t<div class=\"elementor-column elementor-col-100 elementor-top-column elementor-element elementor-element-e18f688\" data-id=\"e18f688\" data-element_type=\"column\" data-e-type=\"column\">\n\t\t\t<div class=\"elementor-widget-wrap elementor-element-populated\">\n\t\t\t\t\t\t<div class=\"elementor-element elementor-element-6db146d elementor-widget__width-initial elementor-invisible elementor-widget elementor-widget-text-editor\" data-id=\"6db146d\" data-element_type=\"widget\" data-e-type=\"widget\" data-settings=\"{&quot;_animation&quot;:&quot;nussFadeInUp&quot;}\" data-widget_type=\"text-editor.default\">\n\t\t\t\t\t\t\t\t\tL&#039;excellence culinaire au Grand Hotel Reykjav\u00edk : L&#039;exp\u00e9rience de la Grande Brasserie\t\t\t\t\t\t\t\t<\/div>\n\t\t\t\t\t<\/div>\n\t\t<\/div>\n\t\t\t\t\t<\/div>\n\t\t<\/section>\n\t\t<div class=\"elementor-element elementor-element-296ebd9 e-flex e-con-boxed e-con e-parent\" data-id=\"296ebd9\" data-element_type=\"container\" data-e-type=\"container\">\n\t\t\t\t\t<div class=\"e-con-inner\">\n\t\t\t\t<div class=\"elementor-element elementor-element-f624388 elementor-widget elementor-widget-nuss-image-gallery\" data-id=\"f624388\" data-element_type=\"widget\" data-e-type=\"widget\" data-widget_type=\"nuss-image-gallery.default\">\n\t\t\t\t<div class=\"elementor-widget-container\">\n\t\t\t\t\t\t\t<div class=\"nuss-grid-wrapper\" data-grid=\"{&quot;type&quot;:&quot;grid&quot;,&quot;ratio&quot;:null,&quot;columns&quot;:3,&quot;gutter&quot;:30}\">\r\n\t\t\t<div class=\"nuss-grid lazy-grid\">\r\n\t\t\t\t<div class=\"grid-sizer\"><\/div>\r\n\r\n\t\t\t\t\t\t\t\t\t\t\t\t<div class=\"grid-item\">\r\n\t\t\t\t\t\t<div class=\"nuss-box\">\t\t<div class=\"nuss-image image\">\r\n\t\t\t<img decoding=\"async\"  src=\"https:\/\/hotelreykjavikgrand.com\/wp-content\/uploads\/2026\/03\/Grand-Hotel-Reykjavik-123.webp\" alt=\"Grand H\u00f4tel Reykjavik (123)\" \/>\t\t<\/div>\r\n\t\t\t\t<\/div>\t\t\t\t\t<\/div>\r\n\t\t\t\t\t\t<div class=\"grid-item\">\r\n\t\t\t\t\t\t<div class=\"nuss-box\">\t\t<div class=\"nuss-image image\">\r\n\t\t\t<img decoding=\"async\"  src=\"https:\/\/hotelreykjavikgrand.com\/wp-content\/uploads\/2026\/03\/Grand-Hotel-Reykjavik-121.webp\" alt=\"Grand H\u00f4tel Reykjavik (121)\" \/>\t\t<\/div>\r\n\t\t\t\t<\/div>\t\t\t\t\t<\/div>\r\n\t\t\t\t\t\t<div class=\"grid-item\">\r\n\t\t\t\t\t\t<div class=\"nuss-box\">\t\t<div class=\"nuss-image image\">\r\n\t\t\t<img decoding=\"async\"  src=\"https:\/\/hotelreykjavikgrand.com\/wp-content\/uploads\/2026\/03\/Grand-Hotel-Reykjavik-120.webp\" alt=\"Grand H\u00f4tel Reykjavik (120)\" \/>\t\t<\/div>\r\n\t\t\t\t<\/div>\t\t\t\t\t<\/div>\r\n\t\t\t\t\t\t<div class=\"grid-item\">\r\n\t\t\t\t\t\t<div class=\"nuss-box\">\t\t<div class=\"nuss-image image\">\r\n\t\t\t<img decoding=\"async\"  src=\"https:\/\/hotelreykjavikgrand.com\/wp-content\/uploads\/2026\/03\/Grand-Hotel-Reykjavik-119.webp\" alt=\"Grand H\u00f4tel Reykjavik (119)\" \/>\t\t<\/div>\r\n\t\t\t\t<\/div>\t\t\t\t\t<\/div>\r\n\t\t\t\t\t\t<div class=\"grid-item\">\r\n\t\t\t\t\t\t<div class=\"nuss-box\">\t\t<div class=\"nuss-image image\">\r\n\t\t\t<img decoding=\"async\"  src=\"https:\/\/hotelreykjavikgrand.com\/wp-content\/uploads\/2026\/03\/Grand-Hotel-Reykjavik-118.webp\" alt=\"Grand H\u00f4tel Reykjavik (118)\" \/>\t\t<\/div>\r\n\t\t\t\t<\/div>\t\t\t\t\t<\/div>\r\n\t\t\t\t\t\t<div class=\"grid-item\">\r\n\t\t\t\t\t\t<div class=\"nuss-box\">\t\t<div class=\"nuss-image image\">\r\n\t\t\t<img decoding=\"async\"  src=\"https:\/\/hotelreykjavikgrand.com\/wp-content\/uploads\/2026\/03\/Grand-Hotel-Reykjavik-117.webp\" alt=\"Grand H\u00f4tel Reykjavik (117)\" \/>\t\t<\/div>\r\n\t\t\t\t<\/div>\t\t\t\t\t<\/div>\r\n\t\t\t\t\t\t<div class=\"grid-item\">\r\n\t\t\t\t\t\t<div class=\"nuss-box\">\t\t<div class=\"nuss-image image\">\r\n\t\t\t<img decoding=\"async\"  src=\"https:\/\/hotelreykjavikgrand.com\/wp-content\/uploads\/2026\/03\/Grand-Hotel-Reykjavik-115.webp\" alt=\"Grand H\u00f4tel Reykjavik (115)\" \/>\t\t<\/div>\r\n\t\t\t\t<\/div>\t\t\t\t\t<\/div>\r\n\t\t\t\t\t\t<div class=\"grid-item\">\r\n\t\t\t\t\t\t<div class=\"nuss-box\">\t\t<div class=\"nuss-image image\">\r\n\t\t\t<img decoding=\"async\"  src=\"https:\/\/hotelreykjavikgrand.com\/wp-content\/uploads\/2026\/03\/Grand-Hotel-Reykjavik-114.webp\" alt=\"Grand H\u00f4tel Reykjavik (114)\" \/>\t\t<\/div>\r\n\t\t\t\t<\/div>\t\t\t\t\t<\/div>\r\n\t\t\t\t\t\t<div class=\"grid-item\">\r\n\t\t\t\t\t\t<div class=\"nuss-box\">\t\t<div class=\"nuss-image image\">\r\n\t\t\t<img decoding=\"async\"  src=\"https:\/\/hotelreykjavikgrand.com\/wp-content\/uploads\/2026\/03\/Grand-Hotel-Reykjavik-113.webp\" alt=\"Grand H\u00f4tel Reykjavik (113)\" \/>\t\t<\/div>\r\n\t\t\t\t<\/div>\t\t\t\t\t<\/div>\r\n\t\t\t\t\t\t<div class=\"grid-item\">\r\n\t\t\t\t\t\t<div class=\"nuss-box\">\t\t<div class=\"nuss-image image\">\r\n\t\t\t<img decoding=\"async\"  src=\"https:\/\/hotelreykjavikgrand.com\/wp-content\/uploads\/2026\/03\/Grand-Hotel-Reykjavik-112.webp\" alt=\"Grand H\u00f4tel Reykjavik (112)\" \/>\t\t<\/div>\r\n\t\t\t\t<\/div>\t\t\t\t\t<\/div>\r\n\t\t\t\t\t\t<div class=\"grid-item\">\r\n\t\t\t\t\t\t<div class=\"nuss-box\">\t\t<div class=\"nuss-image image\">\r\n\t\t\t<img decoding=\"async\"  src=\"https:\/\/hotelreykjavikgrand.com\/wp-content\/uploads\/2026\/03\/Grand-Hotel-Reykjavik-101.webp\" alt=\"Grand H\u00f4tel Reykjavik (101)\" \/>\t\t<\/div>\r\n\t\t\t\t<\/div>\t\t\t\t\t<\/div>\r\n\t\t\t\t\t\t<div class=\"grid-item\">\r\n\t\t\t\t\t\t<div class=\"nuss-box\">\t\t<div class=\"nuss-image image\">\r\n\t\t\t<img decoding=\"async\"  src=\"https:\/\/hotelreykjavikgrand.com\/wp-content\/uploads\/2026\/03\/Grand-Hotel-Reykjavik-104.webp\" alt=\"Grand H\u00f4tel Reykjavik (104)\" \/>\t\t<\/div>\r\n\t\t\t\t<\/div>\t\t\t\t\t<\/div>\r\n\t\t\t\t\t\t<div class=\"grid-item\">\r\n\t\t\t\t\t\t<div class=\"nuss-box\">\t\t<div class=\"nuss-image image\">\r\n\t\t\t<img decoding=\"async\"  src=\"https:\/\/hotelreykjavikgrand.com\/wp-content\/uploads\/2026\/03\/Grand-Hotel-Reykjavik-91.webp\" alt=\"Grand H\u00f4tel Reykjavik (91)\" \/>\t\t<\/div>\r\n\t\t\t\t<\/div>\t\t\t\t\t<\/div>\r\n\t\t\t\t\t\t<div class=\"grid-item\">\r\n\t\t\t\t\t\t<div class=\"nuss-box\">\t\t<div class=\"nuss-image image\">\r\n\t\t\t<img decoding=\"async\"  src=\"https:\/\/hotelreykjavikgrand.com\/wp-content\/uploads\/2026\/03\/Grand-Hotel-Reykjavik-87.webp\" alt=\"Grand H\u00f4tel Reykjavik (87)\" \/>\t\t<\/div>\r\n\t\t\t\t<\/div>\t\t\t\t\t<\/div>\r\n\t\t\t\t\t\t<div class=\"grid-item\">\r\n\t\t\t\t\t\t<div class=\"nuss-box\">\t\t<div class=\"nuss-image image\">\r\n\t\t\t<img decoding=\"async\"  src=\"https:\/\/hotelreykjavikgrand.com\/wp-content\/uploads\/2026\/03\/Grand-Hotel-Reykjavik-71.webp\" alt=\"Grand H\u00f4tel Reykjavik (71)\" \/>\t\t<\/div>\r\n\t\t\t\t<\/div>\t\t\t\t\t<\/div>\r\n\t\t\t\t\t\t<div class=\"grid-item\">\r\n\t\t\t\t\t\t<div class=\"nuss-box\">\t\t<div class=\"nuss-image image\">\r\n\t\t\t<img decoding=\"async\"  src=\"https:\/\/hotelreykjavikgrand.com\/wp-content\/uploads\/2026\/03\/Grand-Hotel-Reykjavik-106.webp\" alt=\"Grand H\u00f4tel Reykjavik (106)\" \/>\t\t<\/div>\r\n\t\t\t\t<\/div>\t\t\t\t\t<\/div>\r\n\t\t\t\t\t\t<div class=\"grid-item\">\r\n\t\t\t\t\t\t<div class=\"nuss-box\">\t\t<div class=\"nuss-image image\">\r\n\t\t\t<img decoding=\"async\"  src=\"https:\/\/hotelreykjavikgrand.com\/wp-content\/uploads\/2026\/03\/Grand-Hotel-Reykjavik-122.webp\" alt=\"Grand H\u00f4tel Reykjavik (122)\" \/>\t\t<\/div>\r\n\t\t\t\t<\/div>\t\t\t\t\t<\/div>\r\n\t\t\t\t\t\t<div class=\"grid-item\">\r\n\t\t\t\t\t\t<div class=\"nuss-box\">\t\t<div class=\"nuss-image image\">\r\n\t\t\t<img decoding=\"async\"  src=\"https:\/\/hotelreykjavikgrand.com\/wp-content\/uploads\/2026\/03\/Grand-Hotel-Reykjavik-116.webp\" alt=\"Grand H\u00f4tel Reykjavik (116)\" \/>\t\t<\/div>\r\n\t\t\t\t<\/div>\t\t\t\t\t<\/div>\r\n\t\t\t\t\t\t\t\r\n\t\t\t<\/div>\r\n\t\t<\/div>\r\n\t\t\t\t\t\t<\/div>\n\t\t\t\t<\/div>\n\t\t\t\t\t<\/div>\n\t\t\t\t<\/div>\n\t\t<div class=\"elementor-element elementor-element-cc31cc8 e-flex e-con-boxed e-con e-parent\" data-id=\"cc31cc8\" data-element_type=\"container\" data-e-type=\"container\">\n\t\t\t\t\t<div class=\"e-con-inner\">\n\t\t\t\t<div class=\"elementor-element elementor-element-1c23a33 elementor-widget elementor-widget-text-editor\" data-id=\"1c23a33\" data-element_type=\"widget\" data-e-type=\"widget\" data-widget_type=\"text-editor.default\">\n\t\t\t\t\t\t\t\t\t<h2 class=\"qwen-markdown-heading\"><strong class=\"qwen-markdown-strong\"><span class=\"qwen-markdown-text\" data-spm-anchor-id=\"a2ty_o01.29997173.0.i23.d85a5171GHG0Zx\">Un avant-go\u00fbt d&#039;Islande au c\u0153ur de Laugardalur<\/span><\/strong><\/h2><div class=\"qwen-markdown-paragraph\"><span class=\"qwen-markdown-text\" data-spm-anchor-id=\"a2ty_o01.29997173.0.i22.d85a5171GHG0Zx\">D\u00eener au <\/span><strong class=\"qwen-markdown-strong\"><span class=\"qwen-markdown-text\">Grand H\u00f4tel Reykjav\u00edk<\/span><\/strong><span class=\"qwen-markdown-text\" data-spm-anchor-id=\"a2ty_o01.29997173.0.i21.d85a5171GHG0Zx\"> est bien plus qu&#039;un simple repas ; c&#039;est un voyage \u00e0 travers les saveurs du Nord. Situ\u00e9 \u00e0 <\/span><strong class=\"qwen-markdown-strong\"><span class=\"qwen-markdown-text\">Sigt\u00fan 28, Laugardalur, Reykjavik, R\u00e9gion de la capitale, 105, Islande<\/span><\/strong><span class=\"qwen-markdown-text\">, le restaurant embl\u00e9matique de l&#039;h\u00f4tel, le <\/span><strong class=\"qwen-markdown-strong\"><span class=\"qwen-markdown-text\">Grande Brasserie<\/span><\/strong><span class=\"qwen-markdown-text\">, Notre restaurant offre \u00e0 ses h\u00f4tes et visiteurs une exp\u00e9rience culinaire exceptionnelle, alliant qualit\u00e9, tradition et innovation. Que vous commenciez votre journ\u00e9e par un copieux petit-d\u00e9jeuner, profitiez d&#039;un d\u00e9jeuner d&#039;affaires ou savouriez un d\u00eener relaxant apr\u00e8s une journ\u00e9e d&#039;exploration des merveilles de l&#039;Islande, notre restaurant vous accueille dans une ambiance chaleureuse et conviviale, en harmonie avec le confort raffin\u00e9 de l&#039;h\u00f4tel.<\/span><\/div><div class=\"qwen-markdown-space\">\u00a0<\/div><h2 class=\"qwen-markdown-heading\"><strong class=\"qwen-markdown-strong\"><span class=\"qwen-markdown-text\">Ingr\u00e9dients frais islandais et savoir-faire culinaire<\/span><\/strong><\/h2><div class=\"qwen-markdown-paragraph\"><span class=\"qwen-markdown-text\">Au c\u0153ur du menu de la Grande Brasserie se trouve un profond engagement \u00e0 utiliser <\/span><strong class=\"qwen-markdown-strong\"><span class=\"qwen-markdown-text\">ingr\u00e9dients islandais frais et locaux<\/span><\/strong><span class=\"qwen-markdown-text\">. Nos chefs travaillent en \u00e9troite collaboration avec les agriculteurs, p\u00eacheurs et producteurs locaux pour que chaque plat refl\u00e8te la puret\u00e9 et la richesse des produits naturels islandais. De l&#039;omble chevalier \u00e0 l&#039;agneau, en passant par les produits laitiers et les l\u00e9gumes de saison, les ingr\u00e9dients racontent l&#039;histoire de la terre et de la mer qui nous entourent. Cette approche \u00ab\u00a0de la ferme \u00e0 l&#039;assiette\u00a0\u00bb soutient la communaut\u00e9 locale et garantit \u00e0 nos h\u00f4tes des saveurs d&#039;une fra\u00eecheur optimale durant leur s\u00e9jour. Notre \u00e9quipe culinaire allie recettes islandaises traditionnelles et techniques internationales, cr\u00e9ant ainsi un menu \u00e0 la fois familier et r\u00e9solument novateur.<\/span><\/div><div class=\"qwen-markdown-space\">\u00a0<\/div><h2 class=\"qwen-markdown-heading\"><strong class=\"qwen-markdown-strong\"><span class=\"qwen-markdown-text\">Options de restauration disponibles toute la journ\u00e9e<\/span><\/strong><\/h2><div class=\"qwen-markdown-paragraph\"><span class=\"qwen-markdown-text\">La Grande Brasserie est con\u00e7ue pour r\u00e9pondre aux horaires vari\u00e9s des voyageurs modernes. Nous servons <\/span><strong class=\"qwen-markdown-strong\"><span class=\"qwen-markdown-text\">petit-d\u00e9jeuner, brunch, d\u00e9jeuner et d\u00eener tous les jours<\/span><\/strong><span class=\"qwen-markdown-text\">, garantissant ainsi la disponibilit\u00e9 de plats d\u00e9licieux lorsque vous en avez besoin. <\/span><\/div><div class=\"qwen-markdown-space\">\u00a0<\/div><div class=\"qwen-markdown-paragraph\"><strong class=\"qwen-markdown-strong\"><span class=\"qwen-markdown-text\">Petit-d\u00e9jeuner<\/span><\/strong><span class=\"qwen-markdown-text\"> Le restaurant est souvent cit\u00e9 par les clients comme une exp\u00e9rience exceptionnelle. Le buffet copieux propose un large choix de plats chauds et froids, notamment des viennoiseries fra\u00eechement pr\u00e9par\u00e9es, du yaourt et du skyr islandais, de la charcuterie, des fromages, des fruits et des plats \u00e0 base d&#039;\u0153ufs pr\u00e9par\u00e9s \u00e0 la demande. C&#039;est le repas id\u00e9al pour faire le plein d&#039;\u00e9nergie avant une journ\u00e9e de visites ou de r\u00e9unions professionnelles.<\/span><\/div><div class=\"qwen-markdown-space\">\u00a0<\/div><div class=\"qwen-markdown-paragraph\"><strong class=\"qwen-markdown-strong\"><span class=\"qwen-markdown-text\">D\u00e9jeuner et d\u00eener<\/span><\/strong><span class=\"qwen-markdown-text\"> Les menus proposent une s\u00e9lection raffin\u00e9e de plats. Les convives peuvent savourer des sp\u00e9cialit\u00e9s islandaises traditionnelles telles que des soupes copieuses, des plateaux de fruits de mer frais et des viandes mijot\u00e9es, ainsi que des plats internationaux populaires comme les p\u00e2tes, les steaks et les salades. Le menu change au fil des saisons afin de mettre en valeur les meilleurs produits disponibles tout au long de l&#039;ann\u00e9e, permettant ainsi aux clients r\u00e9guliers de toujours d\u00e9couvrir de nouvelles saveurs.<\/span><\/div><div class=\"qwen-markdown-space\">\u00a0<\/div><h2 class=\"qwen-markdown-heading\"><strong class=\"qwen-markdown-strong\"><span class=\"qwen-markdown-text\">Repas inclus pour chaque invit\u00e9<\/span><\/strong><\/h2><div class=\"qwen-markdown-paragraph\"><span class=\"qwen-markdown-text\">Nous croyons que la gastronomie d&#039;exception doit \u00eatre accessible \u00e0 tous. La Grande Brasserie est fi\u00e8re d&#039;accueillir une client\u00e8le vari\u00e9e. <\/span><strong class=\"qwen-markdown-strong\"><span class=\"qwen-markdown-text\">exigences et pr\u00e9f\u00e9rences alimentaires<\/span><\/strong><span class=\"qwen-markdown-text\">. Notre cuisine est bien \u00e9quip\u00e9e pour pr\u00e9parer <\/span><strong class=\"qwen-markdown-strong\"><span class=\"qwen-markdown-text\">repas v\u00e9g\u00e9tariens, v\u00e9g\u00e9taliens et sans gluten<\/span><\/strong><span class=\"qwen-markdown-text\"> sans compromis sur le go\u00fbt ni la pr\u00e9sentation. Les clients souffrant d&#039;allergies ou de restrictions alimentaires sont invit\u00e9s \u00e0 en parler \u00e0 notre personnel, qui se fera un plaisir de les guider dans le choix des plats ou de pr\u00e9parer des mets sur mesure. <\/span><\/div><div class=\"qwen-markdown-space\">\u00a0<\/div><div class=\"qwen-markdown-paragraph\"><span class=\"qwen-markdown-text\">Les familles sont \u00e9galement chaleureusement accueillies. <\/span><strong class=\"qwen-markdown-strong\"><span class=\"qwen-markdown-text\">menu enfant<\/span><\/strong><span class=\"qwen-markdown-text\"> Le restaurant propose des portions et des saveurs adapt\u00e9es aux enfants, pour que les repas au restaurant restent un moment agr\u00e9able et sans stress pour toute la famille. Des chaises hautes et des rehausseurs sont disponibles pour le confort des plus petits \u00e0 table.<\/span><\/div><div class=\"qwen-markdown-space\">\u00a0<\/div><h2 class=\"qwen-markdown-heading\"><strong class=\"qwen-markdown-strong\"><span class=\"qwen-markdown-text\">D\u00e9tente au coin du feu<\/span><\/strong><\/h2><div class=\"qwen-markdown-paragraph\"><span class=\"qwen-markdown-text\">Outre la salle \u00e0 manger principale, le Grand Hotel Reykjav\u00edk propose un espace confortable <\/span><strong class=\"qwen-markdown-strong\"><span class=\"qwen-markdown-text\">espace bar et salon<\/span><\/strong><span class=\"qwen-markdown-text\"> Organis\u00e9 autour d&#039;une chemin\u00e9e chaleureuse, cet espace offre un cadre id\u00e9al pour se d\u00e9tendre apr\u00e8s une longue journ\u00e9e de voyage ou de travail. Les clients peuvent y d\u00e9guster une s\u00e9lection pointue de vins, de bi\u00e8res artisanales, de spiritueux islandais et de cocktails signature. Le lounge propose \u00e9galement des en-cas et des rafra\u00eechissements, ce qui en fait un lieu parfait pour des r\u00e9unions informelles ou des conversations \u00e0 voix basse. L&#039;ambiance, inspir\u00e9e du hygge nordique, offre une sensation de chaleur et de d\u00e9tente essentielle durant les mois les plus froids d&#039;Islande.<\/span><\/div><div class=\"qwen-markdown-space\">\u00a0<\/div><h2 class=\"qwen-markdown-heading\"><strong class=\"qwen-markdown-strong\"><span class=\"qwen-markdown-text\">Commodit\u00e9s et service en chambre<\/span><\/strong><\/h2><div class=\"qwen-markdown-paragraph\"><span class=\"qwen-markdown-text\">Soucieux de r\u00e9pondre aux besoins de nos clients, le Grand Hotel Reykjav\u00edk propose <\/span><strong class=\"qwen-markdown-strong\"><span class=\"qwen-markdown-text\">service de restauration en chambre<\/span><\/strong><span class=\"qwen-markdown-text\"> Pour plus de confort, que vous pr\u00e9f\u00e9riez savourer votre petit-d\u00e9jeuner en toute intimit\u00e9 avant une r\u00e9union matinale ou vous d\u00e9tendre avec une collation en fin de soir\u00e9e apr\u00e8s une excursion \u00e0 la d\u00e9couverte des aurores bor\u00e9ales, notre service d&#039;\u00e9tage vous garantit un service rapide et de qualit\u00e9. Ce service prolonge l&#039;exp\u00e9rience de la Grande Brasserie dans le confort de votre chambre, en pr\u00e9servant les m\u00eames exigences \u00e9lev\u00e9es en mati\u00e8re de qualit\u00e9 et de pr\u00e9sentation des plats.<\/span><\/div><div class=\"qwen-markdown-space\">\u00a0<\/div><h2 class=\"qwen-markdown-heading\"><strong class=\"qwen-markdown-strong\"><span class=\"qwen-markdown-text\">\u00c9v\u00e9nements et r\u00e9unions priv\u00e9s<\/span><\/strong><\/h2><div class=\"qwen-markdown-paragraph\"><span class=\"qwen-markdown-text\">Le restaurant et les espaces de r\u00e9union associ\u00e9s peuvent \u00e9galement \u00eatre utilis\u00e9s pour <\/span><strong class=\"qwen-markdown-strong\"><span class=\"qwen-markdown-text\">\u00e9v\u00e9nements priv\u00e9s et r\u00e9unions d&#039;entreprise<\/span><\/strong><span class=\"qwen-markdown-text\">. Que vous organisiez un d\u00eener d&#039;affaires, une f\u00eate ou une petite conf\u00e9rence, notre \u00e9quipe \u00e9v\u00e9nementielle adaptera les menus et le plan de table \u00e0 vos besoins sp\u00e9cifiques. L&#039;alliance d&#039;un service professionnel et d&#039;une cuisine raffin\u00e9e fait du Grand Hotel Reykjavik un lieu de r\u00e9ception privil\u00e9gi\u00e9 dans la r\u00e9gion de la capitale.<\/span><\/div><div class=\"qwen-markdown-space\">\u00a0<\/div><h2 class=\"qwen-markdown-heading\"><strong class=\"qwen-markdown-strong\"><span class=\"qwen-markdown-text\">Rendez-nous visite au 28, rue Sigt\u00fan<\/span><\/strong><\/h2><div class=\"qwen-markdown-paragraph\"><span class=\"qwen-markdown-text\">Pour les voyageurs recherchant <\/span><strong class=\"qwen-markdown-strong\"><span class=\"qwen-markdown-text\">restaurants les plus r\u00e9put\u00e9s de Reykjavik<\/span><\/strong><span class=\"qwen-markdown-text\">, La Grande Brasserie du Grand H\u00f4tel Reykjav\u00edk offre une exp\u00e9rience m\u00e9morable alliant art culinaire et hospitalit\u00e9 authentique. Notre emplacement \u00e0 <\/span><strong class=\"qwen-markdown-strong\"><span class=\"qwen-markdown-text\">Laugardalur<\/span><\/strong><span class=\"qwen-markdown-text\"> offre un cadre paisible pour vos repas, loin du bruit du centre-ville tout en \u00e9tant facilement accessible depuis tous les quartiers de la capitale. <\/span><\/div><div class=\"qwen-markdown-space\">\u00a0<\/div><div class=\"qwen-markdown-paragraph\" data-spm-anchor-id=\"a2ty_o01.29997173.0.i24.d85a5171GHG0Zx\"><span class=\"qwen-markdown-text\">Nous vous invitons \u00e0 nous rejoindre \u00e0 <\/span><strong class=\"qwen-markdown-strong\"><span class=\"qwen-markdown-text\">Sigt\u00fan 28, Laugardalur, Reykjavik, R\u00e9gion de la capitale, 105, Islande<\/span><\/strong><span class=\"qwen-markdown-text\">, D\u00e9couvrez pourquoi notre restaurant est si appr\u00e9ci\u00e9 des locaux et des visiteurs internationaux. Au Grand Hotel Reykjav\u00edk, chaque repas est l&#039;occasion de savourer le meilleur de l&#039;Islande tout en profitant du confort de votre propre maison.<\/span><\/div>\t\t\t\t\t\t\t\t<\/div>\n\t\t\t\t\t<\/div>\n\t\t\t\t<\/div>\n\t\t\t\t<\/div>","protected":false},"excerpt":{"rendered":"<p>Culinary Excellence at Grand H\u00f3tel Reykjav\u00edk: The Grand Brasserie Experience A Taste of Iceland in the Heart of Laugardalur Dining at Grand H\u00f3tel Reykjav\u00edk is more than just a meal; it is a journey through the flavors of the North. Located at Sigt\u00fan 28, Laugardalur, Reykjavik, Capital Region, 105, Iceland, the hotel&#8217;s signature dining venue, [&hellip;]<\/p>\n","protected":false},"author":1,"featured_media":0,"parent":0,"menu_order":0,"comment_status":"closed","ping_status":"closed","template":"elementor_header_footer","meta":{"footnotes":""},"class_list":["post-612","page","type-page","status-publish","hentry","post-no-thumbnail"],"_links":{"self":[{"href":"https:\/\/hotelreykjavikgrand.com\/fr\/wp-json\/wp\/v2\/pages\/612","targetHints":{"allow":["GET"]}}],"collection":[{"href":"https:\/\/hotelreykjavikgrand.com\/fr\/wp-json\/wp\/v2\/pages"}],"about":[{"href":"https:\/\/hotelreykjavikgrand.com\/fr\/wp-json\/wp\/v2\/types\/page"}],"author":[{"embeddable":true,"href":"https:\/\/hotelreykjavikgrand.com\/fr\/wp-json\/wp\/v2\/users\/1"}],"replies":[{"embeddable":true,"href":"https:\/\/hotelreykjavikgrand.com\/fr\/wp-json\/wp\/v2\/comments?post=612"}],"version-history":[{"count":0,"href":"https:\/\/hotelreykjavikgrand.com\/fr\/wp-json\/wp\/v2\/pages\/612\/revisions"}],"wp:attachment":[{"href":"https:\/\/hotelreykjavikgrand.com\/fr\/wp-json\/wp\/v2\/media?parent=612"}],"curies":[{"name":"wp","href":"https:\/\/api.w.org\/{rel}","templated":true}]}}