{"id":5266,"date":"2021-07-18T08:03:35","date_gmt":"2021-07-18T08:03:35","guid":{"rendered":"https:\/\/nuss.uxper.co\/luxury-resort\/?page_id=5266"},"modified":"2026-03-20T06:32:57","modified_gmt":"2026-03-20T06:32:57","slug":"a-propos-de-nous","status":"publish","type":"page","link":"https:\/\/hotelreykjavikgrand.com\/fr\/about-us\/","title":{"rendered":"\u00c0 propos de nous"},"content":{"rendered":"<div data-elementor-type=\"wp-page\" data-elementor-id=\"5266\" class=\"elementor elementor-5266\">\n\t\t\t\t\t\t<section class=\"elementor-section elementor-top-section elementor-element elementor-element-10416953 elementor-section-boxed elementor-section-gap-beside-yes elementor-section-height-default elementor-section-height-default elementor-section-column-vertical-align-stretch\" data-id=\"10416953\" data-element_type=\"section\" data-e-type=\"section\">\n\t\t\t\t\t\t<div class=\"elementor-container elementor-column-gap-extended\">\n\t\t\t\t\t<div class=\"elementor-column elementor-col-100 elementor-top-column elementor-element elementor-element-29c6aa8\" data-id=\"29c6aa8\" data-element_type=\"column\" data-e-type=\"column\">\n\t\t\t<div class=\"elementor-widget-wrap elementor-element-populated\">\n\t\t\t\t\t\t<div class=\"elementor-element elementor-element-7be18fe7 elementor-widget__width-initial elementor-invisible elementor-widget elementor-widget-text-editor\" data-id=\"7be18fe7\" data-element_type=\"widget\" data-e-type=\"widget\" data-settings=\"{&quot;_animation&quot;:&quot;nussFadeInUp&quot;}\" data-widget_type=\"text-editor.default\">\n\t\t\t\t\t\t\t\t\t<h4 class=\"qwen-markdown-heading\"><strong class=\"qwen-markdown-strong\"><span class=\"qwen-markdown-text\" data-spm-anchor-id=\"a2ty_o01.29997173.0.i37.d85a5171GHG0Zx\">D\u00e9couvrez l&#039;\u00e9l\u00e9gance nordique au Grand H\u00f3tel Reykjav\u00edk<\/span><\/strong><\/h4>\t\t\t\t\t\t\t\t<\/div>\n\t\t\t\t\t<\/div>\n\t\t<\/div>\n\t\t\t\t\t<\/div>\n\t\t<\/section>\n\t\t\t\t<section class=\"elementor-section elementor-top-section elementor-element elementor-element-7d18327f elementor-section-boxed elementor-section-gap-beside-yes elementor-section-height-default elementor-section-height-default elementor-section-column-vertical-align-stretch\" data-id=\"7d18327f\" data-element_type=\"section\" data-e-type=\"section\">\n\t\t\t\t\t\t<div class=\"elementor-container elementor-column-gap-extended\">\n\t\t\t\t\t<div class=\"elementor-column elementor-col-50 elementor-top-column elementor-element elementor-element-56533670\" data-id=\"56533670\" data-element_type=\"column\" data-e-type=\"column\">\n\t\t\t<div class=\"elementor-widget-wrap elementor-element-populated\">\n\t\t\t\t\t\t<div class=\"elementor-element elementor-element-19c3f543 elementor-invisible elementor-widget elementor-widget-text-editor\" data-id=\"19c3f543\" data-element_type=\"widget\" data-e-type=\"widget\" data-settings=\"{&quot;_animation&quot;:&quot;nussFadeInUp&quot;}\" data-widget_type=\"text-editor.default\">\n\t\t\t\t\t\t\t\t\t<p><span class=\"qwen-markdown-text\">D\u00e9couvrez le parfait m\u00e9lange de commodit\u00e9s urbaines et de tranquillit\u00e9 naturelle \u00e0 <\/span><strong class=\"qwen-markdown-strong\"><span class=\"qwen-markdown-text\">Grand H\u00f4tel Reykjav\u00edk<\/span><\/strong><span class=\"qwen-markdown-text\">, un h\u00e9bergement 4 \u00e9toiles de premier ordre situ\u00e9 \u00e0 <\/span><strong class=\"qwen-markdown-strong\"><span class=\"qwen-markdown-text\">Sigt\u00fan 28, Laugardalur, Reykjavik, R\u00e9gion de la capitale, 105, Islande<\/span><\/strong><span class=\"qwen-markdown-text\">. Situ\u00e9 au c\u0153ur d&#039;un \u00e9crin de verdure, cet h\u00f4tel offre \u00e0 ses h\u00f4tes une oasis de tranquillit\u00e9 loin de l&#039;agitation du centre-ville, tout en restant \u00e0 proximit\u00e9 des principales attractions de Reykjavik. Que vous voyagiez pour affaires, pour le plaisir ou pour une escapade islandaise inoubliable, le Grand Hotel Reykjavik constitue un pied-\u00e0-terre id\u00e9al pour explorer le pays de feu et de glace.<\/span><\/p>\t\t\t\t\t\t\t\t<\/div>\n\t\t\t\t\t<\/div>\n\t\t<\/div>\n\t\t\t\t<div class=\"elementor-column elementor-col-50 elementor-top-column elementor-element elementor-element-30f14127\" data-id=\"30f14127\" data-element_type=\"column\" data-e-type=\"column\">\n\t\t\t<div class=\"elementor-widget-wrap elementor-element-populated\">\n\t\t\t\t\t\t<div class=\"elementor-element elementor-element-96d2513 elementor-widget elementor-widget-image\" data-id=\"96d2513\" data-element_type=\"widget\" data-e-type=\"widget\" data-widget_type=\"image.default\">\n\t\t\t\t\t\t\t\t\t\t\t\t\t\t\t<img fetchpriority=\"high\" decoding=\"async\" width=\"659\" height=\"853\" src=\"https:\/\/hotelreykjavikgrand.com\/wp-content\/uploads\/2026\/03\/Grand-Hotel-Reykjavik-159.webp\" class=\"attachment-large size-large wp-image-5593\" alt=\"\" srcset=\"https:\/\/hotelreykjavikgrand.com\/wp-content\/uploads\/2026\/03\/Grand-Hotel-Reykjavik-159.webp 659w, https:\/\/hotelreykjavikgrand.com\/wp-content\/uploads\/2026\/03\/Grand-Hotel-Reykjavik-159-232x300.webp 232w\" sizes=\"(max-width: 659px) 100vw, 659px\" \/>\t\t\t\t\t\t\t\t\t\t\t\t\t\t\t<\/div>\n\t\t\t\t\t<\/div>\n\t\t<\/div>\n\t\t\t\t\t<\/div>\n\t\t<\/section>\n\t\t\t\t<section class=\"elementor-section elementor-top-section elementor-element elementor-element-29fb8578 elementor-section-height-min-height elementor-section-stretched elementor-section-full_width elementor-section-items-stretch elementor-section-height-default elementor-section-column-vertical-align-stretch\" data-id=\"29fb8578\" data-element_type=\"section\" data-e-type=\"section\" data-settings=\"{&quot;stretch_section&quot;:&quot;section-stretched&quot;}\">\n\t\t\t\t\t\t<div class=\"elementor-container elementor-column-gap-no\">\n\t\t\t\t\t<div class=\"elementor-column elementor-col-50 elementor-top-column elementor-element elementor-element-40ac270b\" data-id=\"40ac270b\" data-element_type=\"column\" data-e-type=\"column\">\n\t\t\t<div class=\"elementor-widget-wrap elementor-element-populated\">\n\t\t\t\t\t\t<div class=\"elementor-element elementor-element-20872773 elementor-widget__width-initial elementor-widget-mobile__width-inherit elementor-invisible nuss-elementor-loading nuss-slide-in-right elementor-widget elementor-widget-image\" data-id=\"20872773\" data-element_type=\"widget\" data-e-type=\"widget\" data-settings=\"{&quot;_animation&quot;:&quot;nussSlideInRight&quot;}\" data-widget_type=\"image.default\">\n\t\t\t\t\t\t\t\t\t\t\t\t\t\t\t<img decoding=\"async\" width=\"1280\" height=\"853\" src=\"https:\/\/hotelreykjavikgrand.com\/wp-content\/uploads\/2026\/03\/Grand-Hotel-Reykjavik-54.webp\" class=\"attachment-full size-full wp-image-5658\" alt=\"\" srcset=\"https:\/\/hotelreykjavikgrand.com\/wp-content\/uploads\/2026\/03\/Grand-Hotel-Reykjavik-54.webp 1280w, https:\/\/hotelreykjavikgrand.com\/wp-content\/uploads\/2026\/03\/Grand-Hotel-Reykjavik-54-300x200.webp 300w, https:\/\/hotelreykjavikgrand.com\/wp-content\/uploads\/2026\/03\/Grand-Hotel-Reykjavik-54-1024x682.webp 1024w, https:\/\/hotelreykjavikgrand.com\/wp-content\/uploads\/2026\/03\/Grand-Hotel-Reykjavik-54-768x512.webp 768w\" sizes=\"(max-width: 1280px) 100vw, 1280px\" \/>\t\t\t\t\t\t\t\t\t\t\t\t\t\t\t<\/div>\n\t\t\t\t\t<\/div>\n\t\t<\/div>\n\t\t\t\t<div class=\"elementor-column elementor-col-50 elementor-top-column elementor-element elementor-element-2dac103\" data-id=\"2dac103\" data-element_type=\"column\" data-e-type=\"column\">\n\t\t\t<div class=\"elementor-widget-wrap elementor-element-populated\">\n\t\t\t\t\t\t<div class=\"elementor-element elementor-element-6f1b8966 elementor-invisible elementor-widget elementor-widget-text-editor\" data-id=\"6f1b8966\" data-element_type=\"widget\" data-e-type=\"widget\" data-settings=\"{&quot;_animation&quot;:&quot;nussFadeInUp&quot;}\" data-widget_type=\"text-editor.default\">\n\t\t\t\t\t\t\t\t\t<p><span class=\"qwen-markdown-text\">L&#039;emplacement de l&#039;h\u00f4tel \u00e0 <\/span><strong class=\"qwen-markdown-strong\"><span class=\"qwen-markdown-text\">Laugardalur<\/span><\/strong><span class=\"qwen-markdown-text\"> L&#039;un de ses plus grands atouts est son parc, le plus grand de Reykjavik. Ce quartier offre un acc\u00e8s direct \u00e0 des sentiers p\u00e9destres, au jardin botanique et \u00e0 des attractions pour toute la famille, tout en \u00e9tant \u00e0 seulement quelques minutes en voiture ou en bus du centre-ville. Cette situation privil\u00e9gi\u00e9e permet aux visiteurs de profiter de nuits paisibles avec vue sur la ville. <\/span><strong class=\"qwen-markdown-strong\"><span class=\"qwen-markdown-text\">Mont Esja<\/span><\/strong><span class=\"qwen-markdown-text\"> ou la silhouette de la ville, pour un sommeil r\u00e9parateur avant de partir \u00e0 l&#039;aventure. D\u00e8s leur arriv\u00e9e, les visiteurs sont accueillis par un design nordique moderne, un accueil chaleureux et un souci du confort qui caract\u00e9risent l&#039;exp\u00e9rience Grand Hotel.<\/span><\/p>\t\t\t\t\t\t\t\t<\/div>\n\t\t\t\t\t<\/div>\n\t\t<\/div>\n\t\t\t\t\t<\/div>\n\t\t<\/section>\n\t\t\t\t<section class=\"elementor-section elementor-top-section elementor-element elementor-element-678a33f elementor-section-height-min-height elementor-section-stretched elementor-section-full_width elementor-section-items-stretch elementor-section-height-default elementor-section-column-vertical-align-stretch\" data-id=\"678a33f\" data-element_type=\"section\" data-e-type=\"section\" data-settings=\"{&quot;stretch_section&quot;:&quot;section-stretched&quot;}\">\n\t\t\t\t\t\t<div class=\"elementor-container elementor-column-gap-no\">\n\t\t\t\t\t<div class=\"elementor-column elementor-col-50 elementor-top-column elementor-element elementor-element-dea6560\" data-id=\"dea6560\" data-element_type=\"column\" data-e-type=\"column\">\n\t\t\t<div class=\"elementor-widget-wrap elementor-element-populated\">\n\t\t\t\t\t\t<div class=\"elementor-element elementor-element-323666a elementor-invisible elementor-widget elementor-widget-text-editor\" data-id=\"323666a\" data-element_type=\"widget\" data-e-type=\"widget\" data-settings=\"{&quot;_animation&quot;:&quot;nussFadeInUp&quot;}\" data-widget_type=\"text-editor.default\">\n\t\t\t\t\t\t\t\t\t<p><span class=\"qwen-markdown-text\">Les h\u00e9bergements du Grand Hotel Reykjav\u00edk sont con\u00e7us pour r\u00e9pondre aux besoins du voyageur moderne. Spacieuses et bien \u00e9quip\u00e9es, les chambres disposent d&#039;une connexion internet haut d\u00e9bit. <\/span><strong class=\"qwen-markdown-strong\"><span class=\"qwen-markdown-text\">Wi-Fi gratuit<\/span><\/strong><span class=\"qwen-markdown-text\">, L&#039;h\u00f4tel propose des chambres avec t\u00e9l\u00e9vision par satellite et des espaces de travail confortables pour les voyageurs d&#039;affaires. Parmi les \u00e9quipements, vous trouverez un plateau de courtoisie, un mini-r\u00e9frig\u00e9rateur et une salle de bains luxueuse avec s\u00e8che-cheveux. Pour un confort optimal, certaines chambres disposent d&#039;une terrasse priv\u00e9e o\u00f9 vous pourrez profiter du grand air islandais. L&#039;h\u00f4tel privil\u00e9gie le bien-\u00eatre de ses clients et propose des chambres non-fumeurs et hypoallerg\u00e9niques, garantissant ainsi un environnement sain pour tous.<\/span><\/p>\t\t\t\t\t\t\t\t<\/div>\n\t\t\t\t\t<\/div>\n\t\t<\/div>\n\t\t\t\t<div class=\"elementor-column elementor-col-50 elementor-top-column elementor-element elementor-element-46a1998\" data-id=\"46a1998\" data-element_type=\"column\" data-e-type=\"column\">\n\t\t\t<div class=\"elementor-widget-wrap elementor-element-populated\">\n\t\t\t\t\t\t<div class=\"elementor-element elementor-element-e4f3056 elementor-widget__width-initial elementor-widget-mobile__width-inherit elementor-invisible nuss-elementor-loading nuss-slide-in-right elementor-widget elementor-widget-image\" data-id=\"e4f3056\" data-element_type=\"widget\" data-e-type=\"widget\" data-settings=\"{&quot;_animation&quot;:&quot;nussSlideInRight&quot;}\" data-widget_type=\"image.default\">\n\t\t\t\t\t\t\t\t\t\t\t\t\t\t\t<img decoding=\"async\" width=\"1277\" height=\"853\" src=\"https:\/\/hotelreykjavikgrand.com\/wp-content\/uploads\/2026\/03\/Grand-Hotel-Reykjavik-128.webp\" class=\"attachment-full size-full wp-image-5732\" alt=\"\" srcset=\"https:\/\/hotelreykjavikgrand.com\/wp-content\/uploads\/2026\/03\/Grand-Hotel-Reykjavik-128.webp 1277w, https:\/\/hotelreykjavikgrand.com\/wp-content\/uploads\/2026\/03\/Grand-Hotel-Reykjavik-128-300x200.webp 300w, https:\/\/hotelreykjavikgrand.com\/wp-content\/uploads\/2026\/03\/Grand-Hotel-Reykjavik-128-1024x684.webp 1024w, https:\/\/hotelreykjavikgrand.com\/wp-content\/uploads\/2026\/03\/Grand-Hotel-Reykjavik-128-768x513.webp 768w\" sizes=\"(max-width: 1277px) 100vw, 1277px\" \/>\t\t\t\t\t\t\t\t\t\t\t\t\t\t\t<\/div>\n\t\t\t\t\t<\/div>\n\t\t<\/div>\n\t\t\t\t\t<\/div>\n\t\t<\/section>\n\t\t\t\t<section class=\"elementor-section elementor-top-section elementor-element elementor-element-3e6242b elementor-section-height-min-height elementor-section-stretched elementor-section-full_width elementor-section-items-stretch elementor-section-height-default elementor-section-column-vertical-align-stretch\" data-id=\"3e6242b\" data-element_type=\"section\" data-e-type=\"section\" data-settings=\"{&quot;stretch_section&quot;:&quot;section-stretched&quot;}\">\n\t\t\t\t\t\t<div class=\"elementor-container elementor-column-gap-no\">\n\t\t\t\t\t<div class=\"elementor-column elementor-col-50 elementor-top-column elementor-element elementor-element-2664f22\" data-id=\"2664f22\" data-element_type=\"column\" data-e-type=\"column\">\n\t\t\t<div class=\"elementor-widget-wrap elementor-element-populated\">\n\t\t\t\t\t\t<div class=\"elementor-element elementor-element-d47ccc4 elementor-widget__width-initial elementor-widget-mobile__width-inherit elementor-invisible nuss-elementor-loading nuss-slide-in-right elementor-widget elementor-widget-image\" data-id=\"d47ccc4\" data-element_type=\"widget\" data-e-type=\"widget\" data-settings=\"{&quot;_animation&quot;:&quot;nussSlideInRight&quot;}\" data-widget_type=\"image.default\">\n\t\t\t\t\t\t\t\t\t\t\t\t\t\t\t<img loading=\"lazy\" decoding=\"async\" width=\"1280\" height=\"853\" src=\"https:\/\/hotelreykjavikgrand.com\/wp-content\/uploads\/2026\/03\/Grand-Hotel-Reykjavik-113.webp\" class=\"attachment-full size-full wp-image-5717\" alt=\"\" srcset=\"https:\/\/hotelreykjavikgrand.com\/wp-content\/uploads\/2026\/03\/Grand-Hotel-Reykjavik-113.webp 1280w, https:\/\/hotelreykjavikgrand.com\/wp-content\/uploads\/2026\/03\/Grand-Hotel-Reykjavik-113-300x200.webp 300w, https:\/\/hotelreykjavikgrand.com\/wp-content\/uploads\/2026\/03\/Grand-Hotel-Reykjavik-113-1024x682.webp 1024w, https:\/\/hotelreykjavikgrand.com\/wp-content\/uploads\/2026\/03\/Grand-Hotel-Reykjavik-113-768x512.webp 768w\" sizes=\"(max-width: 1280px) 100vw, 1280px\" \/>\t\t\t\t\t\t\t\t\t\t\t\t\t\t\t<\/div>\n\t\t\t\t\t<\/div>\n\t\t<\/div>\n\t\t\t\t<div class=\"elementor-column elementor-col-50 elementor-top-column elementor-element elementor-element-c2e679d\" data-id=\"c2e679d\" data-element_type=\"column\" data-e-type=\"column\">\n\t\t\t<div class=\"elementor-widget-wrap elementor-element-populated\">\n\t\t\t\t\t\t<div class=\"elementor-element elementor-element-46d20e0 elementor-invisible elementor-widget elementor-widget-text-editor\" data-id=\"46d20e0\" data-element_type=\"widget\" data-e-type=\"widget\" data-settings=\"{&quot;_animation&quot;:&quot;nussFadeInUp&quot;}\" data-widget_type=\"text-editor.default\">\n\t\t\t\t\t\t\t\t\t<p><span class=\"qwen-markdown-text\">Les repas sont un point fort de tout s\u00e9jour, et le restaurant sur place <\/span><strong class=\"qwen-markdown-strong\"><span class=\"qwen-markdown-text\">Grande Brasserie<\/span><\/strong><span class=\"qwen-markdown-text\"> Nous proposons un large choix de repas tout au long de la journ\u00e9e. Du copieux petit-d\u00e9jeuner offert pour bien commencer la journ\u00e9e aux d\u00e9jeuners et d\u00eeners raffin\u00e9s compos\u00e9s de produits frais, vous trouverez tout ce qu&#039;il vous faut. <\/span><strong class=\"qwen-markdown-strong\"><span class=\"qwen-markdown-text\">ingr\u00e9dients locaux islandais<\/span><\/strong><span class=\"qwen-markdown-text\">, L&#039;exp\u00e9rience culinaire y est \u00e0 la fois vari\u00e9e et m\u00e9morable. La carte propose des options pour tous les r\u00e9gimes alimentaires, y compris v\u00e9g\u00e9tariennes et sans gluten, tandis que le bar et le salon chaleureux offrent un cadre id\u00e9al pour se d\u00e9tendre au coin du feu avec un cocktail soigneusement s\u00e9lectionn\u00e9.<\/span><\/p>\t\t\t\t\t\t\t\t<\/div>\n\t\t\t\t\t<\/div>\n\t\t<\/div>\n\t\t\t\t\t<\/div>\n\t\t<\/section>\n\t\t\t\t<section class=\"elementor-section elementor-top-section elementor-element elementor-element-33cd8aa elementor-section-height-min-height elementor-section-stretched elementor-section-full_width elementor-section-items-stretch elementor-section-height-default elementor-section-column-vertical-align-stretch\" data-id=\"33cd8aa\" data-element_type=\"section\" data-e-type=\"section\" data-settings=\"{&quot;stretch_section&quot;:&quot;section-stretched&quot;}\">\n\t\t\t\t\t\t<div class=\"elementor-container elementor-column-gap-no\">\n\t\t\t\t\t<div class=\"elementor-column elementor-col-50 elementor-top-column elementor-element elementor-element-2556572\" data-id=\"2556572\" data-element_type=\"column\" data-e-type=\"column\">\n\t\t\t<div class=\"elementor-widget-wrap elementor-element-populated\">\n\t\t\t\t\t\t<div class=\"elementor-element elementor-element-211adcf elementor-invisible elementor-widget elementor-widget-text-editor\" data-id=\"211adcf\" data-element_type=\"widget\" data-e-type=\"widget\" data-settings=\"{&quot;_animation&quot;:&quot;nussFadeInUp&quot;}\" data-widget_type=\"text-editor.default\">\n\t\t\t\t\t\t\t\t\t<p><span class=\"qwen-markdown-text\">Outre les chambres et la restauration, le Grand Hotel Reykjav\u00edk propose une vaste gamme de services pour agr\u00e9menter votre s\u00e9jour. Les clients b\u00e9n\u00e9ficient d&#039;un acc\u00e8s complet \u00e0 des installations modernes. <\/span><strong class=\"qwen-markdown-strong\"><span class=\"qwen-markdown-text\">centre de remise en forme et spa<\/span><\/strong><span class=\"qwen-markdown-text\" data-spm-anchor-id=\"a2ty_o01.29997173.0.i41.d85a5171GHG0Zx\">, Id\u00e9al pour se ressourcer apr\u00e8s une journ\u00e9e de visites, le Grand Hotel Reykjav\u00edk propose un service de conciergerie, de change, de consigne \u00e0 bagages et d&#039;organisation d&#039;excursions. L&#039;h\u00f4tel dispose \u00e9galement d&#039;un parking gratuit, d&#039;une navette a\u00e9roport et d&#039;un service de location de voitures. Gr\u00e2ce \u00e0 ses prestations haut de gamme, son emplacement privil\u00e9gi\u00e9 au 28 rue Sigt\u00fan et son personnel attentionn\u00e9, le Grand Hotel Reykjav\u00edk est un choix de premier ordre pour les voyageurs en qu\u00eate d&#039;un h\u00e9bergement de qualit\u00e9 dans la r\u00e9gion de la capitale islandaise. L&#039;\u00e9quipe de r\u00e9ception est disponible 24h\/24 et propose un service de change, une consigne \u00e0 bagages et des excursions.<\/span><\/p>\t\t\t\t\t\t\t\t<\/div>\n\t\t\t\t\t<\/div>\n\t\t<\/div>\n\t\t\t\t<div class=\"elementor-column elementor-col-50 elementor-top-column elementor-element elementor-element-d3ac99f\" data-id=\"d3ac99f\" data-element_type=\"column\" data-e-type=\"column\">\n\t\t\t<div class=\"elementor-widget-wrap elementor-element-populated\">\n\t\t\t\t\t\t<div class=\"elementor-element elementor-element-f1acc42 elementor-widget__width-initial elementor-widget-mobile__width-inherit elementor-invisible nuss-elementor-loading nuss-slide-in-right elementor-widget elementor-widget-image\" data-id=\"f1acc42\" data-element_type=\"widget\" data-e-type=\"widget\" data-settings=\"{&quot;_animation&quot;:&quot;nussSlideInRight&quot;}\" data-widget_type=\"image.default\">\n\t\t\t\t\t\t\t\t\t\t\t\t\t\t\t<img loading=\"lazy\" decoding=\"async\" width=\"1280\" height=\"835\" src=\"https:\/\/hotelreykjavikgrand.com\/wp-content\/uploads\/2026\/03\/Grand-Hotel-Reykjavik-105.webp\" class=\"attachment-full size-full wp-image-5709\" alt=\"\" srcset=\"https:\/\/hotelreykjavikgrand.com\/wp-content\/uploads\/2026\/03\/Grand-Hotel-Reykjavik-105.webp 1280w, https:\/\/hotelreykjavikgrand.com\/wp-content\/uploads\/2026\/03\/Grand-Hotel-Reykjavik-105-300x196.webp 300w, https:\/\/hotelreykjavikgrand.com\/wp-content\/uploads\/2026\/03\/Grand-Hotel-Reykjavik-105-1024x668.webp 1024w, https:\/\/hotelreykjavikgrand.com\/wp-content\/uploads\/2026\/03\/Grand-Hotel-Reykjavik-105-768x501.webp 768w\" sizes=\"(max-width: 1280px) 100vw, 1280px\" \/>\t\t\t\t\t\t\t\t\t\t\t\t\t\t\t<\/div>\n\t\t\t\t\t<\/div>\n\t\t<\/div>\n\t\t\t\t\t<\/div>\n\t\t<\/section>\n\t\t\t\t<\/div>","protected":false},"excerpt":{"rendered":"<p>Discover Nordic Elegance at Grand H\u00f3tel Reykjav\u00edk Experience the perfect blend of urban convenience and natural tranquility at Grand H\u00f3tel Reykjav\u00edk, a premier 4-star accommodation located at Sigt\u00fan 28, Laugardalur, Reykjavik, Capital Region, 105, Iceland. Situated in the green heart of the city, this hotel offers guests a serene retreat away from the bustling city [&hellip;]<\/p>\n","protected":false},"author":1,"featured_media":0,"parent":0,"menu_order":0,"comment_status":"closed","ping_status":"closed","template":"","meta":{"footnotes":""},"class_list":["post-5266","page","type-page","status-publish","hentry","post-no-thumbnail"],"_links":{"self":[{"href":"https:\/\/hotelreykjavikgrand.com\/fr\/wp-json\/wp\/v2\/pages\/5266","targetHints":{"allow":["GET"]}}],"collection":[{"href":"https:\/\/hotelreykjavikgrand.com\/fr\/wp-json\/wp\/v2\/pages"}],"about":[{"href":"https:\/\/hotelreykjavikgrand.com\/fr\/wp-json\/wp\/v2\/types\/page"}],"author":[{"embeddable":true,"href":"https:\/\/hotelreykjavikgrand.com\/fr\/wp-json\/wp\/v2\/users\/1"}],"replies":[{"embeddable":true,"href":"https:\/\/hotelreykjavikgrand.com\/fr\/wp-json\/wp\/v2\/comments?post=5266"}],"version-history":[{"count":0,"href":"https:\/\/hotelreykjavikgrand.com\/fr\/wp-json\/wp\/v2\/pages\/5266\/revisions"}],"wp:attachment":[{"href":"https:\/\/hotelreykjavikgrand.com\/fr\/wp-json\/wp\/v2\/media?parent=5266"}],"curies":[{"name":"wp","href":"https:\/\/api.w.org\/{rel}","templated":true}]}}