{"id":2109,"date":"2021-03-26T08:35:58","date_gmt":"2021-03-26T08:35:58","guid":{"rendered":"http:\/\/localhost\/nuss\/?page_id=536"},"modified":"2026-03-20T06:28:56","modified_gmt":"2026-03-20T06:28:56","slug":"installations-commerciales","status":"publish","type":"page","link":"https:\/\/hotelreykjavikgrand.com\/fr\/business-facilities\/","title":{"rendered":"Installations commerciales"},"content":{"rendered":"<div data-elementor-type=\"wp-page\" data-elementor-id=\"2109\" class=\"elementor elementor-2109\">\n\t\t\t\t\t\t<section class=\"elementor-section elementor-top-section elementor-element elementor-element-bb2901b elementor-section-boxed elementor-section-gap-beside-yes elementor-section-height-default elementor-section-height-default elementor-section-column-vertical-align-stretch\" data-id=\"bb2901b\" data-element_type=\"section\" data-e-type=\"section\">\n\t\t\t\t\t\t<div class=\"elementor-container elementor-column-gap-extended\">\n\t\t\t\t\t<div class=\"elementor-column elementor-col-100 elementor-top-column elementor-element elementor-element-1919db9\" data-id=\"1919db9\" data-element_type=\"column\" data-e-type=\"column\">\n\t\t\t<div class=\"elementor-widget-wrap elementor-element-populated\">\n\t\t\t\t\t\t<div class=\"elementor-element elementor-element-41a7b9c elementor-widget__width-initial elementor-invisible elementor-widget elementor-widget-text-editor\" data-id=\"41a7b9c\" data-element_type=\"widget\" data-e-type=\"widget\" data-settings=\"{&quot;_animation&quot;:&quot;nussFadeInUp&quot;}\" data-widget_type=\"text-editor.default\">\n\t\t\t\t\t\t\t\t\tInstallations d&#039;affaires de premier ordre au Grand H\u00f3tel Reykjav\u00edk\t\t\t\t\t\t\t\t<\/div>\n\t\t\t\t\t<\/div>\n\t\t<\/div>\n\t\t\t\t\t<\/div>\n\t\t<\/section>\n\t\t<div class=\"elementor-element elementor-element-3486940 e-flex e-con-boxed e-con e-parent\" data-id=\"3486940\" data-element_type=\"container\" data-e-type=\"container\">\n\t\t\t\t\t<div class=\"e-con-inner\">\n\t\t\t\t<div class=\"elementor-element elementor-element-34b6fbf elementor-widget elementor-widget-nuss-image-gallery\" data-id=\"34b6fbf\" data-element_type=\"widget\" data-e-type=\"widget\" data-widget_type=\"nuss-image-gallery.default\">\n\t\t\t\t<div class=\"elementor-widget-container\">\n\t\t\t\t\t\t\t<div class=\"nuss-grid-wrapper\" data-grid=\"{&quot;type&quot;:&quot;grid&quot;,&quot;ratio&quot;:null,&quot;columns&quot;:3,&quot;gutter&quot;:30}\">\r\n\t\t\t<div class=\"nuss-grid lazy-grid\">\r\n\t\t\t\t<div class=\"grid-sizer\"><\/div>\r\n\r\n\t\t\t\t\t\t\t\t\t\t\t\t<div class=\"grid-item\">\r\n\t\t\t\t\t\t<div class=\"nuss-box\">\t\t<div class=\"nuss-image image\">\r\n\t\t\t<img decoding=\"async\"  src=\"https:\/\/hotelreykjavikgrand.com\/wp-content\/uploads\/2026\/03\/Grand-Hotel-Reykjavik-86.webp\" alt=\"Grand H\u00f4tel Reykjavik (86)\" \/>\t\t<\/div>\r\n\t\t\t\t<\/div>\t\t\t\t\t<\/div>\r\n\t\t\t\t\t\t<div class=\"grid-item\">\r\n\t\t\t\t\t\t<div class=\"nuss-box\">\t\t<div class=\"nuss-image image\">\r\n\t\t\t<img decoding=\"async\"  src=\"https:\/\/hotelreykjavikgrand.com\/wp-content\/uploads\/2026\/03\/Grand-Hotel-Reykjavik-85.webp\" alt=\"Grand H\u00f4tel Reykjavik (85)\" \/>\t\t<\/div>\r\n\t\t\t\t<\/div>\t\t\t\t\t<\/div>\r\n\t\t\t\t\t\t<div class=\"grid-item\">\r\n\t\t\t\t\t\t<div class=\"nuss-box\">\t\t<div class=\"nuss-image image\">\r\n\t\t\t<img decoding=\"async\"  src=\"https:\/\/hotelreykjavikgrand.com\/wp-content\/uploads\/2026\/03\/Grand-Hotel-Reykjavik-84.webp\" alt=\"Grand H\u00f4tel Reykjavik (84)\" \/>\t\t<\/div>\r\n\t\t\t\t<\/div>\t\t\t\t\t<\/div>\r\n\t\t\t\t\t\t<div class=\"grid-item\">\r\n\t\t\t\t\t\t<div class=\"nuss-box\">\t\t<div class=\"nuss-image image\">\r\n\t\t\t<img decoding=\"async\"  src=\"https:\/\/hotelreykjavikgrand.com\/wp-content\/uploads\/2026\/03\/Grand-Hotel-Reykjavik-83.webp\" alt=\"Grand H\u00f4tel Reykjavik (83)\" \/>\t\t<\/div>\r\n\t\t\t\t<\/div>\t\t\t\t\t<\/div>\r\n\t\t\t\t\t\t<div class=\"grid-item\">\r\n\t\t\t\t\t\t<div class=\"nuss-box\">\t\t<div class=\"nuss-image image\">\r\n\t\t\t<img decoding=\"async\"  src=\"https:\/\/hotelreykjavikgrand.com\/wp-content\/uploads\/2026\/03\/Grand-Hotel-Reykjavik-82.webp\" alt=\"Grand H\u00f4tel Reykjavik (82)\" \/>\t\t<\/div>\r\n\t\t\t\t<\/div>\t\t\t\t\t<\/div>\r\n\t\t\t\t\t\t<div class=\"grid-item\">\r\n\t\t\t\t\t\t<div class=\"nuss-box\">\t\t<div class=\"nuss-image image\">\r\n\t\t\t<img decoding=\"async\"  src=\"https:\/\/hotelreykjavikgrand.com\/wp-content\/uploads\/2026\/03\/Grand-Hotel-Reykjavik-81.webp\" alt=\"Grand H\u00f4tel Reykjavik (81)\" \/>\t\t<\/div>\r\n\t\t\t\t<\/div>\t\t\t\t\t<\/div>\r\n\t\t\t\t\t\t<div class=\"grid-item\">\r\n\t\t\t\t\t\t<div class=\"nuss-box\">\t\t<div class=\"nuss-image image\">\r\n\t\t\t<img decoding=\"async\"  src=\"https:\/\/hotelreykjavikgrand.com\/wp-content\/uploads\/2026\/03\/Grand-Hotel-Reykjavik-80.webp\" alt=\"Grand H\u00f4tel Reykjavik (80)\" \/>\t\t<\/div>\r\n\t\t\t\t<\/div>\t\t\t\t\t<\/div>\r\n\t\t\t\t\t\t<div class=\"grid-item\">\r\n\t\t\t\t\t\t<div class=\"nuss-box\">\t\t<div class=\"nuss-image image\">\r\n\t\t\t<img decoding=\"async\"  src=\"https:\/\/hotelreykjavikgrand.com\/wp-content\/uploads\/2026\/03\/Grand-Hotel-Reykjavik-79.webp\" alt=\"Grand H\u00f4tel Reykjavik (79)\" \/>\t\t<\/div>\r\n\t\t\t\t<\/div>\t\t\t\t\t<\/div>\r\n\t\t\t\t\t\t<div class=\"grid-item\">\r\n\t\t\t\t\t\t<div class=\"nuss-box\">\t\t<div class=\"nuss-image image\">\r\n\t\t\t<img decoding=\"async\"  src=\"https:\/\/hotelreykjavikgrand.com\/wp-content\/uploads\/2026\/03\/Grand-Hotel-Reykjavik-78.webp\" alt=\"Grand H\u00f4tel Reykjavik (78)\" \/>\t\t<\/div>\r\n\t\t\t\t<\/div>\t\t\t\t\t<\/div>\r\n\t\t\t\t\t\t<div class=\"grid-item\">\r\n\t\t\t\t\t\t<div class=\"nuss-box\">\t\t<div class=\"nuss-image image\">\r\n\t\t\t<img decoding=\"async\"  src=\"https:\/\/hotelreykjavikgrand.com\/wp-content\/uploads\/2026\/03\/Grand-Hotel-Reykjavik-77.webp\" alt=\"Grand H\u00f4tel Reykjavik (77)\" \/>\t\t<\/div>\r\n\t\t\t\t<\/div>\t\t\t\t\t<\/div>\r\n\t\t\t\t\t\t<div class=\"grid-item\">\r\n\t\t\t\t\t\t<div class=\"nuss-box\">\t\t<div class=\"nuss-image image\">\r\n\t\t\t<img decoding=\"async\"  src=\"https:\/\/hotelreykjavikgrand.com\/wp-content\/uploads\/2026\/03\/Grand-Hotel-Reykjavik-75.webp\" alt=\"Grand H\u00f4tel Reykjavik (75)\" \/>\t\t<\/div>\r\n\t\t\t\t<\/div>\t\t\t\t\t<\/div>\r\n\t\t\t\t\t\t<div class=\"grid-item\">\r\n\t\t\t\t\t\t<div class=\"nuss-box\">\t\t<div class=\"nuss-image image\">\r\n\t\t\t<img decoding=\"async\"  src=\"https:\/\/hotelreykjavikgrand.com\/wp-content\/uploads\/2026\/03\/Grand-Hotel-Reykjavik-74.webp\" alt=\"Grand H\u00f4tel Reykjavik (74)\" \/>\t\t<\/div>\r\n\t\t\t\t<\/div>\t\t\t\t\t<\/div>\r\n\t\t\t\t\t\t<div class=\"grid-item\">\r\n\t\t\t\t\t\t<div class=\"nuss-box\">\t\t<div class=\"nuss-image image\">\r\n\t\t\t<img decoding=\"async\"  src=\"https:\/\/hotelreykjavikgrand.com\/wp-content\/uploads\/2026\/03\/Grand-Hotel-Reykjavik-72.webp\" alt=\"Grand H\u00f4tel Reykjavik (72)\" \/>\t\t<\/div>\r\n\t\t\t\t<\/div>\t\t\t\t\t<\/div>\r\n\t\t\t\t\t\t<div class=\"grid-item\">\r\n\t\t\t\t\t\t<div class=\"nuss-box\">\t\t<div class=\"nuss-image image\">\r\n\t\t\t<img decoding=\"async\"  src=\"https:\/\/hotelreykjavikgrand.com\/wp-content\/uploads\/2026\/03\/Grand-Hotel-Reykjavik-70.webp\" alt=\"Grand H\u00f4tel Reykjavik (70)\" \/>\t\t<\/div>\r\n\t\t\t\t<\/div>\t\t\t\t\t<\/div>\r\n\t\t\t\t\t\t<div class=\"grid-item\">\r\n\t\t\t\t\t\t<div class=\"nuss-box\">\t\t<div class=\"nuss-image image\">\r\n\t\t\t<img decoding=\"async\"  src=\"https:\/\/hotelreykjavikgrand.com\/wp-content\/uploads\/2026\/03\/Grand-Hotel-Reykjavik-50.webp\" alt=\"Grand H\u00f4tel Reykjavik (50)\" \/>\t\t<\/div>\r\n\t\t\t\t<\/div>\t\t\t\t\t<\/div>\r\n\t\t\t\t\t\t\t\r\n\t\t\t<\/div>\r\n\t\t<\/div>\r\n\t\t\t\t\t\t<\/div>\n\t\t\t\t<\/div>\n\t\t\t\t\t<\/div>\n\t\t\t\t<\/div>\n\t\t<div class=\"elementor-element elementor-element-20bb3c3 e-flex e-con-boxed e-con e-parent\" data-id=\"20bb3c3\" data-element_type=\"container\" data-e-type=\"container\">\n\t\t\t\t\t<div class=\"e-con-inner\">\n\t\t\t\t<div class=\"elementor-element elementor-element-694e822 elementor-widget elementor-widget-text-editor\" data-id=\"694e822\" data-element_type=\"widget\" data-e-type=\"widget\" data-widget_type=\"text-editor.default\">\n\t\t\t\t\t\t\t\t\t<div class=\"qwen-markdown-paragraph\"><span class=\"qwen-markdown-text\" data-spm-anchor-id=\"a2ty_o01.29997173.0.i35.d85a5171GHG0Zx\">Pour les voyageurs d&#039;affaires et les organisateurs d&#039;\u00e9v\u00e9nements \u00e0 la recherche d&#039;un lieu sophistiqu\u00e9 en Islande, <\/span><strong class=\"qwen-markdown-strong\"><span class=\"qwen-markdown-text\">Grand H\u00f4tel Reykjav\u00edk<\/span><\/strong><span class=\"qwen-markdown-text\"> se distingue comme un choix de premier ordre pour les r\u00e9unions professionnelles et les s\u00e9jours de direction. Situ\u00e9 \u00e0 <\/span><strong class=\"qwen-markdown-strong\"><span class=\"qwen-markdown-text\">Sigt\u00fan 28, Laugardalur, Reykjavik, R\u00e9gion de la capitale, 105, Islande<\/span><\/strong><span class=\"qwen-markdown-text\">, Cet h\u00f4tel 4 \u00e9toiles allie une situation strat\u00e9gique et un cadre paisible, ce qui en fait un lieu id\u00e9al pour la productivit\u00e9, les conf\u00e9rences et les rencontres professionnelles. Que vous organisiez une conf\u00e9rence d&#039;envergure, une r\u00e9union de direction en petit comit\u00e9 ou que vous ayez besoin d&#039;un espace de travail enti\u00e8rement \u00e9quip\u00e9 pour un voyage d&#039;affaires, l&#039;h\u00f4tel propose des infrastructures compl\u00e8tes con\u00e7ues pour r\u00e9pondre aux exigences du monde professionnel moderne.<\/span><\/div><div class=\"qwen-markdown-space\">\u00a0<\/div><h2 class=\"qwen-markdown-heading\"><strong class=\"qwen-markdown-strong\"><span class=\"qwen-markdown-text\">Espaces de r\u00e9union et de conf\u00e9rence polyvalents<\/span><\/strong><\/h2><div class=\"qwen-markdown-paragraph\"><span class=\"qwen-markdown-text\">Le Grand Hotel Reykjav\u00edk propose une gamme de salles de r\u00e9union et de conf\u00e9rences modulables pouvant accueillir des groupes de diff\u00e9rentes tailles. Con\u00e7us avec un souci d&#039;esth\u00e9tique et de fonctionnalit\u00e9, ces espaces offrent un cadre \u00e0 la fois neutre et inspirant pour vos \u00e9v\u00e9nements professionnels. Les salles de conf\u00e9rence sont \u00e9quip\u00e9es d&#039;une technologie audiovisuelle de pointe, incluant des projecteurs haute d\u00e9finition, des syst\u00e8mes de sonorisation et une connexion internet haut d\u00e9bit, garantissant des pr\u00e9sentations et des visioconf\u00e9rences fluides. La lumi\u00e8re naturelle baigne de nombreuses salles de r\u00e9union, cr\u00e9ant une atmosph\u00e8re stimulante propice \u00e0 la concentration et \u00e0 la collaboration. L&#039;\u00e9quipe \u00e9v\u00e9nementielle de l&#039;h\u00f4tel est \u00e0 votre disposition pour vous accompagner dans l&#039;am\u00e9nagement des salles et veiller \u00e0 ce que la configuration corresponde parfaitement \u00e0 vos besoins, qu&#039;il s&#039;agisse d&#039;une disposition en amphith\u00e9\u00e2tre pour des conf\u00e9rences ou d&#039;une configuration en salle de conseil pour des r\u00e9unions.<\/span><\/div><div class=\"qwen-markdown-space\">\u00a0<\/div><h2 class=\"qwen-markdown-heading\"><strong class=\"qwen-markdown-strong\"><span class=\"qwen-markdown-text\">Centre de connectivit\u00e9 et d&#039;affaires avanc\u00e9<\/span><\/strong><\/h2><div class=\"qwen-markdown-paragraph\"><span class=\"qwen-markdown-text\">Dans le paysage num\u00e9rique actuel, une connectivit\u00e9 fiable est primordiale. Le Grand Hotel Reykjav\u00edk offre gratuitement une connectivit\u00e9 fiable. <\/span><strong class=\"qwen-markdown-strong\"><span class=\"qwen-markdown-text\">Wi-Fi haut d\u00e9bit<\/span><\/strong><span class=\"qwen-markdown-text\"> Dans tout l&#039;\u00e9tablissement, des \u00e9quipements permettent aux clients de rester connect\u00e9s \u00e0 leurs bureaux et \u00e0 leurs clients sans interruption. Pour ceux qui ont besoin d&#039;un soutien administratif suppl\u00e9mentaire, l&#039;h\u00f4tel propose un centre d&#039;affaires. Celui-ci comprend un acc\u00e8s \u00e0 des services d&#039;impression, de photocopie et de num\u00e9risation, permettant aux voyageurs de g\u00e9rer efficacement leurs documents essentiels. Les espaces de travail d\u00e9di\u00e9s au sein de l&#039;h\u00f4tel sont con\u00e7us pour minimiser les distractions, offrant un environnement calme o\u00f9 les cadres peuvent se concentrer sur leurs t\u00e2ches importantes entre deux r\u00e9unions.<\/span><\/div><div class=\"qwen-markdown-space\">\u00a0<\/div><h2 class=\"qwen-markdown-heading\"><strong class=\"qwen-markdown-strong\"><span class=\"qwen-markdown-text\">H\u00e9bergement de direction pour le travail et le repos<\/span><\/strong><\/h2><div class=\"qwen-markdown-paragraph\"><span class=\"qwen-markdown-text\">Con\u00e7ues pour r\u00e9pondre aux besoins des voyageurs d&#039;affaires, les chambres du Grand Hotel Reykjav\u00edk peuvent \u00eatre am\u00e9nag\u00e9es en bureaux individuels. Chaque chambre est \u00e9quip\u00e9e d&#039;un bureau ergonomique, d&#039;un \u00e9clairage optimal et de si\u00e8ges confortables, cr\u00e9ant ainsi un espace de travail productif. Des \u00e9quipements tels que des planches \u00e0 repasser, des coffres-forts pour s\u00e9curiser objets de valeur et documents, ainsi que des multiprises r\u00e9pondent aux exigences des voyageurs d&#039;affaires internationaux. Apr\u00e8s une longue journ\u00e9e de travail, les clients peuvent se d\u00e9tendre dans des chambres pens\u00e9es pour un confort maximal, garantissant ainsi une bonne r\u00e9cup\u00e9ration pour le lendemain. L&#039;insonorisation et le calme de l&#039;emplacement \u00e0 Laugardalur assurent une nuit paisible, loin du bruit souvent associ\u00e9 aux h\u00f4tels du centre-ville.<\/span><\/div><div class=\"qwen-markdown-space\">\u00a0<\/div><h2 class=\"qwen-markdown-heading\"><strong class=\"qwen-markdown-strong\"><span class=\"qwen-markdown-text\">Services aux entreprises et restauration<\/span><\/strong><\/h2><div class=\"qwen-markdown-paragraph\"><span class=\"qwen-markdown-text\">La r\u00e9ussite d&#039;un \u00e9v\u00e9nement professionnel repose sur une logistique sans faille et un accueil de qualit\u00e9. Le Grand Hotel Reykjav\u00edk propose des services de restauration sur mesure pour vos r\u00e9unions et conf\u00e9rences, allant de pauses caf\u00e9 \u00e9nergisantes avec viennoiseries fra\u00eeches \u00e0 des d\u00e9jeuners et d\u00eeners d&#039;affaires complets servis dans les meilleures salles. <\/span><strong class=\"qwen-markdown-strong\"><span class=\"qwen-markdown-text\">Grande Brasserie<\/span><\/strong><span class=\"qwen-markdown-text\">. L&#039;\u00e9quipe culinaire peut s&#039;adapter aux restrictions alimentaires, garantissant ainsi le bien-\u00eatre de tous les participants. Outre la restauration, la r\u00e9ception et la conciergerie de l&#039;h\u00f4tel, ouvertes 24h\/24, offrent une assistance pr\u00e9cieuse, notamment pour le change de devises, les transferts et les navettes a\u00e9roport. Pour les clients \u00e9trangers, le bureau d&#039;excursions peut \u00e9galement organiser des activit\u00e9s de team building ou des s\u00e9jours de loisirs \u00e0 la d\u00e9couverte des paysages uniques de l&#039;Islande, alliant ainsi travail et souvenirs inoubliables.<\/span><\/div><div class=\"qwen-markdown-space\">\u00a0<\/div><h2 class=\"qwen-markdown-heading\"><strong class=\"qwen-markdown-strong\"><span class=\"qwen-markdown-text\">Emplacement strat\u00e9gique pour les voyages d&#039;affaires<\/span><\/strong><\/h2><div class=\"qwen-markdown-paragraph\"><span class=\"qwen-markdown-text\">L&#039;adresse de l&#039;h\u00f4tel est <\/span><strong class=\"qwen-markdown-strong\"><span class=\"qwen-markdown-text\">Sigt\u00fan 28<\/span><\/strong><span class=\"qwen-markdown-text\"> Son emplacement privil\u00e9gi\u00e9 le rend id\u00e9al pour les voyageurs d&#039;affaires. Situ\u00e9 dans la vall\u00e9e de Laugardalur, l&#039;h\u00f4tel est proche des principaux quartiers d&#039;affaires et des bureaux gouvernementaux, tout en offrant un acc\u00e8s facile \u00e0\u2026 <\/span><strong class=\"qwen-markdown-strong\"><span class=\"qwen-markdown-text\">A\u00e9roport international de Keflavik<\/span><\/strong><span class=\"qwen-markdown-text\"> L&#039;\u00e9tablissement est facilement accessible par les grands axes routiers. Sa proximit\u00e9 avec le centre-ville de Reykjavik permet de se rendre rapidement chez les clients ou \u00e0 des \u00e9v\u00e9nements professionnels, tandis que la verdure environnante offre une pause bienvenue loin de l&#039;agitation urbaine. Un parking gratuit est mis \u00e0 la disposition des personnes louant une voiture ou se rendant \u00e0 leurs r\u00e9unions, un atout suppl\u00e9mentaire pour les voyageurs d&#039;affaires.<\/span><\/div><div class=\"qwen-markdown-space\">\u00a0<\/div><div class=\"qwen-markdown-paragraph\" data-spm-anchor-id=\"a2ty_o01.29997173.0.i34.d85a5171GHG0Zx\"><span class=\"qwen-markdown-text\">Choisissez le Grand Hotel Reykjav\u00edk pour votre prochain \u00e9v\u00e9nement professionnel ou voyage d&#039;affaires, o\u00f9 l&#039;excellence professionnelle rencontre l&#039;hospitalit\u00e9 islandaise. Gr\u00e2ce \u00e0 ses infrastructures modernes, son service d&#039;assistance d\u00e9di\u00e9 et son souci du confort, l&#039;h\u00f4tel vous garantit d&#039;atteindre vos objectifs professionnels avec efficacit\u00e9 et \u00e9l\u00e9gance.<\/span><\/div>\t\t\t\t\t\t\t\t<\/div>\n\t\t\t\t\t<\/div>\n\t\t\t\t<\/div>\n\t\t\t\t<\/div>","protected":false},"excerpt":{"rendered":"<p>Premier Business Facilities at Grand H\u00f3tel Reykjav\u00edk For corporate travelers and event planners seeking a sophisticated venue in Iceland, Grand H\u00f3tel Reykjav\u00edk stands out as a leading choice for professional gatherings and executive stays. Located at Sigt\u00fan 28, Laugardalur, Reykjavik, Capital Region, 105, Iceland, this 4-star hotel combines strategic accessibility with a tranquil environment, making [&hellip;]<\/p>\n","protected":false},"author":1,"featured_media":0,"parent":0,"menu_order":0,"comment_status":"closed","ping_status":"closed","template":"elementor_header_footer","meta":{"footnotes":""},"class_list":["post-2109","page","type-page","status-publish","hentry","post-no-thumbnail"],"_links":{"self":[{"href":"https:\/\/hotelreykjavikgrand.com\/fr\/wp-json\/wp\/v2\/pages\/2109","targetHints":{"allow":["GET"]}}],"collection":[{"href":"https:\/\/hotelreykjavikgrand.com\/fr\/wp-json\/wp\/v2\/pages"}],"about":[{"href":"https:\/\/hotelreykjavikgrand.com\/fr\/wp-json\/wp\/v2\/types\/page"}],"author":[{"embeddable":true,"href":"https:\/\/hotelreykjavikgrand.com\/fr\/wp-json\/wp\/v2\/users\/1"}],"replies":[{"embeddable":true,"href":"https:\/\/hotelreykjavikgrand.com\/fr\/wp-json\/wp\/v2\/comments?post=2109"}],"version-history":[{"count":0,"href":"https:\/\/hotelreykjavikgrand.com\/fr\/wp-json\/wp\/v2\/pages\/2109\/revisions"}],"wp:attachment":[{"href":"https:\/\/hotelreykjavikgrand.com\/fr\/wp-json\/wp\/v2\/media?parent=2109"}],"curies":[{"name":"wp","href":"https:\/\/api.w.org\/{rel}","templated":true}]}}