{"id":612,"date":"2021-03-26T10:04:13","date_gmt":"2021-03-26T10:04:13","guid":{"rendered":"http:\/\/localhost\/nuss\/?page_id=612"},"modified":"2026-03-20T05:18:35","modified_gmt":"2026-03-20T05:18:35","slug":"restaurante","status":"publish","type":"page","link":"https:\/\/hotelreykjavikgrand.com\/es\/restaurant\/","title":{"rendered":"Restaurante"},"content":{"rendered":"<div data-elementor-type=\"wp-page\" data-elementor-id=\"612\" class=\"elementor elementor-612\">\n\t\t\t\t\t\t<section class=\"elementor-section elementor-top-section elementor-element elementor-element-e2effe8 elementor-section-boxed elementor-section-gap-beside-yes elementor-section-height-default elementor-section-height-default elementor-section-column-vertical-align-stretch\" data-id=\"e2effe8\" data-element_type=\"section\" data-e-type=\"section\">\n\t\t\t\t\t\t<div class=\"elementor-container elementor-column-gap-extended\">\n\t\t\t\t\t<div class=\"elementor-column elementor-col-100 elementor-top-column elementor-element elementor-element-e18f688\" data-id=\"e18f688\" data-element_type=\"column\" data-e-type=\"column\">\n\t\t\t<div class=\"elementor-widget-wrap elementor-element-populated\">\n\t\t\t\t\t\t<div class=\"elementor-element elementor-element-6db146d elementor-widget__width-initial elementor-invisible elementor-widget elementor-widget-text-editor\" data-id=\"6db146d\" data-element_type=\"widget\" data-e-type=\"widget\" data-settings=\"{&quot;_animation&quot;:&quot;nussFadeInUp&quot;}\" data-widget_type=\"text-editor.default\">\n\t\t\t\t\t\t\t\t\tExcelencia culinaria en el Grand H\u00f3tel Reykjav\u00edk: La experiencia Grand Brasserie.\t\t\t\t\t\t\t\t<\/div>\n\t\t\t\t\t<\/div>\n\t\t<\/div>\n\t\t\t\t\t<\/div>\n\t\t<\/section>\n\t\t<div class=\"elementor-element elementor-element-296ebd9 e-flex e-con-boxed e-con e-parent\" data-id=\"296ebd9\" data-element_type=\"container\" data-e-type=\"container\">\n\t\t\t\t\t<div class=\"e-con-inner\">\n\t\t\t\t<div class=\"elementor-element elementor-element-f624388 elementor-widget elementor-widget-nuss-image-gallery\" data-id=\"f624388\" data-element_type=\"widget\" data-e-type=\"widget\" data-widget_type=\"nuss-image-gallery.default\">\n\t\t\t\t<div class=\"elementor-widget-container\">\n\t\t\t\t\t\t\t<div class=\"nuss-grid-wrapper\" data-grid=\"{&quot;type&quot;:&quot;grid&quot;,&quot;ratio&quot;:null,&quot;columns&quot;:3,&quot;gutter&quot;:30}\">\r\n\t\t\t<div class=\"nuss-grid lazy-grid\">\r\n\t\t\t\t<div class=\"grid-sizer\"><\/div>\r\n\r\n\t\t\t\t\t\t\t\t\t\t\t\t<div class=\"grid-item\">\r\n\t\t\t\t\t\t<div class=\"nuss-box\">\t\t<div class=\"nuss-image image\">\r\n\t\t\t<img decoding=\"async\"  src=\"https:\/\/hotelreykjavikgrand.com\/wp-content\/uploads\/2026\/03\/Grand-Hotel-Reykjavik-123.webp\" alt=\"Grand Hotel Reykjavik (123)\" \/>\t\t<\/div>\r\n\t\t\t\t<\/div>\t\t\t\t\t<\/div>\r\n\t\t\t\t\t\t<div class=\"grid-item\">\r\n\t\t\t\t\t\t<div class=\"nuss-box\">\t\t<div class=\"nuss-image image\">\r\n\t\t\t<img decoding=\"async\"  src=\"https:\/\/hotelreykjavikgrand.com\/wp-content\/uploads\/2026\/03\/Grand-Hotel-Reykjavik-121.webp\" alt=\"Grand Hotel Reykjavik (121)\" \/>\t\t<\/div>\r\n\t\t\t\t<\/div>\t\t\t\t\t<\/div>\r\n\t\t\t\t\t\t<div class=\"grid-item\">\r\n\t\t\t\t\t\t<div class=\"nuss-box\">\t\t<div class=\"nuss-image image\">\r\n\t\t\t<img decoding=\"async\"  src=\"https:\/\/hotelreykjavikgrand.com\/wp-content\/uploads\/2026\/03\/Grand-Hotel-Reykjavik-120.webp\" alt=\"Grand Hotel Reykjavik (120)\" \/>\t\t<\/div>\r\n\t\t\t\t<\/div>\t\t\t\t\t<\/div>\r\n\t\t\t\t\t\t<div class=\"grid-item\">\r\n\t\t\t\t\t\t<div class=\"nuss-box\">\t\t<div class=\"nuss-image image\">\r\n\t\t\t<img decoding=\"async\"  src=\"https:\/\/hotelreykjavikgrand.com\/wp-content\/uploads\/2026\/03\/Grand-Hotel-Reykjavik-119.webp\" alt=\"Grand Hotel Reykjavik (119)\" \/>\t\t<\/div>\r\n\t\t\t\t<\/div>\t\t\t\t\t<\/div>\r\n\t\t\t\t\t\t<div class=\"grid-item\">\r\n\t\t\t\t\t\t<div class=\"nuss-box\">\t\t<div class=\"nuss-image image\">\r\n\t\t\t<img decoding=\"async\"  src=\"https:\/\/hotelreykjavikgrand.com\/wp-content\/uploads\/2026\/03\/Grand-Hotel-Reykjavik-118.webp\" alt=\"Grand Hotel Reykjavik (118)\" \/>\t\t<\/div>\r\n\t\t\t\t<\/div>\t\t\t\t\t<\/div>\r\n\t\t\t\t\t\t<div class=\"grid-item\">\r\n\t\t\t\t\t\t<div class=\"nuss-box\">\t\t<div class=\"nuss-image image\">\r\n\t\t\t<img decoding=\"async\"  src=\"https:\/\/hotelreykjavikgrand.com\/wp-content\/uploads\/2026\/03\/Grand-Hotel-Reykjavik-117.webp\" alt=\"Grand Hotel Reykjavik (117)\" \/>\t\t<\/div>\r\n\t\t\t\t<\/div>\t\t\t\t\t<\/div>\r\n\t\t\t\t\t\t<div class=\"grid-item\">\r\n\t\t\t\t\t\t<div class=\"nuss-box\">\t\t<div class=\"nuss-image image\">\r\n\t\t\t<img decoding=\"async\"  src=\"https:\/\/hotelreykjavikgrand.com\/wp-content\/uploads\/2026\/03\/Grand-Hotel-Reykjavik-115.webp\" alt=\"Grand Hotel Reykjavik (115)\" \/>\t\t<\/div>\r\n\t\t\t\t<\/div>\t\t\t\t\t<\/div>\r\n\t\t\t\t\t\t<div class=\"grid-item\">\r\n\t\t\t\t\t\t<div class=\"nuss-box\">\t\t<div class=\"nuss-image image\">\r\n\t\t\t<img decoding=\"async\"  src=\"https:\/\/hotelreykjavikgrand.com\/wp-content\/uploads\/2026\/03\/Grand-Hotel-Reykjavik-114.webp\" alt=\"Grand Hotel Reykjavik (114)\" \/>\t\t<\/div>\r\n\t\t\t\t<\/div>\t\t\t\t\t<\/div>\r\n\t\t\t\t\t\t<div class=\"grid-item\">\r\n\t\t\t\t\t\t<div class=\"nuss-box\">\t\t<div class=\"nuss-image image\">\r\n\t\t\t<img decoding=\"async\"  src=\"https:\/\/hotelreykjavikgrand.com\/wp-content\/uploads\/2026\/03\/Grand-Hotel-Reykjavik-113.webp\" alt=\"Grand Hotel Reykjavik (113)\" \/>\t\t<\/div>\r\n\t\t\t\t<\/div>\t\t\t\t\t<\/div>\r\n\t\t\t\t\t\t<div class=\"grid-item\">\r\n\t\t\t\t\t\t<div class=\"nuss-box\">\t\t<div class=\"nuss-image image\">\r\n\t\t\t<img decoding=\"async\"  src=\"https:\/\/hotelreykjavikgrand.com\/wp-content\/uploads\/2026\/03\/Grand-Hotel-Reykjavik-112.webp\" alt=\"Grand Hotel Reykjavik (112)\" \/>\t\t<\/div>\r\n\t\t\t\t<\/div>\t\t\t\t\t<\/div>\r\n\t\t\t\t\t\t<div class=\"grid-item\">\r\n\t\t\t\t\t\t<div class=\"nuss-box\">\t\t<div class=\"nuss-image image\">\r\n\t\t\t<img decoding=\"async\"  src=\"https:\/\/hotelreykjavikgrand.com\/wp-content\/uploads\/2026\/03\/Grand-Hotel-Reykjavik-101.webp\" alt=\"Grand Hotel Reykjavik (101)\" \/>\t\t<\/div>\r\n\t\t\t\t<\/div>\t\t\t\t\t<\/div>\r\n\t\t\t\t\t\t<div class=\"grid-item\">\r\n\t\t\t\t\t\t<div class=\"nuss-box\">\t\t<div class=\"nuss-image image\">\r\n\t\t\t<img decoding=\"async\"  src=\"https:\/\/hotelreykjavikgrand.com\/wp-content\/uploads\/2026\/03\/Grand-Hotel-Reykjavik-104.webp\" alt=\"Grand Hotel Reykjavik (104)\" \/>\t\t<\/div>\r\n\t\t\t\t<\/div>\t\t\t\t\t<\/div>\r\n\t\t\t\t\t\t<div class=\"grid-item\">\r\n\t\t\t\t\t\t<div class=\"nuss-box\">\t\t<div class=\"nuss-image image\">\r\n\t\t\t<img decoding=\"async\"  src=\"https:\/\/hotelreykjavikgrand.com\/wp-content\/uploads\/2026\/03\/Grand-Hotel-Reykjavik-91.webp\" alt=\"Grand Hotel Reykjavik (91)\" \/>\t\t<\/div>\r\n\t\t\t\t<\/div>\t\t\t\t\t<\/div>\r\n\t\t\t\t\t\t<div class=\"grid-item\">\r\n\t\t\t\t\t\t<div class=\"nuss-box\">\t\t<div class=\"nuss-image image\">\r\n\t\t\t<img decoding=\"async\"  src=\"https:\/\/hotelreykjavikgrand.com\/wp-content\/uploads\/2026\/03\/Grand-Hotel-Reykjavik-87.webp\" alt=\"Grand Hotel Reykjavik (87)\" \/>\t\t<\/div>\r\n\t\t\t\t<\/div>\t\t\t\t\t<\/div>\r\n\t\t\t\t\t\t<div class=\"grid-item\">\r\n\t\t\t\t\t\t<div class=\"nuss-box\">\t\t<div class=\"nuss-image image\">\r\n\t\t\t<img decoding=\"async\"  src=\"https:\/\/hotelreykjavikgrand.com\/wp-content\/uploads\/2026\/03\/Grand-Hotel-Reykjavik-71.webp\" alt=\"Grand Hotel Reykjavik (71)\" \/>\t\t<\/div>\r\n\t\t\t\t<\/div>\t\t\t\t\t<\/div>\r\n\t\t\t\t\t\t<div class=\"grid-item\">\r\n\t\t\t\t\t\t<div class=\"nuss-box\">\t\t<div class=\"nuss-image image\">\r\n\t\t\t<img decoding=\"async\"  src=\"https:\/\/hotelreykjavikgrand.com\/wp-content\/uploads\/2026\/03\/Grand-Hotel-Reykjavik-106.webp\" alt=\"Grand Hotel Reykjavik (106)\" \/>\t\t<\/div>\r\n\t\t\t\t<\/div>\t\t\t\t\t<\/div>\r\n\t\t\t\t\t\t<div class=\"grid-item\">\r\n\t\t\t\t\t\t<div class=\"nuss-box\">\t\t<div class=\"nuss-image image\">\r\n\t\t\t<img decoding=\"async\"  src=\"https:\/\/hotelreykjavikgrand.com\/wp-content\/uploads\/2026\/03\/Grand-Hotel-Reykjavik-122.webp\" alt=\"Grand Hotel Reykjavik (122)\" \/>\t\t<\/div>\r\n\t\t\t\t<\/div>\t\t\t\t\t<\/div>\r\n\t\t\t\t\t\t<div class=\"grid-item\">\r\n\t\t\t\t\t\t<div class=\"nuss-box\">\t\t<div class=\"nuss-image image\">\r\n\t\t\t<img decoding=\"async\"  src=\"https:\/\/hotelreykjavikgrand.com\/wp-content\/uploads\/2026\/03\/Grand-Hotel-Reykjavik-116.webp\" alt=\"Grand Hotel Reykjavik (116)\" \/>\t\t<\/div>\r\n\t\t\t\t<\/div>\t\t\t\t\t<\/div>\r\n\t\t\t\t\t\t\t\r\n\t\t\t<\/div>\r\n\t\t<\/div>\r\n\t\t\t\t\t\t<\/div>\n\t\t\t\t<\/div>\n\t\t\t\t\t<\/div>\n\t\t\t\t<\/div>\n\t\t<div class=\"elementor-element elementor-element-cc31cc8 e-flex e-con-boxed e-con e-parent\" data-id=\"cc31cc8\" data-element_type=\"container\" data-e-type=\"container\">\n\t\t\t\t\t<div class=\"e-con-inner\">\n\t\t\t\t<div class=\"elementor-element elementor-element-1c23a33 elementor-widget elementor-widget-text-editor\" data-id=\"1c23a33\" data-element_type=\"widget\" data-e-type=\"widget\" data-widget_type=\"text-editor.default\">\n\t\t\t\t\t\t\t\t\t<h2 class=\"qwen-markdown-heading\"><strong class=\"qwen-markdown-strong\"><span class=\"qwen-markdown-text\" data-spm-anchor-id=\"a2ty_o01.29997173.0.i23.d85a5171GHG0Zx\">Un sabor de Islandia en el coraz\u00f3n de Laugardalur<\/span><\/strong><\/h2><div class=\"qwen-markdown-paragraph\"><span class=\"qwen-markdown-text\" data-spm-anchor-id=\"a2ty_o01.29997173.0.i22.d85a5171GHG0Zx\">Cenar en <\/span><strong class=\"qwen-markdown-strong\"><span class=\"qwen-markdown-text\">Grand Hotel Reykjav\u00edk<\/span><\/strong><span class=\"qwen-markdown-text\" data-spm-anchor-id=\"a2ty_o01.29997173.0.i21.d85a5171GHG0Zx\"> es m\u00e1s que una simple comida; es un viaje a trav\u00e9s de los sabores del Norte. Ubicado en <\/span><strong class=\"qwen-markdown-strong\"><span class=\"qwen-markdown-text\">Sigt\u00fan 28, Laugardalur, Reikiavik, Regi\u00f3n Capital, 105, Islandia<\/span><\/strong><span class=\"qwen-markdown-text\">, el restaurante insignia del hotel, el <\/span><strong class=\"qwen-markdown-strong\"><span class=\"qwen-markdown-text\">Gran Brasserie<\/span><\/strong><span class=\"qwen-markdown-text\">, Nuestro restaurante ofrece a hu\u00e9spedes y visitantes una experiencia culinaria excepcional, basada en la calidad, la tradici\u00f3n y la innovaci\u00f3n moderna. Ya sea que comience el d\u00eda con un abundante desayuno, disfrute de un almuerzo de negocios o saboree una cena tranquila despu\u00e9s de un d\u00eda explorando las maravillas de Islandia, nuestro restaurante le brinda un ambiente c\u00e1lido y acogedor que complementa la sofisticada comodidad del hotel.<\/span><\/div><div class=\"qwen-markdown-space\">\u00a0<\/div><h2 class=\"qwen-markdown-heading\"><strong class=\"qwen-markdown-strong\"><span class=\"qwen-markdown-text\">Ingredientes frescos islandeses y maestr\u00eda culinaria.<\/span><\/strong><\/h2><div class=\"qwen-markdown-paragraph\"><span class=\"qwen-markdown-text\">En el centro del men\u00fa de Grand Brasserie hay un profundo compromiso con el uso de <\/span><strong class=\"qwen-markdown-strong\"><span class=\"qwen-markdown-text\">ingredientes islandeses frescos y de origen local<\/span><\/strong><span class=\"qwen-markdown-text\">. Nuestros chefs ejecutivos colaboran estrechamente con agricultores, pescadores y productores locales para garantizar que cada plato refleje la pureza y la riqueza de la despensa natural de Islandia. Desde el salvelino \u00e1rtico y el cordero hasta los productos l\u00e1cteos y las verduras de temporada, los ingredientes cuentan la historia de la tierra y el mar que nos rodean. Este enfoque de la granja a la mesa no solo apoya a la comunidad local, sino que tambi\u00e9n garantiza que los hu\u00e9spedes disfruten de los sabores m\u00e1s frescos durante su estancia. El equipo culinario combina recetas tradicionales islandesas con t\u00e9cnicas internacionales, creando un men\u00fa que resulta a la vez familiar y emocionante.<\/span><\/div><div class=\"qwen-markdown-space\">\u00a0<\/div><h2 class=\"qwen-markdown-heading\"><strong class=\"qwen-markdown-strong\"><span class=\"qwen-markdown-text\">Opciones para comer durante todo el d\u00eda<\/span><\/strong><\/h2><div class=\"qwen-markdown-paragraph\"><span class=\"qwen-markdown-text\">El Grand Brasserie est\u00e1 dise\u00f1ado para satisfacer los diversos horarios de los viajeros modernos. Servimos <\/span><strong class=\"qwen-markdown-strong\"><span class=\"qwen-markdown-text\">Desayuno, brunch, almuerzo y cena todos los d\u00edas.<\/span><\/strong><span class=\"qwen-markdown-text\">, garantizando que siempre tengas a tu disposici\u00f3n comida deliciosa cuando la necesites. <\/span><\/div><div class=\"qwen-markdown-space\">\u00a0<\/div><div class=\"qwen-markdown-paragraph\"><strong class=\"qwen-markdown-strong\"><span class=\"qwen-markdown-text\">Desayuno<\/span><\/strong><span class=\"qwen-markdown-text\"> Los hu\u00e9spedes suelen destacarlo como una experiencia excepcional. El extenso buf\u00e9 ofrece una amplia variedad de platos fr\u00edos y calientes, incluyendo boller\u00eda reci\u00e9n horneada, yogur island\u00e9s y skyr, embutidos, quesos, frutas y platos de huevo preparados al momento. Es la opci\u00f3n perfecta para recargar energ\u00edas despu\u00e9s de un d\u00eda de turismo o reuniones de negocios.<\/span><\/div><div class=\"qwen-markdown-space\">\u00a0<\/div><div class=\"qwen-markdown-paragraph\"><strong class=\"qwen-markdown-strong\"><span class=\"qwen-markdown-text\">Almuerzo y cena<\/span><\/strong><span class=\"qwen-markdown-text\"> Los men\u00fas ofrecen una sofisticada selecci\u00f3n de platos. Los comensales pueden deleitarse con especialidades islandesas cl\u00e1sicas como sopas sustanciosas, mariscos frescos y carnes cocinadas a fuego lento, junto con platos internacionales como pastas, filetes y ensaladas. El men\u00fa cambia seg\u00fan la temporada para reflejar los mejores productos disponibles durante todo el a\u00f1o, garantizando que quienes nos visitan repetidamente siempre descubran algo nuevo para disfrutar.<\/span><\/div><div class=\"qwen-markdown-space\">\u00a0<\/div><h2 class=\"qwen-markdown-heading\"><strong class=\"qwen-markdown-strong\"><span class=\"qwen-markdown-text\">Comidas incluidas para todos los hu\u00e9spedes.<\/span><\/strong><\/h2><div class=\"qwen-markdown-paragraph\"><span class=\"qwen-markdown-text\">Creemos que una experiencia gastron\u00f3mica excepcional debe ser accesible para todos. El Grand Brasserie se enorgullece de satisfacer diversas necesidades. <\/span><strong class=\"qwen-markdown-strong\"><span class=\"qwen-markdown-text\">requisitos y preferencias diet\u00e9ticas<\/span><\/strong><span class=\"qwen-markdown-text\">. Nuestra cocina est\u00e1 bien equipada para preparar <\/span><strong class=\"qwen-markdown-strong\"><span class=\"qwen-markdown-text\">comidas vegetarianas, veganas y sin gluten<\/span><\/strong><span class=\"qwen-markdown-text\"> Sin comprometer el sabor ni la presentaci\u00f3n. Si tiene alergias o restricciones diet\u00e9ticas espec\u00edficas, le animamos a que hable con nuestro personal, que con gusto le asesorar\u00e1 sobre las opciones del men\u00fa o le preparar\u00e1 platos personalizados. <\/span><\/div><div class=\"qwen-markdown-space\">\u00a0<\/div><div class=\"qwen-markdown-paragraph\"><span class=\"qwen-markdown-text\">Las familias tambi\u00e9n son bienvenidas. <\/span><strong class=\"qwen-markdown-strong\"><span class=\"qwen-markdown-text\">men\u00fa infantil<\/span><\/strong><span class=\"qwen-markdown-text\"> Ofrece porciones y sabores pensados para ni\u00f1os, que resultan atractivos para los paladares m\u00e1s j\u00f3venes, garantizando que comer fuera sea una experiencia agradable y sin estr\u00e9s tanto para padres como para hijos. Disponemos de tronas y asientos elevadores para que los m\u00e1s peque\u00f1os se sientan c\u00f3modos en la mesa.<\/span><\/div><div class=\"qwen-markdown-space\">\u00a0<\/div><h2 class=\"qwen-markdown-heading\"><strong class=\"qwen-markdown-strong\"><span class=\"qwen-markdown-text\">Relajaci\u00f3n junto a la chimenea<\/span><\/strong><\/h2><div class=\"qwen-markdown-paragraph\"><span class=\"qwen-markdown-text\">M\u00e1s all\u00e1 del comedor principal, el Grand H\u00f3tel Reykjav\u00edk cuenta con un acogedor <\/span><strong class=\"qwen-markdown-strong\"><span class=\"qwen-markdown-text\">zona de bar y sal\u00f3n<\/span><\/strong><span class=\"qwen-markdown-text\"> Centrado en una acogedora chimenea, este espacio ofrece el entorno perfecto para relajarse tras un largo d\u00eda de viaje o trabajo. Los hu\u00e9spedes pueden disfrutar de una cuidada selecci\u00f3n de vinos, cervezas artesanales, licores islandeses y c\u00f3cteles de autor. El sal\u00f3n tambi\u00e9n sirve aperitivos y refrescos, lo que lo convierte en el lugar ideal para reuniones informales o conversaciones tranquilas. El ambiente est\u00e1 dise\u00f1ado para reflejar el hygge n\u00f3rdico, ofreciendo una sensaci\u00f3n de calidez y relajaci\u00f3n esencial durante los meses m\u00e1s fr\u00edos de Islandia.<\/span><\/div><div class=\"qwen-markdown-space\">\u00a0<\/div><h2 class=\"qwen-markdown-heading\"><strong class=\"qwen-markdown-strong\"><span class=\"qwen-markdown-text\">Comodidad y servicio de habitaciones<\/span><\/strong><\/h2><div class=\"qwen-markdown-paragraph\"><span class=\"qwen-markdown-text\">Comprendiendo las necesidades de nuestros hu\u00e9spedes, el Grand H\u00f3tel Reykjav\u00edk ofrece <\/span><strong class=\"qwen-markdown-strong\"><span class=\"qwen-markdown-text\">servicio de comidas en la habitaci\u00f3n<\/span><\/strong><span class=\"qwen-markdown-text\"> Para mayor comodidad. Tanto si prefiere disfrutar de su desayuno en la privacidad de su habitaci\u00f3n antes de una reuni\u00f3n temprana como si desea relajarse con un tentempi\u00e9 nocturno tras una excursi\u00f3n para contemplar las auroras boreales, nuestro servicio de habitaciones le garantiza una entrega puntual y de calidad. Este servicio extiende la experiencia de Grand Brasserie a la comodidad de su espacio personal, manteniendo los mismos altos est\u00e1ndares de calidad y presentaci\u00f3n de los platos.<\/span><\/div><div class=\"qwen-markdown-space\">\u00a0<\/div><h2 class=\"qwen-markdown-heading\"><strong class=\"qwen-markdown-strong\"><span class=\"qwen-markdown-text\">Eventos y reuniones privadas<\/span><\/strong><\/h2><div class=\"qwen-markdown-paragraph\"><span class=\"qwen-markdown-text\">El restaurante y los espacios para reuniones asociados tambi\u00e9n pueden utilizarse para <\/span><strong class=\"qwen-markdown-strong\"><span class=\"qwen-markdown-text\">eventos privados y reuniones corporativas<\/span><\/strong><span class=\"qwen-markdown-text\">. Ya sea que organice una cena de negocios, una celebraci\u00f3n o una peque\u00f1a conferencia, nuestro equipo de eventos puede personalizar los men\u00fas y la distribuci\u00f3n de las mesas para satisfacer sus necesidades espec\u00edficas. La combinaci\u00f3n de un servicio profesional y una gastronom\u00eda exquisita convierte al Grand H\u00f3tel Reykjav\u00edk en un lugar ideal para recibir invitados en la regi\u00f3n de la capital.<\/span><\/div><div class=\"qwen-markdown-space\">\u00a0<\/div><h2 class=\"qwen-markdown-heading\"><strong class=\"qwen-markdown-strong\"><span class=\"qwen-markdown-text\">Vis\u00edtanos en Sigt\u00fan 28<\/span><\/strong><\/h2><div class=\"qwen-markdown-paragraph\"><span class=\"qwen-markdown-text\">Para viajeros que buscan <\/span><strong class=\"qwen-markdown-strong\"><span class=\"qwen-markdown-text\">Los mejores restaurantes de Reikiavik<\/span><\/strong><span class=\"qwen-markdown-text\">, el Grand Brasserie del Grand H\u00f3tel Reykjav\u00edk ofrece una experiencia memorable que combina el arte culinario con una hospitalidad genuina. Nuestra ubicaci\u00f3n en <\/span><strong class=\"qwen-markdown-strong\"><span class=\"qwen-markdown-text\">Laugardalur<\/span><\/strong><span class=\"qwen-markdown-text\"> Ofrece un entorno tranquilo para disfrutar de sus comidas, alejado del ruido del centro de la ciudad pero con f\u00e1cil acceso desde cualquier punto de la capital. <\/span><\/div><div class=\"qwen-markdown-space\">\u00a0<\/div><div class=\"qwen-markdown-paragraph\" data-spm-anchor-id=\"a2ty_o01.29997173.0.i24.d85a5171GHG0Zx\"><span class=\"qwen-markdown-text\">Te invitamos a unirte a nosotros en <\/span><strong class=\"qwen-markdown-strong\"><span class=\"qwen-markdown-text\">Sigt\u00fan 28, Laugardalur, Reikiavik, Regi\u00f3n Capital, 105, Islandia<\/span><\/strong><span class=\"qwen-markdown-text\">, Descubra por qu\u00e9 nuestro restaurante es uno de los favoritos tanto de los lugare\u00f1os como de los visitantes internacionales. En el Grand H\u00f3tel Reykjav\u00edk, cada comida es una oportunidad para saborear lo mejor de Islandia con la comodidad de sentirse como en casa.<\/span><\/div>\t\t\t\t\t\t\t\t<\/div>\n\t\t\t\t\t<\/div>\n\t\t\t\t<\/div>\n\t\t\t\t<\/div>","protected":false},"excerpt":{"rendered":"<p>Culinary Excellence at Grand H\u00f3tel Reykjav\u00edk: The Grand Brasserie Experience A Taste of Iceland in the Heart of Laugardalur Dining at Grand H\u00f3tel Reykjav\u00edk is more than just a meal; it is a journey through the flavors of the North. Located at Sigt\u00fan 28, Laugardalur, Reykjavik, Capital Region, 105, Iceland, the hotel&#8217;s signature dining venue, [&hellip;]<\/p>\n","protected":false},"author":1,"featured_media":0,"parent":0,"menu_order":0,"comment_status":"closed","ping_status":"closed","template":"elementor_header_footer","meta":{"footnotes":""},"class_list":["post-612","page","type-page","status-publish","hentry","post-no-thumbnail"],"_links":{"self":[{"href":"https:\/\/hotelreykjavikgrand.com\/es\/wp-json\/wp\/v2\/pages\/612","targetHints":{"allow":["GET"]}}],"collection":[{"href":"https:\/\/hotelreykjavikgrand.com\/es\/wp-json\/wp\/v2\/pages"}],"about":[{"href":"https:\/\/hotelreykjavikgrand.com\/es\/wp-json\/wp\/v2\/types\/page"}],"author":[{"embeddable":true,"href":"https:\/\/hotelreykjavikgrand.com\/es\/wp-json\/wp\/v2\/users\/1"}],"replies":[{"embeddable":true,"href":"https:\/\/hotelreykjavikgrand.com\/es\/wp-json\/wp\/v2\/comments?post=612"}],"version-history":[{"count":0,"href":"https:\/\/hotelreykjavikgrand.com\/es\/wp-json\/wp\/v2\/pages\/612\/revisions"}],"wp:attachment":[{"href":"https:\/\/hotelreykjavikgrand.com\/es\/wp-json\/wp\/v2\/media?parent=612"}],"curies":[{"name":"wp","href":"https:\/\/api.w.org\/{rel}","templated":true}]}}