{"id":2109,"date":"2021-03-26T08:35:58","date_gmt":"2021-03-26T08:35:58","guid":{"rendered":"http:\/\/localhost\/nuss\/?page_id=536"},"modified":"2026-03-20T06:28:56","modified_gmt":"2026-03-20T06:28:56","slug":"instalaciones-comerciales","status":"publish","type":"page","link":"https:\/\/hotelreykjavikgrand.com\/es\/business-facilities\/","title":{"rendered":"Instalaciones comerciales"},"content":{"rendered":"<div data-elementor-type=\"wp-page\" data-elementor-id=\"2109\" class=\"elementor elementor-2109\">\n\t\t\t\t\t\t<section class=\"elementor-section elementor-top-section elementor-element elementor-element-bb2901b elementor-section-boxed elementor-section-gap-beside-yes elementor-section-height-default elementor-section-height-default elementor-section-column-vertical-align-stretch\" data-id=\"bb2901b\" data-element_type=\"section\" data-e-type=\"section\">\n\t\t\t\t\t\t<div class=\"elementor-container elementor-column-gap-extended\">\n\t\t\t\t\t<div class=\"elementor-column elementor-col-100 elementor-top-column elementor-element elementor-element-1919db9\" data-id=\"1919db9\" data-element_type=\"column\" data-e-type=\"column\">\n\t\t\t<div class=\"elementor-widget-wrap elementor-element-populated\">\n\t\t\t\t\t\t<div class=\"elementor-element elementor-element-41a7b9c elementor-widget__width-initial elementor-invisible elementor-widget elementor-widget-text-editor\" data-id=\"41a7b9c\" data-element_type=\"widget\" data-e-type=\"widget\" data-settings=\"{&quot;_animation&quot;:&quot;nussFadeInUp&quot;}\" data-widget_type=\"text-editor.default\">\n\t\t\t\t\t\t\t\t\tInstalaciones empresariales Premier en el Grand H\u00f3tel Reykjav\u00edk\t\t\t\t\t\t\t\t<\/div>\n\t\t\t\t\t<\/div>\n\t\t<\/div>\n\t\t\t\t\t<\/div>\n\t\t<\/section>\n\t\t<div class=\"elementor-element elementor-element-3486940 e-flex e-con-boxed e-con e-parent\" data-id=\"3486940\" data-element_type=\"container\" data-e-type=\"container\">\n\t\t\t\t\t<div class=\"e-con-inner\">\n\t\t\t\t<div class=\"elementor-element elementor-element-34b6fbf elementor-widget elementor-widget-nuss-image-gallery\" data-id=\"34b6fbf\" data-element_type=\"widget\" data-e-type=\"widget\" data-widget_type=\"nuss-image-gallery.default\">\n\t\t\t\t<div class=\"elementor-widget-container\">\n\t\t\t\t\t\t\t<div class=\"nuss-grid-wrapper\" data-grid=\"{&quot;type&quot;:&quot;grid&quot;,&quot;ratio&quot;:null,&quot;columns&quot;:3,&quot;gutter&quot;:30}\">\r\n\t\t\t<div class=\"nuss-grid lazy-grid\">\r\n\t\t\t\t<div class=\"grid-sizer\"><\/div>\r\n\r\n\t\t\t\t\t\t\t\t\t\t\t\t<div class=\"grid-item\">\r\n\t\t\t\t\t\t<div class=\"nuss-box\">\t\t<div class=\"nuss-image image\">\r\n\t\t\t<img decoding=\"async\"  src=\"https:\/\/hotelreykjavikgrand.com\/wp-content\/uploads\/2026\/03\/Grand-Hotel-Reykjavik-86.webp\" alt=\"Grand Hotel Reykjavik (86)\" \/>\t\t<\/div>\r\n\t\t\t\t<\/div>\t\t\t\t\t<\/div>\r\n\t\t\t\t\t\t<div class=\"grid-item\">\r\n\t\t\t\t\t\t<div class=\"nuss-box\">\t\t<div class=\"nuss-image image\">\r\n\t\t\t<img decoding=\"async\"  src=\"https:\/\/hotelreykjavikgrand.com\/wp-content\/uploads\/2026\/03\/Grand-Hotel-Reykjavik-85.webp\" alt=\"Grand Hotel Reykjavik (85)\" \/>\t\t<\/div>\r\n\t\t\t\t<\/div>\t\t\t\t\t<\/div>\r\n\t\t\t\t\t\t<div class=\"grid-item\">\r\n\t\t\t\t\t\t<div class=\"nuss-box\">\t\t<div class=\"nuss-image image\">\r\n\t\t\t<img decoding=\"async\"  src=\"https:\/\/hotelreykjavikgrand.com\/wp-content\/uploads\/2026\/03\/Grand-Hotel-Reykjavik-84.webp\" alt=\"Grand Hotel Reykjavik (84)\" \/>\t\t<\/div>\r\n\t\t\t\t<\/div>\t\t\t\t\t<\/div>\r\n\t\t\t\t\t\t<div class=\"grid-item\">\r\n\t\t\t\t\t\t<div class=\"nuss-box\">\t\t<div class=\"nuss-image image\">\r\n\t\t\t<img decoding=\"async\"  src=\"https:\/\/hotelreykjavikgrand.com\/wp-content\/uploads\/2026\/03\/Grand-Hotel-Reykjavik-83.webp\" alt=\"Grand Hotel Reykjavik (83)\" \/>\t\t<\/div>\r\n\t\t\t\t<\/div>\t\t\t\t\t<\/div>\r\n\t\t\t\t\t\t<div class=\"grid-item\">\r\n\t\t\t\t\t\t<div class=\"nuss-box\">\t\t<div class=\"nuss-image image\">\r\n\t\t\t<img decoding=\"async\"  src=\"https:\/\/hotelreykjavikgrand.com\/wp-content\/uploads\/2026\/03\/Grand-Hotel-Reykjavik-82.webp\" alt=\"Grand Hotel Reykjavik (82)\" \/>\t\t<\/div>\r\n\t\t\t\t<\/div>\t\t\t\t\t<\/div>\r\n\t\t\t\t\t\t<div class=\"grid-item\">\r\n\t\t\t\t\t\t<div class=\"nuss-box\">\t\t<div class=\"nuss-image image\">\r\n\t\t\t<img decoding=\"async\"  src=\"https:\/\/hotelreykjavikgrand.com\/wp-content\/uploads\/2026\/03\/Grand-Hotel-Reykjavik-81.webp\" alt=\"Grand Hotel Reykjavik (81)\" \/>\t\t<\/div>\r\n\t\t\t\t<\/div>\t\t\t\t\t<\/div>\r\n\t\t\t\t\t\t<div class=\"grid-item\">\r\n\t\t\t\t\t\t<div class=\"nuss-box\">\t\t<div class=\"nuss-image image\">\r\n\t\t\t<img decoding=\"async\"  src=\"https:\/\/hotelreykjavikgrand.com\/wp-content\/uploads\/2026\/03\/Grand-Hotel-Reykjavik-80.webp\" alt=\"Grand Hotel Reykjavik (80)\" \/>\t\t<\/div>\r\n\t\t\t\t<\/div>\t\t\t\t\t<\/div>\r\n\t\t\t\t\t\t<div class=\"grid-item\">\r\n\t\t\t\t\t\t<div class=\"nuss-box\">\t\t<div class=\"nuss-image image\">\r\n\t\t\t<img decoding=\"async\"  src=\"https:\/\/hotelreykjavikgrand.com\/wp-content\/uploads\/2026\/03\/Grand-Hotel-Reykjavik-79.webp\" alt=\"Grand Hotel Reykjavik (79)\" \/>\t\t<\/div>\r\n\t\t\t\t<\/div>\t\t\t\t\t<\/div>\r\n\t\t\t\t\t\t<div class=\"grid-item\">\r\n\t\t\t\t\t\t<div class=\"nuss-box\">\t\t<div class=\"nuss-image image\">\r\n\t\t\t<img decoding=\"async\"  src=\"https:\/\/hotelreykjavikgrand.com\/wp-content\/uploads\/2026\/03\/Grand-Hotel-Reykjavik-78.webp\" alt=\"Grand Hotel Reykjavik (78)\" \/>\t\t<\/div>\r\n\t\t\t\t<\/div>\t\t\t\t\t<\/div>\r\n\t\t\t\t\t\t<div class=\"grid-item\">\r\n\t\t\t\t\t\t<div class=\"nuss-box\">\t\t<div class=\"nuss-image image\">\r\n\t\t\t<img decoding=\"async\"  src=\"https:\/\/hotelreykjavikgrand.com\/wp-content\/uploads\/2026\/03\/Grand-Hotel-Reykjavik-77.webp\" alt=\"Grand Hotel Reykjavik (77)\" \/>\t\t<\/div>\r\n\t\t\t\t<\/div>\t\t\t\t\t<\/div>\r\n\t\t\t\t\t\t<div class=\"grid-item\">\r\n\t\t\t\t\t\t<div class=\"nuss-box\">\t\t<div class=\"nuss-image image\">\r\n\t\t\t<img decoding=\"async\"  src=\"https:\/\/hotelreykjavikgrand.com\/wp-content\/uploads\/2026\/03\/Grand-Hotel-Reykjavik-75.webp\" alt=\"Grand Hotel Reykjavik (75)\" \/>\t\t<\/div>\r\n\t\t\t\t<\/div>\t\t\t\t\t<\/div>\r\n\t\t\t\t\t\t<div class=\"grid-item\">\r\n\t\t\t\t\t\t<div class=\"nuss-box\">\t\t<div class=\"nuss-image image\">\r\n\t\t\t<img decoding=\"async\"  src=\"https:\/\/hotelreykjavikgrand.com\/wp-content\/uploads\/2026\/03\/Grand-Hotel-Reykjavik-74.webp\" alt=\"Grand Hotel Reykjavik (74)\" \/>\t\t<\/div>\r\n\t\t\t\t<\/div>\t\t\t\t\t<\/div>\r\n\t\t\t\t\t\t<div class=\"grid-item\">\r\n\t\t\t\t\t\t<div class=\"nuss-box\">\t\t<div class=\"nuss-image image\">\r\n\t\t\t<img decoding=\"async\"  src=\"https:\/\/hotelreykjavikgrand.com\/wp-content\/uploads\/2026\/03\/Grand-Hotel-Reykjavik-72.webp\" alt=\"Grand Hotel Reykjavik (72)\" \/>\t\t<\/div>\r\n\t\t\t\t<\/div>\t\t\t\t\t<\/div>\r\n\t\t\t\t\t\t<div class=\"grid-item\">\r\n\t\t\t\t\t\t<div class=\"nuss-box\">\t\t<div class=\"nuss-image image\">\r\n\t\t\t<img decoding=\"async\"  src=\"https:\/\/hotelreykjavikgrand.com\/wp-content\/uploads\/2026\/03\/Grand-Hotel-Reykjavik-70.webp\" alt=\"Grand Hotel Reykjavik (70)\" \/>\t\t<\/div>\r\n\t\t\t\t<\/div>\t\t\t\t\t<\/div>\r\n\t\t\t\t\t\t<div class=\"grid-item\">\r\n\t\t\t\t\t\t<div class=\"nuss-box\">\t\t<div class=\"nuss-image image\">\r\n\t\t\t<img decoding=\"async\"  src=\"https:\/\/hotelreykjavikgrand.com\/wp-content\/uploads\/2026\/03\/Grand-Hotel-Reykjavik-50.webp\" alt=\"Grand Hotel Reykjavik (50)\" \/>\t\t<\/div>\r\n\t\t\t\t<\/div>\t\t\t\t\t<\/div>\r\n\t\t\t\t\t\t\t\r\n\t\t\t<\/div>\r\n\t\t<\/div>\r\n\t\t\t\t\t\t<\/div>\n\t\t\t\t<\/div>\n\t\t\t\t\t<\/div>\n\t\t\t\t<\/div>\n\t\t<div class=\"elementor-element elementor-element-20bb3c3 e-flex e-con-boxed e-con e-parent\" data-id=\"20bb3c3\" data-element_type=\"container\" data-e-type=\"container\">\n\t\t\t\t\t<div class=\"e-con-inner\">\n\t\t\t\t<div class=\"elementor-element elementor-element-694e822 elementor-widget elementor-widget-text-editor\" data-id=\"694e822\" data-element_type=\"widget\" data-e-type=\"widget\" data-widget_type=\"text-editor.default\">\n\t\t\t\t\t\t\t\t\t<div class=\"qwen-markdown-paragraph\"><span class=\"qwen-markdown-text\" data-spm-anchor-id=\"a2ty_o01.29997173.0.i35.d85a5171GHG0Zx\">Para viajeros corporativos y organizadores de eventos que buscan un lugar sofisticado en Islandia, <\/span><strong class=\"qwen-markdown-strong\"><span class=\"qwen-markdown-text\">Grand Hotel Reykjav\u00edk<\/span><\/strong><span class=\"qwen-markdown-text\"> Destaca como una opci\u00f3n l\u00edder para reuniones profesionales y estancias ejecutivas. Ubicado en <\/span><strong class=\"qwen-markdown-strong\"><span class=\"qwen-markdown-text\">Sigt\u00fan 28, Laugardalur, Reikiavik, Regi\u00f3n Capital, 105, Islandia<\/span><\/strong><span class=\"qwen-markdown-text\">, Este hotel de 4 estrellas combina una ubicaci\u00f3n estrat\u00e9gica con un entorno tranquilo, lo que lo convierte en el lugar ideal para la productividad, conferencias y el networking empresarial. Tanto si organiza una conferencia a gran escala, una reuni\u00f3n de junta directiva \u00edntima o necesita un espacio de trabajo totalmente equipado para un viaje en solitario, el hotel ofrece completas instalaciones para negocios dise\u00f1adas para satisfacer las exigencias del mundo empresarial actual.<\/span><\/div><div class=\"qwen-markdown-space\">\u00a0<\/div><h2 class=\"qwen-markdown-heading\"><strong class=\"qwen-markdown-strong\"><span class=\"qwen-markdown-text\">Espacios vers\u00e1tiles para reuniones y conferencias<\/span><\/strong><\/h2><div class=\"qwen-markdown-paragraph\"><span class=\"qwen-markdown-text\">El Grand H\u00f3tel Reykjav\u00edk ofrece una variedad de salas de reuniones y conferencias flexibles, con capacidad para grupos de diversos tama\u00f1os. Estos espacios est\u00e1n dise\u00f1ados con una est\u00e9tica profesional y funcionalidad en mente, proporcionando un entorno neutro pero inspirador para eventos empresariales. Las instalaciones para conferencias est\u00e1n equipadas con tecnolog\u00eda audiovisual de vanguardia, incluyendo proyectores de alta definici\u00f3n, sistemas de sonido y conexi\u00f3n a internet de alta velocidad para garantizar presentaciones y videoconferencias fluidas. La luz natural inunda muchas de las salas de reuniones, creando un ambiente din\u00e1mico que fomenta la concentraci\u00f3n y la colaboraci\u00f3n. El personal de eventos del hotel est\u00e1 disponible para ayudar con la configuraci\u00f3n de las salas, asegurando que se adapte a sus necesidades espec\u00edficas, desde asientos estilo auditorio para conferencias hasta configuraciones de sala de juntas para debates.<\/span><\/div><div class=\"qwen-markdown-space\">\u00a0<\/div><h2 class=\"qwen-markdown-heading\"><strong class=\"qwen-markdown-strong\"><span class=\"qwen-markdown-text\">Centro de negocios y conectividad avanzada<\/span><\/strong><\/h2><div class=\"qwen-markdown-paragraph\"><span class=\"qwen-markdown-text\">En el panorama digital actual, la conectividad fiable es primordial. Grand H\u00f3tel Reykjav\u00edk ofrece conectividad gratuita. <\/span><strong class=\"qwen-markdown-strong\"><span class=\"qwen-markdown-text\">WiFi de alta velocidad<\/span><\/strong><span class=\"qwen-markdown-text\"> En todo el establecimiento, los hu\u00e9spedes se mantienen conectados con sus oficinas y clientes sin interrupciones. Para quienes requieren asistencia administrativa adicional, el hotel ofrece servicios de centro de negocios. Esto incluye acceso a servicios de impresi\u00f3n, fotocopiado y escaneo, lo que permite a los viajeros gestionar la documentaci\u00f3n esencial de manera eficiente. Los espacios de trabajo exclusivos del hotel est\u00e1n dise\u00f1ados para minimizar las distracciones, proporcionando un entorno tranquilo donde los ejecutivos pueden concentrarse en tareas importantes entre reuniones.<\/span><\/div><div class=\"qwen-markdown-space\">\u00a0<\/div><h2 class=\"qwen-markdown-heading\"><strong class=\"qwen-markdown-strong\"><span class=\"qwen-markdown-text\">Alojamiento ejecutivo para trabajar y descansar.<\/span><\/strong><\/h2><div class=\"qwen-markdown-paragraph\"><span class=\"qwen-markdown-text\">Comprendiendo las necesidades de los viajeros de negocios, las habitaciones del Grand H\u00f3tel Reykjav\u00edk est\u00e1n dise\u00f1adas para funcionar como oficinas personales cuando sea necesario. Cada habitaci\u00f3n cuenta con escritorios ergon\u00f3micos, iluminaci\u00f3n adecuada y asientos c\u00f3modos, creando un espacio de trabajo productivo. Comodidades como tablas de planchar, cajas fuertes para guardar objetos de valor y documentos, y adaptadores multienchufe est\u00e1n pensadas para el viajero de negocios internacional. Tras una larga jornada laboral, los hu\u00e9spedes pueden relajarse en habitaciones dise\u00f1adas para el m\u00e1ximo confort, garantizando un descanso reparador para la agenda del d\u00eda siguiente. El aislamiento ac\u00fastico y la tranquila ubicaci\u00f3n en Laugardalur aseguran una noche de sue\u00f1o tranquilo, lejos del ruido que suele caracterizar a los hoteles del centro de la ciudad.<\/span><\/div><div class=\"qwen-markdown-space\">\u00a0<\/div><h2 class=\"qwen-markdown-heading\"><strong class=\"qwen-markdown-strong\"><span class=\"qwen-markdown-text\">Servicios corporativos y catering<\/span><\/strong><\/h2><div class=\"qwen-markdown-paragraph\"><span class=\"qwen-markdown-text\">Un evento empresarial exitoso depende de una log\u00edstica fluida y una hospitalidad de calidad. El Grand H\u00f3tel Reykjav\u00edk ofrece servicios de catering personalizados para reuniones y conferencias, que van desde pausas para el caf\u00e9 energizantes con pasteles frescos hasta almuerzos y cenas de negocios completos servidos en el <\/span><strong class=\"qwen-markdown-strong\"><span class=\"qwen-markdown-text\">Gran Brasserie<\/span><\/strong><span class=\"qwen-markdown-text\">. El equipo culinario puede adaptarse a las restricciones diet\u00e9ticas, garantizando que todos los asistentes reciban la atenci\u00f3n que merecen. Adem\u00e1s de la gastronom\u00eda, la recepci\u00f3n y el servicio de conserjer\u00eda del hotel, disponibles las 24 horas, ofrecen una asistencia invaluable, ayudando con el cambio de divisas, la organizaci\u00f3n del transporte y el servicio de traslado al aeropuerto. Para los clientes que nos visitan desde el extranjero, el mostrador de informaci\u00f3n tur\u00edstica tambi\u00e9n puede organizar actividades de integraci\u00f3n de equipos o excursiones para explorar el singular paisaje de Islandia, combinando negocios con experiencias inolvidables.<\/span><\/div><div class=\"qwen-markdown-space\">\u00a0<\/div><h2 class=\"qwen-markdown-heading\"><strong class=\"qwen-markdown-strong\"><span class=\"qwen-markdown-text\">Ubicaci\u00f3n estrat\u00e9gica para viajes de negocios<\/span><\/strong><\/h2><div class=\"qwen-markdown-paragraph\"><span class=\"qwen-markdown-text\">La direcci\u00f3n del hotel en <\/span><strong class=\"qwen-markdown-strong\"><span class=\"qwen-markdown-text\">Sigt\u00fan 28<\/span><\/strong><span class=\"qwen-markdown-text\"> lo sit\u00faa en una ubicaci\u00f3n privilegiada para visitantes corporativos. Situado en el valle de Laugardalur, el hotel est\u00e1 cerca de los principales distritos comerciales y oficinas gubernamentales, a la vez que ofrece f\u00e1cil acceso a <\/span><strong class=\"qwen-markdown-strong\"><span class=\"qwen-markdown-text\">Aeropuerto Internacional de Keflavik<\/span><\/strong><span class=\"qwen-markdown-text\"> Con f\u00e1cil acceso a trav\u00e9s de las principales v\u00edas, la proximidad al centro de Reikiavik permite desplazarse r\u00e1pidamente a las oficinas de clientes o a eventos de networking en el centro de la ciudad. Adem\u00e1s, los alrededores ofrecen un agradable respiro del bullicio urbano. El aparcamiento es gratuito para quienes alquilan un coche o se desplazan en coche tras reuniones, lo que supone una comodidad adicional para los asistentes de negocios.<\/span><\/div><div class=\"qwen-markdown-space\">\u00a0<\/div><div class=\"qwen-markdown-paragraph\" data-spm-anchor-id=\"a2ty_o01.29997173.0.i34.d85a5171GHG0Zx\"><span class=\"qwen-markdown-text\">Elija el Grand H\u00f3tel Reykjav\u00edk para su pr\u00f3ximo evento corporativo o viaje de negocios, donde la excelencia profesional se une a la hospitalidad islandesa. Con sus completas instalaciones para negocios, servicios de apoyo especializados y compromiso con el confort, el hotel garantiza que sus objetivos profesionales se cumplan con eficiencia y estilo.<\/span><\/div>\t\t\t\t\t\t\t\t<\/div>\n\t\t\t\t\t<\/div>\n\t\t\t\t<\/div>\n\t\t\t\t<\/div>","protected":false},"excerpt":{"rendered":"<p>Premier Business Facilities at Grand H\u00f3tel Reykjav\u00edk For corporate travelers and event planners seeking a sophisticated venue in Iceland, Grand H\u00f3tel Reykjav\u00edk stands out as a leading choice for professional gatherings and executive stays. Located at Sigt\u00fan 28, Laugardalur, Reykjavik, Capital Region, 105, Iceland, this 4-star hotel combines strategic accessibility with a tranquil environment, making [&hellip;]<\/p>\n","protected":false},"author":1,"featured_media":0,"parent":0,"menu_order":0,"comment_status":"closed","ping_status":"closed","template":"elementor_header_footer","meta":{"footnotes":""},"class_list":["post-2109","page","type-page","status-publish","hentry","post-no-thumbnail"],"_links":{"self":[{"href":"https:\/\/hotelreykjavikgrand.com\/es\/wp-json\/wp\/v2\/pages\/2109","targetHints":{"allow":["GET"]}}],"collection":[{"href":"https:\/\/hotelreykjavikgrand.com\/es\/wp-json\/wp\/v2\/pages"}],"about":[{"href":"https:\/\/hotelreykjavikgrand.com\/es\/wp-json\/wp\/v2\/types\/page"}],"author":[{"embeddable":true,"href":"https:\/\/hotelreykjavikgrand.com\/es\/wp-json\/wp\/v2\/users\/1"}],"replies":[{"embeddable":true,"href":"https:\/\/hotelreykjavikgrand.com\/es\/wp-json\/wp\/v2\/comments?post=2109"}],"version-history":[{"count":0,"href":"https:\/\/hotelreykjavikgrand.com\/es\/wp-json\/wp\/v2\/pages\/2109\/revisions"}],"wp:attachment":[{"href":"https:\/\/hotelreykjavikgrand.com\/es\/wp-json\/wp\/v2\/media?parent=2109"}],"curies":[{"name":"wp","href":"https:\/\/api.w.org\/{rel}","templated":true}]}}