{"id":612,"date":"2021-03-26T10:04:13","date_gmt":"2021-03-26T10:04:13","guid":{"rendered":"http:\/\/localhost\/nuss\/?page_id=612"},"modified":"2026-03-20T05:18:35","modified_gmt":"2026-03-20T05:18:35","slug":"restaurant","status":"publish","type":"page","link":"https:\/\/hotelreykjavikgrand.com\/de\/restaurant\/","title":{"rendered":"Restaurant"},"content":{"rendered":"<div data-elementor-type=\"wp-page\" data-elementor-id=\"612\" class=\"elementor elementor-612\">\n\t\t\t\t\t\t<section class=\"elementor-section elementor-top-section elementor-element elementor-element-e2effe8 elementor-section-boxed elementor-section-gap-beside-yes elementor-section-height-default elementor-section-height-default elementor-section-column-vertical-align-stretch\" data-id=\"e2effe8\" data-element_type=\"section\" data-e-type=\"section\">\n\t\t\t\t\t\t<div class=\"elementor-container elementor-column-gap-extended\">\n\t\t\t\t\t<div class=\"elementor-column elementor-col-100 elementor-top-column elementor-element elementor-element-e18f688\" data-id=\"e18f688\" data-element_type=\"column\" data-e-type=\"column\">\n\t\t\t<div class=\"elementor-widget-wrap elementor-element-populated\">\n\t\t\t\t\t\t<div class=\"elementor-element elementor-element-6db146d elementor-widget__width-initial elementor-invisible elementor-widget elementor-widget-text-editor\" data-id=\"6db146d\" data-element_type=\"widget\" data-e-type=\"widget\" data-settings=\"{&quot;_animation&quot;:&quot;nussFadeInUp&quot;}\" data-widget_type=\"text-editor.default\">\n\t\t\t\t\t\t\t\t\tKulinarische Exzellenz im Grand H\u00f3tel Reykjav\u00edk: Das Grand Brasserie Erlebnis\t\t\t\t\t\t\t\t<\/div>\n\t\t\t\t\t<\/div>\n\t\t<\/div>\n\t\t\t\t\t<\/div>\n\t\t<\/section>\n\t\t<div class=\"elementor-element elementor-element-296ebd9 e-flex e-con-boxed e-con e-parent\" data-id=\"296ebd9\" data-element_type=\"container\" data-e-type=\"container\">\n\t\t\t\t\t<div class=\"e-con-inner\">\n\t\t\t\t<div class=\"elementor-element elementor-element-f624388 elementor-widget elementor-widget-nuss-image-gallery\" data-id=\"f624388\" data-element_type=\"widget\" data-e-type=\"widget\" data-widget_type=\"nuss-image-gallery.default\">\n\t\t\t\t<div class=\"elementor-widget-container\">\n\t\t\t\t\t\t\t<div class=\"nuss-grid-wrapper\" data-grid=\"{&quot;type&quot;:&quot;grid&quot;,&quot;ratio&quot;:null,&quot;columns&quot;:3,&quot;gutter&quot;:30}\">\r\n\t\t\t<div class=\"nuss-grid lazy-grid\">\r\n\t\t\t\t<div class=\"grid-sizer\"><\/div>\r\n\r\n\t\t\t\t\t\t\t\t\t\t\t\t<div class=\"grid-item\">\r\n\t\t\t\t\t\t<div class=\"nuss-box\">\t\t<div class=\"nuss-image image\">\r\n\t\t\t<img decoding=\"async\"  src=\"https:\/\/hotelreykjavikgrand.com\/wp-content\/uploads\/2026\/03\/Grand-Hotel-Reykjavik-123.webp\" alt=\"Grand Hotel Reykjavik (123)\" \/>\t\t<\/div>\r\n\t\t\t\t<\/div>\t\t\t\t\t<\/div>\r\n\t\t\t\t\t\t<div class=\"grid-item\">\r\n\t\t\t\t\t\t<div class=\"nuss-box\">\t\t<div class=\"nuss-image image\">\r\n\t\t\t<img decoding=\"async\"  src=\"https:\/\/hotelreykjavikgrand.com\/wp-content\/uploads\/2026\/03\/Grand-Hotel-Reykjavik-121.webp\" alt=\"Grand Hotel Reykjavik (121)\" \/>\t\t<\/div>\r\n\t\t\t\t<\/div>\t\t\t\t\t<\/div>\r\n\t\t\t\t\t\t<div class=\"grid-item\">\r\n\t\t\t\t\t\t<div class=\"nuss-box\">\t\t<div class=\"nuss-image image\">\r\n\t\t\t<img decoding=\"async\"  src=\"https:\/\/hotelreykjavikgrand.com\/wp-content\/uploads\/2026\/03\/Grand-Hotel-Reykjavik-120.webp\" alt=\"Grand Hotel Reykjavik (120)\" \/>\t\t<\/div>\r\n\t\t\t\t<\/div>\t\t\t\t\t<\/div>\r\n\t\t\t\t\t\t<div class=\"grid-item\">\r\n\t\t\t\t\t\t<div class=\"nuss-box\">\t\t<div class=\"nuss-image image\">\r\n\t\t\t<img decoding=\"async\"  src=\"https:\/\/hotelreykjavikgrand.com\/wp-content\/uploads\/2026\/03\/Grand-Hotel-Reykjavik-119.webp\" alt=\"Grand Hotel Reykjavik (119)\" \/>\t\t<\/div>\r\n\t\t\t\t<\/div>\t\t\t\t\t<\/div>\r\n\t\t\t\t\t\t<div class=\"grid-item\">\r\n\t\t\t\t\t\t<div class=\"nuss-box\">\t\t<div class=\"nuss-image image\">\r\n\t\t\t<img decoding=\"async\"  src=\"https:\/\/hotelreykjavikgrand.com\/wp-content\/uploads\/2026\/03\/Grand-Hotel-Reykjavik-118.webp\" alt=\"Grand Hotel Reykjavik (118)\" \/>\t\t<\/div>\r\n\t\t\t\t<\/div>\t\t\t\t\t<\/div>\r\n\t\t\t\t\t\t<div class=\"grid-item\">\r\n\t\t\t\t\t\t<div class=\"nuss-box\">\t\t<div class=\"nuss-image image\">\r\n\t\t\t<img decoding=\"async\"  src=\"https:\/\/hotelreykjavikgrand.com\/wp-content\/uploads\/2026\/03\/Grand-Hotel-Reykjavik-117.webp\" alt=\"Grand Hotel Reykjavik (117)\" \/>\t\t<\/div>\r\n\t\t\t\t<\/div>\t\t\t\t\t<\/div>\r\n\t\t\t\t\t\t<div class=\"grid-item\">\r\n\t\t\t\t\t\t<div class=\"nuss-box\">\t\t<div class=\"nuss-image image\">\r\n\t\t\t<img decoding=\"async\"  src=\"https:\/\/hotelreykjavikgrand.com\/wp-content\/uploads\/2026\/03\/Grand-Hotel-Reykjavik-115.webp\" alt=\"Grand Hotel Reykjavik (115)\" \/>\t\t<\/div>\r\n\t\t\t\t<\/div>\t\t\t\t\t<\/div>\r\n\t\t\t\t\t\t<div class=\"grid-item\">\r\n\t\t\t\t\t\t<div class=\"nuss-box\">\t\t<div class=\"nuss-image image\">\r\n\t\t\t<img decoding=\"async\"  src=\"https:\/\/hotelreykjavikgrand.com\/wp-content\/uploads\/2026\/03\/Grand-Hotel-Reykjavik-114.webp\" alt=\"Grand Hotel Reykjavik (114)\" \/>\t\t<\/div>\r\n\t\t\t\t<\/div>\t\t\t\t\t<\/div>\r\n\t\t\t\t\t\t<div class=\"grid-item\">\r\n\t\t\t\t\t\t<div class=\"nuss-box\">\t\t<div class=\"nuss-image image\">\r\n\t\t\t<img decoding=\"async\"  src=\"https:\/\/hotelreykjavikgrand.com\/wp-content\/uploads\/2026\/03\/Grand-Hotel-Reykjavik-113.webp\" alt=\"Grand Hotel Reykjavik (113)\" \/>\t\t<\/div>\r\n\t\t\t\t<\/div>\t\t\t\t\t<\/div>\r\n\t\t\t\t\t\t<div class=\"grid-item\">\r\n\t\t\t\t\t\t<div class=\"nuss-box\">\t\t<div class=\"nuss-image image\">\r\n\t\t\t<img decoding=\"async\"  src=\"https:\/\/hotelreykjavikgrand.com\/wp-content\/uploads\/2026\/03\/Grand-Hotel-Reykjavik-112.webp\" alt=\"Grand Hotel Reykjavik (112)\" \/>\t\t<\/div>\r\n\t\t\t\t<\/div>\t\t\t\t\t<\/div>\r\n\t\t\t\t\t\t<div class=\"grid-item\">\r\n\t\t\t\t\t\t<div class=\"nuss-box\">\t\t<div class=\"nuss-image image\">\r\n\t\t\t<img decoding=\"async\"  src=\"https:\/\/hotelreykjavikgrand.com\/wp-content\/uploads\/2026\/03\/Grand-Hotel-Reykjavik-101.webp\" alt=\"Grand Hotel Reykjavik (101)\" \/>\t\t<\/div>\r\n\t\t\t\t<\/div>\t\t\t\t\t<\/div>\r\n\t\t\t\t\t\t<div class=\"grid-item\">\r\n\t\t\t\t\t\t<div class=\"nuss-box\">\t\t<div class=\"nuss-image image\">\r\n\t\t\t<img decoding=\"async\"  src=\"https:\/\/hotelreykjavikgrand.com\/wp-content\/uploads\/2026\/03\/Grand-Hotel-Reykjavik-104.webp\" alt=\"Grand Hotel Reykjavik (104)\" \/>\t\t<\/div>\r\n\t\t\t\t<\/div>\t\t\t\t\t<\/div>\r\n\t\t\t\t\t\t<div class=\"grid-item\">\r\n\t\t\t\t\t\t<div class=\"nuss-box\">\t\t<div class=\"nuss-image image\">\r\n\t\t\t<img decoding=\"async\"  src=\"https:\/\/hotelreykjavikgrand.com\/wp-content\/uploads\/2026\/03\/Grand-Hotel-Reykjavik-91.webp\" alt=\"Grand Hotel Reykjavik (91)\" \/>\t\t<\/div>\r\n\t\t\t\t<\/div>\t\t\t\t\t<\/div>\r\n\t\t\t\t\t\t<div class=\"grid-item\">\r\n\t\t\t\t\t\t<div class=\"nuss-box\">\t\t<div class=\"nuss-image image\">\r\n\t\t\t<img decoding=\"async\"  src=\"https:\/\/hotelreykjavikgrand.com\/wp-content\/uploads\/2026\/03\/Grand-Hotel-Reykjavik-87.webp\" alt=\"Grand Hotel Reykjavik (87)\" \/>\t\t<\/div>\r\n\t\t\t\t<\/div>\t\t\t\t\t<\/div>\r\n\t\t\t\t\t\t<div class=\"grid-item\">\r\n\t\t\t\t\t\t<div class=\"nuss-box\">\t\t<div class=\"nuss-image image\">\r\n\t\t\t<img decoding=\"async\"  src=\"https:\/\/hotelreykjavikgrand.com\/wp-content\/uploads\/2026\/03\/Grand-Hotel-Reykjavik-71.webp\" alt=\"Grand Hotel Reykjavik (71)\" \/>\t\t<\/div>\r\n\t\t\t\t<\/div>\t\t\t\t\t<\/div>\r\n\t\t\t\t\t\t<div class=\"grid-item\">\r\n\t\t\t\t\t\t<div class=\"nuss-box\">\t\t<div class=\"nuss-image image\">\r\n\t\t\t<img decoding=\"async\"  src=\"https:\/\/hotelreykjavikgrand.com\/wp-content\/uploads\/2026\/03\/Grand-Hotel-Reykjavik-106.webp\" alt=\"Grand Hotel Reykjavik (106)\" \/>\t\t<\/div>\r\n\t\t\t\t<\/div>\t\t\t\t\t<\/div>\r\n\t\t\t\t\t\t<div class=\"grid-item\">\r\n\t\t\t\t\t\t<div class=\"nuss-box\">\t\t<div class=\"nuss-image image\">\r\n\t\t\t<img decoding=\"async\"  src=\"https:\/\/hotelreykjavikgrand.com\/wp-content\/uploads\/2026\/03\/Grand-Hotel-Reykjavik-122.webp\" alt=\"Grand Hotel Reykjavik (122)\" \/>\t\t<\/div>\r\n\t\t\t\t<\/div>\t\t\t\t\t<\/div>\r\n\t\t\t\t\t\t<div class=\"grid-item\">\r\n\t\t\t\t\t\t<div class=\"nuss-box\">\t\t<div class=\"nuss-image image\">\r\n\t\t\t<img decoding=\"async\"  src=\"https:\/\/hotelreykjavikgrand.com\/wp-content\/uploads\/2026\/03\/Grand-Hotel-Reykjavik-116.webp\" alt=\"Grand Hotel Reykjavik (116)\" \/>\t\t<\/div>\r\n\t\t\t\t<\/div>\t\t\t\t\t<\/div>\r\n\t\t\t\t\t\t\t\r\n\t\t\t<\/div>\r\n\t\t<\/div>\r\n\t\t\t\t\t\t<\/div>\n\t\t\t\t<\/div>\n\t\t\t\t\t<\/div>\n\t\t\t\t<\/div>\n\t\t<div class=\"elementor-element elementor-element-cc31cc8 e-flex e-con-boxed e-con e-parent\" data-id=\"cc31cc8\" data-element_type=\"container\" data-e-type=\"container\">\n\t\t\t\t\t<div class=\"e-con-inner\">\n\t\t\t\t<div class=\"elementor-element elementor-element-1c23a33 elementor-widget elementor-widget-text-editor\" data-id=\"1c23a33\" data-element_type=\"widget\" data-e-type=\"widget\" data-widget_type=\"text-editor.default\">\n\t\t\t\t\t\t\t\t\t<h2 class=\"qwen-markdown-heading\"><strong class=\"qwen-markdown-strong\"><span class=\"qwen-markdown-text\" data-spm-anchor-id=\"a2ty_o01.29997173.0.i23.d85a5171GHG0Zx\">Ein Hauch von Island im Herzen von Laugardalur<\/span><\/strong><\/h2><div class=\"qwen-markdown-paragraph\"><span class=\"qwen-markdown-text\" data-spm-anchor-id=\"a2ty_o01.29997173.0.i22.d85a5171GHG0Zx\">Essen im <\/span><strong class=\"qwen-markdown-strong\"><span class=\"qwen-markdown-text\">Grand Hotel Reykjav\u00edk<\/span><\/strong><span class=\"qwen-markdown-text\" data-spm-anchor-id=\"a2ty_o01.29997173.0.i21.d85a5171GHG0Zx\"> ist mehr als nur eine Mahlzeit; es ist eine Reise durch die Aromen des Nordens. Gelegen in <\/span><strong class=\"qwen-markdown-strong\"><span class=\"qwen-markdown-text\">Sigt\u00fan 28, Laugardalur, Reykjavik, Hauptstadtregion, 105, Island<\/span><\/strong><span class=\"qwen-markdown-text\">, das hoteleigene Restaurant, das <\/span><strong class=\"qwen-markdown-strong\"><span class=\"qwen-markdown-text\">Grand Brasserie<\/span><\/strong><span class=\"qwen-markdown-text\">, Unser Restaurant bietet G\u00e4sten und Besuchern gleicherma\u00dfen ein au\u00dfergew\u00f6hnliches kulinarisches Erlebnis, das auf Qualit\u00e4t, Tradition und moderner Innovation basiert. Ob Sie Ihren Tag mit einem herzhaften Fr\u00fchst\u00fcck beginnen, ein Gesch\u00e4ftsessen genie\u00dfen oder nach einem Tag voller Entdeckungen in Island ein entspanntes Abendessen ausklingen lassen \u2013 unser Restaurant bietet eine warme und einladende Atmosph\u00e4re, die den eleganten Komfort des Hotels perfekt erg\u00e4nzt.<\/span><\/div><div class=\"qwen-markdown-space\">\u00a0<\/div><h2 class=\"qwen-markdown-heading\"><strong class=\"qwen-markdown-strong\"><span class=\"qwen-markdown-text\">Frische isl\u00e4ndische Zutaten und kulinarische Handwerkskunst<\/span><\/strong><\/h2><div class=\"qwen-markdown-paragraph\"><span class=\"qwen-markdown-text\">Das Herzst\u00fcck der Speisekarte der Grand Brasserie ist ein tiefes Bekenntnis zur Verwendung von <\/span><strong class=\"qwen-markdown-strong\"><span class=\"qwen-markdown-text\">frische, lokal bezogene isl\u00e4ndische Zutaten<\/span><\/strong><span class=\"qwen-markdown-text\">. Unsere K\u00fcchenchefs arbeiten eng mit lokalen Bauern, Fischern und Erzeugern zusammen, um sicherzustellen, dass jedes Gericht die Reinheit und Vielfalt der isl\u00e4ndischen Natur widerspiegelt. Von Arktischem Saibling und Lamm \u00fcber Milchprodukte bis hin zu saisonalem Gem\u00fcse erz\u00e4hlen die Zutaten die Geschichte des Landes und des Meeres, die uns umgeben. Dieser Ansatz \u201eVom Bauernhof auf den Tisch\u201c unterst\u00fctzt nicht nur die lokale Gemeinschaft, sondern garantiert unseren G\u00e4sten auch, dass sie w\u00e4hrend ihres Aufenthalts die frischesten Aromen genie\u00dfen k\u00f6nnen. Das K\u00fcchenteam kombiniert traditionelle isl\u00e4ndische Rezepte mit internationalen Techniken und kreiert so eine Speisekarte, die sowohl vertraut als auch aufregend neu ist.<\/span><\/div><div class=\"qwen-markdown-space\">\u00a0<\/div><h2 class=\"qwen-markdown-heading\"><strong class=\"qwen-markdown-strong\"><span class=\"qwen-markdown-text\">Ganzt\u00e4gige Speisem\u00f6glichkeiten<\/span><\/strong><\/h2><div class=\"qwen-markdown-paragraph\"><span class=\"qwen-markdown-text\">Die Grand Brasserie ist auf die unterschiedlichen Zeitpl\u00e4ne moderner Reisender zugeschnitten. Wir servieren <\/span><strong class=\"qwen-markdown-strong\"><span class=\"qwen-markdown-text\">T\u00e4glich Fr\u00fchst\u00fcck, Brunch, Mittagessen und Abendessen.<\/span><\/strong><span class=\"qwen-markdown-text\">, So wird sichergestellt, dass Ihnen immer leckeres Essen zur Verf\u00fcgung steht, wenn Sie es brauchen. <\/span><\/div><div class=\"qwen-markdown-space\">\u00a0<\/div><div class=\"qwen-markdown-paragraph\"><strong class=\"qwen-markdown-strong\"><span class=\"qwen-markdown-text\">Fr\u00fchst\u00fcck<\/span><\/strong><span class=\"qwen-markdown-text\"> Das reichhaltige Buffet wird von G\u00e4sten oft als ein besonderes Erlebnis hervorgehoben. Es bietet eine gro\u00dfe Auswahl an warmen und kalten Speisen, darunter frisch gebackenes Geb\u00e4ck, isl\u00e4ndischen Joghurt und Skyr, Wurstwaren, K\u00e4se, Obst und Eierspeisen nach Wunsch. Es ist die perfekte St\u00e4rkung f\u00fcr einen Tag voller Sightseeing oder Gesch\u00e4ftstreffen.<\/span><\/div><div class=\"qwen-markdown-space\">\u00a0<\/div><div class=\"qwen-markdown-paragraph\"><strong class=\"qwen-markdown-strong\"><span class=\"qwen-markdown-text\">Mittag- und Abendessen<\/span><\/strong><span class=\"qwen-markdown-text\"> Die Speisekarte bietet eine erlesene Auswahl an Gerichten. G\u00e4ste k\u00f6nnen klassische isl\u00e4ndische Spezialit\u00e4ten wie herzhafte Suppen, frische Fischplatten und Schmorgerichte genie\u00dfen, aber auch internationale Favoriten wie Pasta, Steaks und Salate. Die Speisekarte wechselt saisonal, um die besten Produkte des Jahres widerzuspiegeln, sodass Stammg\u00e4ste immer wieder etwas Neues entdecken k\u00f6nnen.<\/span><\/div><div class=\"qwen-markdown-space\">\u00a0<\/div><h2 class=\"qwen-markdown-heading\"><strong class=\"qwen-markdown-strong\"><span class=\"qwen-markdown-text\">Inklusive Verpflegung f\u00fcr jeden Gast<\/span><\/strong><\/h2><div class=\"qwen-markdown-paragraph\"><span class=\"qwen-markdown-text\">Wir sind der \u00dcberzeugung, dass exzellente Gastronomie f\u00fcr jeden zug\u00e4nglich sein sollte. Die Grand Brasserie ist stolz darauf, unterschiedlichsten Anspr\u00fcchen gerecht zu werden. <\/span><strong class=\"qwen-markdown-strong\"><span class=\"qwen-markdown-text\">Ern\u00e4hrungsbed\u00fcrfnisse und -pr\u00e4ferenzen<\/span><\/strong><span class=\"qwen-markdown-text\">. Unsere K\u00fcche ist bestens ausgestattet, um Folgendes zuzubereiten: <\/span><strong class=\"qwen-markdown-strong\"><span class=\"qwen-markdown-text\">vegetarische, vegane und glutenfreie Gerichte<\/span><\/strong><span class=\"qwen-markdown-text\"> Ohne Kompromisse beim Geschmack oder der Pr\u00e4sentation einzugehen. G\u00e4ste mit Allergien oder besonderen Ern\u00e4hrungsbed\u00fcrfnissen werden gebeten, sich an unsere Mitarbeiter zu wenden. Diese beraten sie gerne bei der Auswahl der Speisen oder stellen individuelle Gerichte zusammen. <\/span><\/div><div class=\"qwen-markdown-space\">\u00a0<\/div><div class=\"qwen-markdown-paragraph\"><span class=\"qwen-markdown-text\">Auch Familien sind herzlich willkommen. <\/span><strong class=\"qwen-markdown-strong\"><span class=\"qwen-markdown-text\">Kindermen\u00fc<\/span><\/strong><span class=\"qwen-markdown-text\"> Das Restaurant bietet kinderfreundliche Portionen und Geschmacksrichtungen, die den Geschmack junger G\u00e4ste treffen und daf\u00fcr sorgen, dass der Restaurantbesuch f\u00fcr Eltern und Kinder gleicherma\u00dfen entspannt und angenehm bleibt. Hochst\u00fchle und Sitzerh\u00f6hungen stehen zur Verf\u00fcgung, damit sich die Kleinen am Tisch wohlf\u00fchlen.<\/span><\/div><div class=\"qwen-markdown-space\">\u00a0<\/div><h2 class=\"qwen-markdown-heading\"><strong class=\"qwen-markdown-strong\"><span class=\"qwen-markdown-text\">Entspannung am Kamin<\/span><\/strong><\/h2><div class=\"qwen-markdown-paragraph\"><span class=\"qwen-markdown-text\">Neben dem Hauptspeisesaal bietet das Grand H\u00f3tel Reykjav\u00edk einen gem\u00fctlichen <\/span><strong class=\"qwen-markdown-strong\"><span class=\"qwen-markdown-text\">Bar- und Loungebereich<\/span><\/strong><span class=\"qwen-markdown-text\"> Im Zentrum der Lounge befindet sich ein gem\u00fctlicher Kamin. Dieser Raum bietet den perfekten Rahmen, um nach einem langen Reise- oder Arbeitstag zu entspannen. G\u00e4ste genie\u00dfen eine erlesene Auswahl an Weinen, Craft-Bieren, isl\u00e4ndischen Spirituosen und exklusiven Cocktails. Die Lounge serviert au\u00dferdem leichte Snacks und Erfrischungen und ist somit ideal f\u00fcr ungezwungene Treffen oder ruhige Gespr\u00e4che. Das Ambiente spiegelt nordisches Hygge wider und vermittelt ein Gef\u00fchl von W\u00e4rme und Entspannung, das in den k\u00e4lteren Monaten Islands besonders wichtig ist.<\/span><\/div><div class=\"qwen-markdown-space\">\u00a0<\/div><h2 class=\"qwen-markdown-heading\"><strong class=\"qwen-markdown-strong\"><span class=\"qwen-markdown-text\">Komfort und Zimmerservice<\/span><\/strong><\/h2><div class=\"qwen-markdown-paragraph\"><span class=\"qwen-markdown-text\">Das Grand H\u00f3tel Reykjav\u00edk versteht die Bed\u00fcrfnisse seiner G\u00e4ste und bietet daher Folgendes an: <\/span><strong class=\"qwen-markdown-strong\"><span class=\"qwen-markdown-text\">Zimmerspeiseservice<\/span><\/strong><span class=\"qwen-markdown-text\"> F\u00fcr zus\u00e4tzlichen Komfort. Ob Sie Ihr Fr\u00fchst\u00fcck lieber in Ruhe auf Ihrem Zimmer vor einem fr\u00fchen Meeting genie\u00dfen oder nach einer Nordlichttour mit einem sp\u00e4ten Snack entspannen m\u00f6chten \u2013 unser Zimmerservice-Team sorgt f\u00fcr p\u00fcnktliche und erstklassige Lieferung. Dieser Service bringt das Grand Brasserie-Erlebnis in Ihren pers\u00f6nlichen Bereich und garantiert dabei die gleichen hohen Standards bei Speisenqualit\u00e4t und -pr\u00e4sentation.<\/span><\/div><div class=\"qwen-markdown-space\">\u00a0<\/div><h2 class=\"qwen-markdown-heading\"><strong class=\"qwen-markdown-strong\"><span class=\"qwen-markdown-text\">Private Veranstaltungen und Zusammenk\u00fcnfte<\/span><\/strong><\/h2><div class=\"qwen-markdown-paragraph\"><span class=\"qwen-markdown-text\">Das Restaurant und die dazugeh\u00f6rigen Tagungsr\u00e4ume k\u00f6nnen auch genutzt werden f\u00fcr <\/span><strong class=\"qwen-markdown-strong\"><span class=\"qwen-markdown-text\">private Veranstaltungen und Firmenveranstaltungen<\/span><\/strong><span class=\"qwen-markdown-text\">. Ob Gesch\u00e4ftsessen, Feier oder kleine Konferenz \u2013 unser Veranstaltungsteam stellt Men\u00fcs und Sitzordnungen individuell nach Ihren W\u00fcnschen zusammen. Die Kombination aus professionellem Service und exquisiter K\u00fcche macht das Grand H\u00f3tel Reykjav\u00edk zu einem bevorzugten Veranstaltungsort f\u00fcr G\u00e4ste in der Hauptstadtregion.<\/span><\/div><div class=\"qwen-markdown-space\">\u00a0<\/div><h2 class=\"qwen-markdown-heading\"><strong class=\"qwen-markdown-strong\"><span class=\"qwen-markdown-text\">Besuchen Sie uns in Sigt\u00fan 28<\/span><\/strong><\/h2><div class=\"qwen-markdown-paragraph\"><span class=\"qwen-markdown-text\">F\u00fcr Reisende, die suchen <\/span><strong class=\"qwen-markdown-strong\"><span class=\"qwen-markdown-text\">Erstklassige Restaurants in Reykjavik<\/span><\/strong><span class=\"qwen-markdown-text\">, Die Grand Brasserie im Grand H\u00f3tel Reykjav\u00edk bietet ein unvergessliches Erlebnis, das kulinarische Kunst mit herzlicher Gastfreundschaft verbindet. Unsere Lage in <\/span><strong class=\"qwen-markdown-strong\"><span class=\"qwen-markdown-text\">Laugardalur<\/span><\/strong><span class=\"qwen-markdown-text\"> bietet eine ruhige Kulisse f\u00fcr Ihre Mahlzeiten, abseits des L\u00e4rms des Stadtzentrums und dennoch von allen Teilen der Hauptstadt aus gut erreichbar. <\/span><\/div><div class=\"qwen-markdown-space\">\u00a0<\/div><div class=\"qwen-markdown-paragraph\" data-spm-anchor-id=\"a2ty_o01.29997173.0.i24.d85a5171GHG0Zx\"><span class=\"qwen-markdown-text\">Wir laden Sie ein, sich uns anzuschlie\u00dfen bei <\/span><strong class=\"qwen-markdown-strong\"><span class=\"qwen-markdown-text\">Sigt\u00fan 28, Laugardalur, Reykjavik, Hauptstadtregion, 105, Island<\/span><\/strong><span class=\"qwen-markdown-text\">, Entdecken Sie, warum unser Restaurant bei Einheimischen und internationalen G\u00e4sten gleicherma\u00dfen beliebt ist. Im Grand H\u00f3tel Reykjav\u00edk bietet jede Mahlzeit die Gelegenheit, das Beste Islands zu genie\u00dfen und sich dabei wie zu Hause zu f\u00fchlen.<\/span><\/div>\t\t\t\t\t\t\t\t<\/div>\n\t\t\t\t\t<\/div>\n\t\t\t\t<\/div>\n\t\t\t\t<\/div>","protected":false},"excerpt":{"rendered":"<p>Culinary Excellence at Grand H\u00f3tel Reykjav\u00edk: The Grand Brasserie Experience A Taste of Iceland in the Heart of Laugardalur Dining at Grand H\u00f3tel Reykjav\u00edk is more than just a meal; it is a journey through the flavors of the North. Located at Sigt\u00fan 28, Laugardalur, Reykjavik, Capital Region, 105, Iceland, the hotel&#8217;s signature dining venue, [&hellip;]<\/p>\n","protected":false},"author":1,"featured_media":0,"parent":0,"menu_order":0,"comment_status":"closed","ping_status":"closed","template":"elementor_header_footer","meta":{"footnotes":""},"class_list":["post-612","page","type-page","status-publish","hentry","post-no-thumbnail"],"_links":{"self":[{"href":"https:\/\/hotelreykjavikgrand.com\/de\/wp-json\/wp\/v2\/pages\/612","targetHints":{"allow":["GET"]}}],"collection":[{"href":"https:\/\/hotelreykjavikgrand.com\/de\/wp-json\/wp\/v2\/pages"}],"about":[{"href":"https:\/\/hotelreykjavikgrand.com\/de\/wp-json\/wp\/v2\/types\/page"}],"author":[{"embeddable":true,"href":"https:\/\/hotelreykjavikgrand.com\/de\/wp-json\/wp\/v2\/users\/1"}],"replies":[{"embeddable":true,"href":"https:\/\/hotelreykjavikgrand.com\/de\/wp-json\/wp\/v2\/comments?post=612"}],"version-history":[{"count":0,"href":"https:\/\/hotelreykjavikgrand.com\/de\/wp-json\/wp\/v2\/pages\/612\/revisions"}],"wp:attachment":[{"href":"https:\/\/hotelreykjavikgrand.com\/de\/wp-json\/wp\/v2\/media?parent=612"}],"curies":[{"name":"wp","href":"https:\/\/api.w.org\/{rel}","templated":true}]}}