{"id":2109,"date":"2021-03-26T08:35:58","date_gmt":"2021-03-26T08:35:58","guid":{"rendered":"http:\/\/localhost\/nuss\/?page_id=536"},"modified":"2026-03-20T06:28:56","modified_gmt":"2026-03-20T06:28:56","slug":"geschaftseinrichtungen","status":"publish","type":"page","link":"https:\/\/hotelreykjavikgrand.com\/de\/business-facilities\/","title":{"rendered":"Gesch\u00e4ftseinrichtungen"},"content":{"rendered":"<div data-elementor-type=\"wp-page\" data-elementor-id=\"2109\" class=\"elementor elementor-2109\">\n\t\t\t\t\t\t<section class=\"elementor-section elementor-top-section elementor-element elementor-element-bb2901b elementor-section-boxed elementor-section-gap-beside-yes elementor-section-height-default elementor-section-height-default elementor-section-column-vertical-align-stretch\" data-id=\"bb2901b\" data-element_type=\"section\" data-e-type=\"section\">\n\t\t\t\t\t\t<div class=\"elementor-container elementor-column-gap-extended\">\n\t\t\t\t\t<div class=\"elementor-column elementor-col-100 elementor-top-column elementor-element elementor-element-1919db9\" data-id=\"1919db9\" data-element_type=\"column\" data-e-type=\"column\">\n\t\t\t<div class=\"elementor-widget-wrap elementor-element-populated\">\n\t\t\t\t\t\t<div class=\"elementor-element elementor-element-41a7b9c elementor-widget__width-initial elementor-invisible elementor-widget elementor-widget-text-editor\" data-id=\"41a7b9c\" data-element_type=\"widget\" data-e-type=\"widget\" data-settings=\"{&quot;_animation&quot;:&quot;nussFadeInUp&quot;}\" data-widget_type=\"text-editor.default\">\n\t\t\t\t\t\t\t\t\tErstklassige Business-Einrichtungen im Grand H\u00f3tel Reykjav\u00edk\t\t\t\t\t\t\t\t<\/div>\n\t\t\t\t\t<\/div>\n\t\t<\/div>\n\t\t\t\t\t<\/div>\n\t\t<\/section>\n\t\t<div class=\"elementor-element elementor-element-3486940 e-flex e-con-boxed e-con e-parent\" data-id=\"3486940\" data-element_type=\"container\" data-e-type=\"container\">\n\t\t\t\t\t<div class=\"e-con-inner\">\n\t\t\t\t<div class=\"elementor-element elementor-element-34b6fbf elementor-widget elementor-widget-nuss-image-gallery\" data-id=\"34b6fbf\" data-element_type=\"widget\" data-e-type=\"widget\" data-widget_type=\"nuss-image-gallery.default\">\n\t\t\t\t<div class=\"elementor-widget-container\">\n\t\t\t\t\t\t\t<div class=\"nuss-grid-wrapper\" data-grid=\"{&quot;type&quot;:&quot;grid&quot;,&quot;ratio&quot;:null,&quot;columns&quot;:3,&quot;gutter&quot;:30}\">\r\n\t\t\t<div class=\"nuss-grid lazy-grid\">\r\n\t\t\t\t<div class=\"grid-sizer\"><\/div>\r\n\r\n\t\t\t\t\t\t\t\t\t\t\t\t<div class=\"grid-item\">\r\n\t\t\t\t\t\t<div class=\"nuss-box\">\t\t<div class=\"nuss-image image\">\r\n\t\t\t<img decoding=\"async\"  src=\"https:\/\/hotelreykjavikgrand.com\/wp-content\/uploads\/2026\/03\/Grand-Hotel-Reykjavik-86.webp\" alt=\"Grand Hotel Reykjavik (86)\" \/>\t\t<\/div>\r\n\t\t\t\t<\/div>\t\t\t\t\t<\/div>\r\n\t\t\t\t\t\t<div class=\"grid-item\">\r\n\t\t\t\t\t\t<div class=\"nuss-box\">\t\t<div class=\"nuss-image image\">\r\n\t\t\t<img decoding=\"async\"  src=\"https:\/\/hotelreykjavikgrand.com\/wp-content\/uploads\/2026\/03\/Grand-Hotel-Reykjavik-85.webp\" alt=\"Grand Hotel Reykjavik (85)\" \/>\t\t<\/div>\r\n\t\t\t\t<\/div>\t\t\t\t\t<\/div>\r\n\t\t\t\t\t\t<div class=\"grid-item\">\r\n\t\t\t\t\t\t<div class=\"nuss-box\">\t\t<div class=\"nuss-image image\">\r\n\t\t\t<img decoding=\"async\"  src=\"https:\/\/hotelreykjavikgrand.com\/wp-content\/uploads\/2026\/03\/Grand-Hotel-Reykjavik-84.webp\" alt=\"Grand Hotel Reykjavik (84)\" \/>\t\t<\/div>\r\n\t\t\t\t<\/div>\t\t\t\t\t<\/div>\r\n\t\t\t\t\t\t<div class=\"grid-item\">\r\n\t\t\t\t\t\t<div class=\"nuss-box\">\t\t<div class=\"nuss-image image\">\r\n\t\t\t<img decoding=\"async\"  src=\"https:\/\/hotelreykjavikgrand.com\/wp-content\/uploads\/2026\/03\/Grand-Hotel-Reykjavik-83.webp\" alt=\"Grand Hotel Reykjavik (83)\" \/>\t\t<\/div>\r\n\t\t\t\t<\/div>\t\t\t\t\t<\/div>\r\n\t\t\t\t\t\t<div class=\"grid-item\">\r\n\t\t\t\t\t\t<div class=\"nuss-box\">\t\t<div class=\"nuss-image image\">\r\n\t\t\t<img decoding=\"async\"  src=\"https:\/\/hotelreykjavikgrand.com\/wp-content\/uploads\/2026\/03\/Grand-Hotel-Reykjavik-82.webp\" alt=\"Grand Hotel Reykjavik (82)\" \/>\t\t<\/div>\r\n\t\t\t\t<\/div>\t\t\t\t\t<\/div>\r\n\t\t\t\t\t\t<div class=\"grid-item\">\r\n\t\t\t\t\t\t<div class=\"nuss-box\">\t\t<div class=\"nuss-image image\">\r\n\t\t\t<img decoding=\"async\"  src=\"https:\/\/hotelreykjavikgrand.com\/wp-content\/uploads\/2026\/03\/Grand-Hotel-Reykjavik-81.webp\" alt=\"Grand Hotel Reykjavik (81)\" \/>\t\t<\/div>\r\n\t\t\t\t<\/div>\t\t\t\t\t<\/div>\r\n\t\t\t\t\t\t<div class=\"grid-item\">\r\n\t\t\t\t\t\t<div class=\"nuss-box\">\t\t<div class=\"nuss-image image\">\r\n\t\t\t<img decoding=\"async\"  src=\"https:\/\/hotelreykjavikgrand.com\/wp-content\/uploads\/2026\/03\/Grand-Hotel-Reykjavik-80.webp\" alt=\"Grand Hotel Reykjavik (80)\" \/>\t\t<\/div>\r\n\t\t\t\t<\/div>\t\t\t\t\t<\/div>\r\n\t\t\t\t\t\t<div class=\"grid-item\">\r\n\t\t\t\t\t\t<div class=\"nuss-box\">\t\t<div class=\"nuss-image image\">\r\n\t\t\t<img decoding=\"async\"  src=\"https:\/\/hotelreykjavikgrand.com\/wp-content\/uploads\/2026\/03\/Grand-Hotel-Reykjavik-79.webp\" alt=\"Grand Hotel Reykjavik (79)\" \/>\t\t<\/div>\r\n\t\t\t\t<\/div>\t\t\t\t\t<\/div>\r\n\t\t\t\t\t\t<div class=\"grid-item\">\r\n\t\t\t\t\t\t<div class=\"nuss-box\">\t\t<div class=\"nuss-image image\">\r\n\t\t\t<img decoding=\"async\"  src=\"https:\/\/hotelreykjavikgrand.com\/wp-content\/uploads\/2026\/03\/Grand-Hotel-Reykjavik-78.webp\" alt=\"Grand Hotel Reykjavik (78)\" \/>\t\t<\/div>\r\n\t\t\t\t<\/div>\t\t\t\t\t<\/div>\r\n\t\t\t\t\t\t<div class=\"grid-item\">\r\n\t\t\t\t\t\t<div class=\"nuss-box\">\t\t<div class=\"nuss-image image\">\r\n\t\t\t<img decoding=\"async\"  src=\"https:\/\/hotelreykjavikgrand.com\/wp-content\/uploads\/2026\/03\/Grand-Hotel-Reykjavik-77.webp\" alt=\"Grand Hotel Reykjavik (77)\" \/>\t\t<\/div>\r\n\t\t\t\t<\/div>\t\t\t\t\t<\/div>\r\n\t\t\t\t\t\t<div class=\"grid-item\">\r\n\t\t\t\t\t\t<div class=\"nuss-box\">\t\t<div class=\"nuss-image image\">\r\n\t\t\t<img decoding=\"async\"  src=\"https:\/\/hotelreykjavikgrand.com\/wp-content\/uploads\/2026\/03\/Grand-Hotel-Reykjavik-75.webp\" alt=\"Grand Hotel Reykjavik (75)\" \/>\t\t<\/div>\r\n\t\t\t\t<\/div>\t\t\t\t\t<\/div>\r\n\t\t\t\t\t\t<div class=\"grid-item\">\r\n\t\t\t\t\t\t<div class=\"nuss-box\">\t\t<div class=\"nuss-image image\">\r\n\t\t\t<img decoding=\"async\"  src=\"https:\/\/hotelreykjavikgrand.com\/wp-content\/uploads\/2026\/03\/Grand-Hotel-Reykjavik-74.webp\" alt=\"Grand Hotel Reykjavik (74)\" \/>\t\t<\/div>\r\n\t\t\t\t<\/div>\t\t\t\t\t<\/div>\r\n\t\t\t\t\t\t<div class=\"grid-item\">\r\n\t\t\t\t\t\t<div class=\"nuss-box\">\t\t<div class=\"nuss-image image\">\r\n\t\t\t<img decoding=\"async\"  src=\"https:\/\/hotelreykjavikgrand.com\/wp-content\/uploads\/2026\/03\/Grand-Hotel-Reykjavik-72.webp\" alt=\"Grand Hotel Reykjavik (72)\" \/>\t\t<\/div>\r\n\t\t\t\t<\/div>\t\t\t\t\t<\/div>\r\n\t\t\t\t\t\t<div class=\"grid-item\">\r\n\t\t\t\t\t\t<div class=\"nuss-box\">\t\t<div class=\"nuss-image image\">\r\n\t\t\t<img decoding=\"async\"  src=\"https:\/\/hotelreykjavikgrand.com\/wp-content\/uploads\/2026\/03\/Grand-Hotel-Reykjavik-70.webp\" alt=\"Grand Hotel Reykjavik (70)\" \/>\t\t<\/div>\r\n\t\t\t\t<\/div>\t\t\t\t\t<\/div>\r\n\t\t\t\t\t\t<div class=\"grid-item\">\r\n\t\t\t\t\t\t<div class=\"nuss-box\">\t\t<div class=\"nuss-image image\">\r\n\t\t\t<img decoding=\"async\"  src=\"https:\/\/hotelreykjavikgrand.com\/wp-content\/uploads\/2026\/03\/Grand-Hotel-Reykjavik-50.webp\" alt=\"Grand Hotel Reykjavik (50)\" \/>\t\t<\/div>\r\n\t\t\t\t<\/div>\t\t\t\t\t<\/div>\r\n\t\t\t\t\t\t\t\r\n\t\t\t<\/div>\r\n\t\t<\/div>\r\n\t\t\t\t\t\t<\/div>\n\t\t\t\t<\/div>\n\t\t\t\t\t<\/div>\n\t\t\t\t<\/div>\n\t\t<div class=\"elementor-element elementor-element-20bb3c3 e-flex e-con-boxed e-con e-parent\" data-id=\"20bb3c3\" data-element_type=\"container\" data-e-type=\"container\">\n\t\t\t\t\t<div class=\"e-con-inner\">\n\t\t\t\t<div class=\"elementor-element elementor-element-694e822 elementor-widget elementor-widget-text-editor\" data-id=\"694e822\" data-element_type=\"widget\" data-e-type=\"widget\" data-widget_type=\"text-editor.default\">\n\t\t\t\t\t\t\t\t\t<div class=\"qwen-markdown-paragraph\"><span class=\"qwen-markdown-text\" data-spm-anchor-id=\"a2ty_o01.29997173.0.i35.d85a5171GHG0Zx\">F\u00fcr Gesch\u00e4ftsreisende und Veranstaltungsplaner, die einen anspruchsvollen Veranstaltungsort in Island suchen, <\/span><strong class=\"qwen-markdown-strong\"><span class=\"qwen-markdown-text\">Grand Hotel Reykjav\u00edk<\/span><\/strong><span class=\"qwen-markdown-text\"> Es gilt als eine der ersten Adressen f\u00fcr professionelle Tagungen und Aufenthalte von F\u00fchrungskr\u00e4ften. Es befindet sich in <\/span><strong class=\"qwen-markdown-strong\"><span class=\"qwen-markdown-text\">Sigt\u00fan 28, Laugardalur, Reykjavik, Hauptstadtregion, 105, Island<\/span><\/strong><span class=\"qwen-markdown-text\">, Dieses 4-Sterne-Hotel vereint strategische Erreichbarkeit mit einer ruhigen Atmosph\u00e4re und ist somit ideal f\u00fcr produktives Arbeiten, Konferenzen und Business-Networking. Ob Sie eine Gro\u00dfkonferenz, eine vertrauliche Vorstandssitzung oder einen voll ausgestatteten Arbeitsplatz f\u00fcr eine Alleinreise ben\u00f6tigen \u2013 das Hotel bietet umfassende Business-Einrichtungen, die den Anforderungen der modernen Gesch\u00e4ftswelt gerecht werden.<\/span><\/div><div class=\"qwen-markdown-space\">\u00a0<\/div><h2 class=\"qwen-markdown-heading\"><strong class=\"qwen-markdown-strong\"><span class=\"qwen-markdown-text\">Vielseitige Tagungs- und Konferenzr\u00e4ume<\/span><\/strong><\/h2><div class=\"qwen-markdown-paragraph\"><span class=\"qwen-markdown-text\">Das Grand H\u00f3tel Reykjav\u00edk bietet eine Reihe flexibler Tagungsr\u00e4ume und Konferenzs\u00e4le f\u00fcr Gruppen unterschiedlicher Gr\u00f6\u00dfe. Die R\u00e4umlichkeiten sind professionell gestaltet und bieten mit Blick auf \u00c4sthetik und Funktionalit\u00e4t einen neutralen und zugleich inspirierenden Rahmen f\u00fcr Ihre Gesch\u00e4ftsveranstaltungen. Die Konferenzeinrichtungen sind mit modernster audiovisueller Technik ausgestattet, darunter HD-Projektoren, Soundsysteme und Highspeed-Internet f\u00fcr reibungslose Pr\u00e4sentationen und Videokonferenzen. Viele Tagungsr\u00e4ume sind lichtdurchflutet und schaffen so eine anregende Atmosph\u00e4re, die Konzentration und Zusammenarbeit f\u00f6rdert. Das Veranstaltungsteam des Hotels unterst\u00fctzt Sie gerne bei der Raumgestaltung und stellt sicher, dass die Konfiguration Ihren individuellen Bed\u00fcrfnissen entspricht \u2013 von Theaterbestuhlung f\u00fcr Vortr\u00e4ge bis hin zu Konferenzbestuhlung f\u00fcr Besprechungen.<\/span><\/div><div class=\"qwen-markdown-space\">\u00a0<\/div><h2 class=\"qwen-markdown-heading\"><strong class=\"qwen-markdown-strong\"><span class=\"qwen-markdown-text\">Erweiterte Konnektivit\u00e4t und Business Center<\/span><\/strong><\/h2><div class=\"qwen-markdown-paragraph\"><span class=\"qwen-markdown-text\">In der heutigen digitalen Welt ist eine zuverl\u00e4ssige Internetverbindung unerl\u00e4sslich. Das Grand H\u00f3tel Reykjav\u00edk bietet diese kostenfrei an. <\/span><strong class=\"qwen-markdown-strong\"><span class=\"qwen-markdown-text\">Hochgeschwindigkeits-WLAN<\/span><\/strong><span class=\"qwen-markdown-text\"> Im gesamten Hotel ist daf\u00fcr gesorgt, dass G\u00e4ste ohne Unterbrechung mit ihren B\u00fcros und Kunden in Verbindung bleiben. F\u00fcr alle, die zus\u00e4tzliche administrative Unterst\u00fctzung ben\u00f6tigen, bietet das Hotel ein Business Center mit Druck-, Kopier- und Scanm\u00f6glichkeiten, sodass Reisende wichtige Dokumente effizient bearbeiten k\u00f6nnen. Die separaten Arbeitsbereiche im Hotel sind so gestaltet, dass Ablenkungen minimiert werden und F\u00fchrungskr\u00e4fte eine ruhige Umgebung finden, um sich zwischen Meetings auf wichtige Aufgaben zu konzentrieren.<\/span><\/div><div class=\"qwen-markdown-space\">\u00a0<\/div><h2 class=\"qwen-markdown-heading\"><strong class=\"qwen-markdown-strong\"><span class=\"qwen-markdown-text\">Exklusive Unterk\u00fcnfte f\u00fcr Arbeit und Erholung<\/span><\/strong><\/h2><div class=\"qwen-markdown-paragraph\"><span class=\"qwen-markdown-text\">Das Grand H\u00f3tel Reykjav\u00edk ist auf die Bed\u00fcrfnisse von Gesch\u00e4ftsreisenden zugeschnitten und bietet daher Zimmer, die bei Bedarf als pers\u00f6nliches B\u00fcro genutzt werden k\u00f6nnen. Jedes Zimmer verf\u00fcgt \u00fcber ergonomische Schreibtische, ausreichend Licht und bequeme Sitzgelegenheiten f\u00fcr einen produktiven Arbeitsplatz. Annehmlichkeiten wie B\u00fcgelbretter, Safes f\u00fcr Wertsachen und Dokumente sowie Mehrfachsteckdosen sind speziell auf die Bed\u00fcrfnisse internationaler Gesch\u00e4ftsreisender abgestimmt. Nach einem langen Arbeitstag k\u00f6nnen G\u00e4ste in den komfortablen Zimmern entspannen und sich f\u00fcr den n\u00e4chsten Tag optimal erholen. Die Schallisolierung und die ruhige Lage in Laugardalur garantieren eine erholsame Nachtruhe fernab vom L\u00e4rm, der in Hotels im Stadtzentrum oft anzutreffen ist.<\/span><\/div><div class=\"qwen-markdown-space\">\u00a0<\/div><h2 class=\"qwen-markdown-heading\"><strong class=\"qwen-markdown-strong\"><span class=\"qwen-markdown-text\">Firmenservice und Catering<\/span><\/strong><\/h2><div class=\"qwen-markdown-paragraph\"><span class=\"qwen-markdown-text\">Eine erfolgreiche Gesch\u00e4ftsveranstaltung erfordert reibungslose Logistik und erstklassigen Service. Das Grand H\u00f3tel Reykjav\u00edk bietet ma\u00dfgeschneiderte Catering-Services f\u00fcr Tagungen und Konferenzen \u2013 von belebenden Kaffeepausen mit frischem Geb\u00e4ck bis hin zu mehrg\u00e4ngigen Gesch\u00e4ftsessen und -abenden. <\/span><strong class=\"qwen-markdown-strong\"><span class=\"qwen-markdown-text\">Grand Brasserie<\/span><\/strong><span class=\"qwen-markdown-text\">. Das K\u00fcchenteam ber\u00fccksichtigt gerne Ihre individuellen Ern\u00e4hrungsw\u00fcnsche und sorgt daf\u00fcr, dass sich alle Teilnehmer wohlf\u00fchlen. Neben dem kulinarischen Angebot bietet Ihnen die 24-Stunden-Rezeption mit Concierge-Service wertvolle Unterst\u00fctzung bei Geldwechsel, Transportbuchungen und Flughafentransfers. F\u00fcr G\u00e4ste aus dem Ausland organisiert der Ausflugsschalter Teambuilding-Aktivit\u00e4ten oder Freizeitausfl\u00fcge, um Islands einzigartige Landschaft zu entdecken und so Gesch\u00e4ftliches mit unvergesslichen Erlebnissen zu verbinden.<\/span><\/div><div class=\"qwen-markdown-space\">\u00a0<\/div><h2 class=\"qwen-markdown-heading\"><strong class=\"qwen-markdown-strong\"><span class=\"qwen-markdown-text\">Strategische Lage f\u00fcr Gesch\u00e4ftsreisen<\/span><\/strong><\/h2><div class=\"qwen-markdown-paragraph\"><span class=\"qwen-markdown-text\">Die Adresse des Hotels lautet: <\/span><strong class=\"qwen-markdown-strong\"><span class=\"qwen-markdown-text\">Sigt\u00fan 28<\/span><\/strong><span class=\"qwen-markdown-text\"> Dadurch befindet es sich in einer erstklassigen Lage f\u00fcr Gesch\u00e4ftsreisende. Das Hotel liegt im Laugardalur-Tal, in der N\u00e4he wichtiger Gesch\u00e4ftsviertel und Regierungsgeb\u00e4ude und bietet gleichzeitig eine gute Anbindung an \u2026 <\/span><strong class=\"qwen-markdown-strong\"><span class=\"qwen-markdown-text\">Internationaler Flughafen Keflavik<\/span><\/strong><span class=\"qwen-markdown-text\"> Die Anbindung an die Hauptverkehrsstra\u00dfen ist optimal. Dank der N\u00e4he zur Innenstadt von Reykjav\u00edk erreichen Sie Kundenb\u00fcros oder Netzwerkveranstaltungen im Stadtzentrum schnell und bequem. Gleichzeitig bietet die gr\u00fcne Umgebung eine willkommene Auszeit vom urbanen Trubel. Kostenlose Parkpl\u00e4tze stehen f\u00fcr Mietwagenfahrer und Gesch\u00e4ftsreisende zur Verf\u00fcgung und bieten zus\u00e4tzlichen Komfort.<\/span><\/div><div class=\"qwen-markdown-space\">\u00a0<\/div><div class=\"qwen-markdown-paragraph\" data-spm-anchor-id=\"a2ty_o01.29997173.0.i34.d85a5171GHG0Zx\"><span class=\"qwen-markdown-text\">W\u00e4hlen Sie das Grand H\u00f3tel Reykjav\u00edk f\u00fcr Ihre n\u00e4chste Firmenveranstaltung oder Gesch\u00e4ftsreise, wo professionelle Exzellenz auf isl\u00e4ndische Gastfreundschaft trifft. Mit seinen erstklassigen Gesch\u00e4ftseinrichtungen, dem engagierten Service und dem hohen Komfortanspruch sorgt das Hotel daf\u00fcr, dass Ihre beruflichen Ziele effizient und stilvoll erreicht werden.<\/span><\/div>\t\t\t\t\t\t\t\t<\/div>\n\t\t\t\t\t<\/div>\n\t\t\t\t<\/div>\n\t\t\t\t<\/div>","protected":false},"excerpt":{"rendered":"<p>Premier Business Facilities at Grand H\u00f3tel Reykjav\u00edk For corporate travelers and event planners seeking a sophisticated venue in Iceland, Grand H\u00f3tel Reykjav\u00edk stands out as a leading choice for professional gatherings and executive stays. Located at Sigt\u00fan 28, Laugardalur, Reykjavik, Capital Region, 105, Iceland, this 4-star hotel combines strategic accessibility with a tranquil environment, making [&hellip;]<\/p>\n","protected":false},"author":1,"featured_media":0,"parent":0,"menu_order":0,"comment_status":"closed","ping_status":"closed","template":"elementor_header_footer","meta":{"footnotes":""},"class_list":["post-2109","page","type-page","status-publish","hentry","post-no-thumbnail"],"_links":{"self":[{"href":"https:\/\/hotelreykjavikgrand.com\/de\/wp-json\/wp\/v2\/pages\/2109","targetHints":{"allow":["GET"]}}],"collection":[{"href":"https:\/\/hotelreykjavikgrand.com\/de\/wp-json\/wp\/v2\/pages"}],"about":[{"href":"https:\/\/hotelreykjavikgrand.com\/de\/wp-json\/wp\/v2\/types\/page"}],"author":[{"embeddable":true,"href":"https:\/\/hotelreykjavikgrand.com\/de\/wp-json\/wp\/v2\/users\/1"}],"replies":[{"embeddable":true,"href":"https:\/\/hotelreykjavikgrand.com\/de\/wp-json\/wp\/v2\/comments?post=2109"}],"version-history":[{"count":0,"href":"https:\/\/hotelreykjavikgrand.com\/de\/wp-json\/wp\/v2\/pages\/2109\/revisions"}],"wp:attachment":[{"href":"https:\/\/hotelreykjavikgrand.com\/de\/wp-json\/wp\/v2\/media?parent=2109"}],"curies":[{"name":"wp","href":"https:\/\/api.w.org\/{rel}","templated":true}]}}