{"id":2104,"date":"2021-03-23T09:33:48","date_gmt":"2021-03-23T09:33:48","guid":{"rendered":"http:\/\/localhost\/nuss\/?page_id=167"},"modified":"2026-03-20T06:19:39","modified_gmt":"2026-03-20T06:19:39","slug":"unsere-geschichte","status":"publish","type":"page","link":"https:\/\/hotelreykjavikgrand.com\/de\/our-story\/","title":{"rendered":"Unsere Geschichte"},"content":{"rendered":"<div data-elementor-type=\"wp-page\" data-elementor-id=\"2104\" class=\"elementor elementor-2104\">\n\t\t\t\t\t\t<section class=\"elementor-section elementor-top-section elementor-element elementor-element-8f5bb9d elementor-section-boxed elementor-section-gap-beside-yes elementor-section-height-default elementor-section-height-default elementor-section-column-vertical-align-stretch\" data-id=\"8f5bb9d\" data-element_type=\"section\" data-e-type=\"section\">\n\t\t\t\t\t\t<div class=\"elementor-container elementor-column-gap-extended\">\n\t\t\t\t\t<div class=\"elementor-column elementor-col-100 elementor-top-column elementor-element elementor-element-7ec4215\" data-id=\"7ec4215\" data-element_type=\"column\" data-e-type=\"column\">\n\t\t\t<div class=\"elementor-widget-wrap elementor-element-populated\">\n\t\t\t\t\t\t<div class=\"elementor-element elementor-element-edd9d03 elementor-widget__width-initial elementor-invisible elementor-widget elementor-widget-text-editor\" data-id=\"edd9d03\" data-element_type=\"widget\" data-e-type=\"widget\" data-settings=\"{&quot;_animation&quot;:&quot;nussFadeInUp&quot;}\" data-widget_type=\"text-editor.default\">\n\t\t\t\t\t\t\t\t\tUnsere Geschichte \u2013 Grand H\u00f3tel Reykjav\u00edk\t\t\t\t\t\t\t\t<\/div>\n\t\t\t\t\t<\/div>\n\t\t<\/div>\n\t\t\t\t\t<\/div>\n\t\t<\/section>\n\t\t<div class=\"elementor-element elementor-element-71f0c0f e-flex e-con-boxed e-con e-parent\" data-id=\"71f0c0f\" data-element_type=\"container\" data-e-type=\"container\">\n\t\t\t\t\t<div class=\"e-con-inner\">\n\t\t\t\t<div class=\"elementor-element elementor-element-c85ebc0 elementor-widget elementor-widget-image\" data-id=\"c85ebc0\" data-element_type=\"widget\" data-e-type=\"widget\" data-widget_type=\"image.default\">\n\t\t\t\t\t\t\t\t\t\t\t\t\t\t\t<img fetchpriority=\"high\" decoding=\"async\" width=\"1024\" height=\"682\" src=\"https:\/\/hotelreykjavikgrand.com\/wp-content\/uploads\/2026\/03\/Grand-Hotel-Reykjavik-99-1024x682.webp\" class=\"attachment-large size-large wp-image-5703\" alt=\"\" srcset=\"https:\/\/hotelreykjavikgrand.com\/wp-content\/uploads\/2026\/03\/Grand-Hotel-Reykjavik-99-1024x682.webp 1024w, https:\/\/hotelreykjavikgrand.com\/wp-content\/uploads\/2026\/03\/Grand-Hotel-Reykjavik-99-300x200.webp 300w, https:\/\/hotelreykjavikgrand.com\/wp-content\/uploads\/2026\/03\/Grand-Hotel-Reykjavik-99-768x512.webp 768w, https:\/\/hotelreykjavikgrand.com\/wp-content\/uploads\/2026\/03\/Grand-Hotel-Reykjavik-99.webp 1280w\" sizes=\"(max-width: 1024px) 100vw, 1024px\" \/>\t\t\t\t\t\t\t\t\t\t\t\t\t\t\t<\/div>\n\t\t\t\t\t<\/div>\n\t\t\t\t<\/div>\n\t\t<div class=\"elementor-element elementor-element-1b75651 e-flex e-con-boxed e-con e-parent\" data-id=\"1b75651\" data-element_type=\"container\" data-e-type=\"container\">\n\t\t\t\t\t<div class=\"e-con-inner\">\n\t\t\t\t<div class=\"elementor-element elementor-element-5b31ee8 elementor-widget elementor-widget-text-editor\" data-id=\"5b31ee8\" data-element_type=\"widget\" data-e-type=\"widget\" data-widget_type=\"text-editor.default\">\n\t\t\t\t\t\t\t\t\t<h2 class=\"qwen-markdown-heading\"><strong class=\"qwen-markdown-strong\"><span class=\"qwen-markdown-text\">Ein Verm\u00e4chtnis isl\u00e4ndischer Gastfreundschaft<\/span><\/strong><\/h2><div class=\"qwen-markdown-paragraph\"><span class=\"qwen-markdown-text\">Eingebettet in das ruhige Tal von Laugardalur bei <\/span><strong class=\"qwen-markdown-strong\"><span class=\"qwen-markdown-text\">Sigt\u00fan 28, Reykjavik, Hauptstadtregion, 105, Island<\/span><\/strong><span class=\"qwen-markdown-text\">, Das Grand H\u00f3tel Reykjav\u00edk ist ein Zeugnis der unverg\u00e4nglichen nordischen Gastfreundschaft. Unsere Geschichte beginnt mit einer einfachen, aber kraftvollen Vision: einen Ort zu schaffen, an dem Reisende aus aller Welt die W\u00e4rme, den Komfort und den authentischen Charme der isl\u00e4ndischen Kultur erleben k\u00f6nnen. Was als Traum begann, ist zu einem der beliebtesten 4-Sterne-Hotels Reykjav\u00edks herangewachsen, das jedes Jahr Tausende von G\u00e4sten mit offenen Armen und herzlicher Gastfreundschaft empf\u00e4ngt.<\/span><\/div><div class=\"qwen-markdown-space\">\u00a0<\/div><h2 class=\"qwen-markdown-heading\"><strong class=\"qwen-markdown-strong\"><span class=\"qwen-markdown-text\">Unsere Urspr\u00fcnge<\/span><\/strong><\/h2><div class=\"qwen-markdown-paragraph\"><span class=\"qwen-markdown-text\">Das Grand H\u00f3tel Reykjav\u00edk wurde mit der \u00dcberzeugung gegr\u00fcndet, dass jeder Reisende ein zweites Zuhause verdient, egal ob er gesch\u00e4ftlich, privat oder auf Abenteuerreise ist. Der Standort des Hotels in Laugardalur wurde sorgf\u00e4ltig aufgrund seiner einzigartigen Kombination aus Ruhe und guter Erreichbarkeit ausgew\u00e4hlt. Dieses gr\u00fcne Tal, bekannt als Reykjav\u00edks gr\u00f6\u00dftes Naherholungsgebiet, bot den perfekten Rahmen f\u00fcr ein Hotel, das Ruhe und Natursch\u00f6nheit sch\u00e4tzt und gleichzeitig mit dem pulsierenden Leben der isl\u00e4ndischen Hauptstadt verbunden ist.<\/span><\/div><div class=\"qwen-markdown-space\">\u00a0<\/div><div class=\"qwen-markdown-paragraph\"><span class=\"qwen-markdown-text\">Von Beginn der Bauarbeiten an wurden Detailgenauigkeit und Qualit\u00e4t gro\u00dfgeschrieben. Die Architekten und Designer arbeiteten eng mit lokalen Handwerkern zusammen, um Elemente des isl\u00e4ndischen Erbes in die \u00c4sthetik des Hotels zu integrieren. Nat\u00fcrliche Materialien, klare Linien und funktionale Eleganz spiegeln die skandinavische Designphilosophie wider, die nordische Interieurs weltweit bekannt gemacht hat. Jeder Winkel des Grand H\u00f3tel Reykjav\u00edk wurde mit Bedacht gestaltet und schafft so R\u00e4ume, die gleicherma\u00dfen anspruchsvoll und einladend wirken.<\/span><\/div><div class=\"qwen-markdown-space\">\u00a0<\/div><h2 class=\"qwen-markdown-heading\"><strong class=\"qwen-markdown-strong\"><span class=\"qwen-markdown-text\">Unsere Vision<\/span><\/strong><\/h2><div class=\"qwen-markdown-paragraph\"><span class=\"qwen-markdown-text\">Im Grand H\u00f3tel Reykjav\u00edk geht unsere Vision weit \u00fcber komfortable Unterk\u00fcnfte hinaus. Wir m\u00f6chten ein Tor zu Islands Wundern sein, ein Ort, an dem unvergessliche Erinnerungen entstehen und von dem jeder Gast mit Geschichten abreist, die er gerne erz\u00e4hlt. Wir glauben, dass Reisen die Kraft hat, zu ver\u00e4ndern, zu bilden und zu inspirieren. Unser Hotel ist der ideale Ausgangspunkt f\u00fcr unz\u00e4hlige Abenteuer im Land aus Feuer und Eis \u2013 von Gletscherwanderungen und Nordlichttouren bis hin zu kulturellen Entdeckungsreisen durch Reykjav\u00edks Museen, Galerien und historische St\u00e4tten.<\/span><\/div><div class=\"qwen-markdown-space\">\u00a0<\/div><div class=\"qwen-markdown-paragraph\"><span class=\"qwen-markdown-text\">Wir tr\u00e4umen von einer Zukunft, in der Nachhaltigkeit und Gastfreundschaft Hand in Hand gehen. Als H\u00fcter der wertvollen Natur Islands setzen wir uns daf\u00fcr ein, unseren \u00f6kologischen Fu\u00dfabdruck zu minimieren und gleichzeitig den Komfort und die Zufriedenheit unserer G\u00e4ste zu maximieren. Dieses Engagement pr\u00e4gt unser gesamtes Handeln \u2013 von energieeffizienten Systemen bis hin zu Partnerschaften mit lokalen Lieferanten, die unsere Werte teilen.<\/span><\/div><div class=\"qwen-markdown-space\">\u00a0<\/div><h2 class=\"qwen-markdown-heading\"><strong class=\"qwen-markdown-strong\"><span class=\"qwen-markdown-text\">Unsere Kernwerte<\/span><\/strong><\/h2><div class=\"qwen-markdown-paragraph\"><strong class=\"qwen-markdown-strong\"><span class=\"qwen-markdown-text\">Authentizit\u00e4t<\/span><\/strong><span class=\"qwen-markdown-text\"> Isl\u00e4ndische Kultur ist die Leitlinie all unseres Handelns. Wir sind stolz darauf, authentische isl\u00e4ndische Kultur zu pr\u00e4sentieren \u2013 von den regionalen Zutaten in unserer Grand Brasserie bis hin zu den Empfehlungen unseres Concierge-Teams f\u00fcr die Erkundung Reykjav\u00edks. Wir glauben, dass Authentizit\u00e4t eine bedeutungsvolle Verbindung zwischen unseren G\u00e4sten und ihrem Reiseziel schafft.<\/span><\/div><div class=\"qwen-markdown-space\">\u00a0<\/div><div class=\"qwen-markdown-paragraph\"><strong class=\"qwen-markdown-strong\"><span class=\"qwen-markdown-text\">Exzellenz<\/span><\/strong><span class=\"qwen-markdown-text\"> ist ein fester Bestandteil unseres Service. Vom Moment der Ankunft bis zur Abreise unserer G\u00e4ste ist unser Team bestrebt, deren Erwartungen in jeder Hinsicht zu \u00fcbertreffen. Wir wissen, dass kleine Gesten \u2013 ein herzlicher Empfang, eine durchdachte Empfehlung, ein perfekt zubereitetes Essen \u2013 den entscheidenden Unterschied f\u00fcr einen unvergesslichen Aufenthalt ausmachen k\u00f6nnen.<\/span><\/div><div class=\"qwen-markdown-space\">\u00a0<\/div><div class=\"qwen-markdown-paragraph\"><strong class=\"qwen-markdown-strong\"><span class=\"qwen-markdown-text\">Komfort<\/span><\/strong><span class=\"qwen-markdown-text\"> Unser oberstes Ziel ist und bleibt das Wohl unserer G\u00e4ste. Unsere ger\u00e4umigen Zimmer, die hochwertige Ausstattung und die umfassenden Annehmlichkeiten sorgen f\u00fcr erholsame N\u00e4chte und produktive Tage. Ob Reisende sich von langen Fl\u00fcgen erholen oder sich auf wichtige Gesch\u00e4ftstreffen vorbereiten \u2013 wir bieten ihnen das optimale Umfeld.<\/span><\/div><div class=\"qwen-markdown-space\">\u00a0<\/div><div class=\"qwen-markdown-paragraph\"><strong class=\"qwen-markdown-strong\"><span class=\"qwen-markdown-text\">Gemeinschaft<\/span><\/strong><span class=\"qwen-markdown-text\"> Das Grand H\u00f3tel Reykjav\u00edk ist uns ein Herzensanliegen. Wir sind mehr als nur ein Hotel; wir sind Teil des Viertels Laugardalur und der gesamten Stadtgemeinschaft von Reykjav\u00edk. Wir unterst\u00fctzen lokale Unternehmen, besch\u00e4ftigen Anwohner und engagieren uns f\u00fcr Initiativen, die die Lebensqualit\u00e4t in unserer Stadt verbessern. Unser Erfolg ist eng mit dem Wohlstand unserer Stadtgemeinschaft verbunden.<\/span><\/div><div class=\"qwen-markdown-space\">\u00a0<\/div><h2 class=\"qwen-markdown-heading\"><strong class=\"qwen-markdown-strong\"><span class=\"qwen-markdown-text\">Das Grand Hotel Erlebnis<\/span><\/strong><\/h2><div class=\"qwen-markdown-paragraph\"><span class=\"qwen-markdown-text\">Was das Grand H\u00f3tel Reykjav\u00edk auszeichnet, ist unser unersch\u00fctterliches Engagement f\u00fcr pers\u00f6nlichen Service. Wir wissen, dass jeder Gast einzigartig ist und passen unseren Service individuell an die Bed\u00fcrfnisse unserer G\u00e4ste an. Familien mit Kindern erhalten eine andere Aufmerksamkeit als Gesch\u00e4ftsreisende auf Konferenzen. Paare, die ihren Jahrestag feiern, werden anders betreut als Alleinreisende, die Island zum ersten Mal erkunden. Dieser pers\u00f6nliche Service hat uns treue G\u00e4ste beschert, die Jahr f\u00fcr Jahr wiederkommen und uns Freunden, Familie und Kollegen weiterempfehlen.<\/span><\/div><div class=\"qwen-markdown-space\">\u00a0<\/div><div class=\"qwen-markdown-paragraph\"><span class=\"qwen-markdown-text\">Unser <\/span><strong class=\"qwen-markdown-strong\"><span class=\"qwen-markdown-text\">Grand Brasserie<\/span><\/strong><span class=\"qwen-markdown-text\"> Unsere Speisekarte spiegelt unser Engagement f\u00fcr kulinarische H\u00f6chstleistungen wider. Unser K\u00fcchenteam arbeitet eng mit lokalen Bauern, Fischern und Erzeugern zusammen, um die frischesten isl\u00e4ndischen Zutaten auf jeden Teller zu bringen. Von traditionellen Gerichten, die Islands kulinarisches Erbe ehren, bis hin zu internationalen Favoriten f\u00fcr jeden Geschmack \u2013 unsere Speisekarte erz\u00e4hlt eine Geschichte von Heimat und Leidenschaft.<\/span><\/div><div class=\"qwen-markdown-space\">\u00a0<\/div><div class=\"qwen-markdown-paragraph\"><span class=\"qwen-markdown-text\">Der <\/span><strong class=\"qwen-markdown-strong\"><span class=\"qwen-markdown-text\">Wellness-Einrichtungen<\/span><\/strong><span class=\"qwen-markdown-text\">, Unser Fitnesscenter und unsere Spa-Angebote verk\u00f6rpern unsere \u00dcberzeugung, dass Reisen K\u00f6rper und Geist gleicherma\u00dfen n\u00e4hren sollte. Nach Tagen voller Entdeckungen oder gesch\u00e4ftlicher Verpflichtungen verdienen unsere G\u00e4ste Orte der Ruhe und Erholung. Unsere Wellnessangebote schaffen die notwendige Balance.<\/span><\/div><div class=\"qwen-markdown-space\">\u00a0<\/div><h2 class=\"qwen-markdown-heading\"><strong class=\"qwen-markdown-strong\"><span class=\"qwen-markdown-text\">Unser Team<\/span><\/strong><\/h2><div class=\"qwen-markdown-paragraph\"><span class=\"qwen-markdown-text\">Das Herz des Grand H\u00f3tel Reykjav\u00edk schl\u00e4gt f\u00fcr unsere engagierten Mitarbeiter. Sie verk\u00f6rpern die isl\u00e4ndische Gastfreundschaft in ihrer sch\u00f6nsten Form \u2013 freundlich, kompetent und stets darauf bedacht, unsere G\u00e4ste zufrieden zu stellen. Viele unserer Mitarbeiter sind schon seit Jahren bei uns und schaffen so eine vertraute und best\u00e4ndige Atmosph\u00e4re, die unsere Stammg\u00e4ste sehr sch\u00e4tzen. Wir investieren kontinuierlich in die Aus- und Weiterbildung unserer Mitarbeiter, damit diese stets den Branchenstandards entsprechen und gleichzeitig die pers\u00f6nliche Note bewahren, die unsere Marke auszeichnet.<\/span><\/div><div class=\"qwen-markdown-space\">\u00a0<\/div><div class=\"qwen-markdown-paragraph\"><span class=\"qwen-markdown-text\">Die Mehrsprachigkeit unserer Mitarbeiter sorgt daf\u00fcr, dass sich G\u00e4ste aus aller Welt verstanden und willkommen f\u00fchlen. Ob Englisch, Isl\u00e4ndisch, Deutsch, Franz\u00f6sisch oder andere Sprachen \u2013 unser Team \u00fcberbr\u00fcckt Kommunikationsbarrieren und schafft so ein reibungsloses Erlebnis.<\/span><\/div><div class=\"qwen-markdown-space\">\u00a0<\/div><h2 class=\"qwen-markdown-heading\"><strong class=\"qwen-markdown-strong\"><span class=\"qwen-markdown-text\">Unser Standort<\/span><\/strong><\/h2><div class=\"qwen-markdown-paragraph\"><span class=\"qwen-markdown-text\">Die Adresse <\/span><strong class=\"qwen-markdown-strong\"><span class=\"qwen-markdown-text\">Sigt\u00fan 28, Laugardalur, Reykjavik, Hauptstadtregion, 105, Island<\/span><\/strong><span class=\"qwen-markdown-text\"> Laugardalur ist mehr als nur ein Ort; es ist ein Statement. Laugardalur verk\u00f6rpert die Harmonie zwischen urbanem Leben und der nat\u00fcrlichen Sch\u00f6nheit Islands. G\u00e4ste erreichen botanische G\u00e4rten, Schwimmb\u00e4der und Parks bequem zu Fu\u00df und sind gleichzeitig nur wenige Minuten von den Gesch\u00e4ften, Restaurants und kulturellen Attraktionen der Innenstadt Reykjav\u00edks entfernt. Diese einzigartige Lage erm\u00f6glicht es uns, Ruhe ohne Abgeschiedenheit und Komfort ohne Hektik zu bieten.<\/span><\/div><div class=\"qwen-markdown-space\">\u00a0<\/div><h2 class=\"qwen-markdown-heading\"><strong class=\"qwen-markdown-strong\"><span class=\"qwen-markdown-text\">Ich freue mich auf<\/span><\/strong><\/h2><div class=\"qwen-markdown-paragraph\"><span class=\"qwen-markdown-text\">Mit Blick auf die Zukunft setzt das Grand H\u00f3tel Reykjav\u00edk weiterhin auf stetige Weiterentwicklung und Verbesserung. Wir investieren kontinuierlich in die Modernisierung unseres Hotels, in technologische Neuerungen und innovative Serviceleistungen, um unsere f\u00fchrende Position in der Reykjav\u00edker Hotellerie zu sichern. Unsere Nachhaltigkeitsinitiativen werden ausgebaut, um die Natursch\u00f6nheiten Islands zu sch\u00fctzen, die Besucher anziehen. Das Feedback unserer G\u00e4ste ist die Grundlage unserer st\u00e4ndigen Verbesserungen. Wir h\u00f6ren genau zu, was Reisende sch\u00e4tzen, und reagieren entsprechend.<\/span><\/div><div class=\"qwen-markdown-space\">\u00a0<\/div><div class=\"qwen-markdown-paragraph\"><span class=\"qwen-markdown-text\">Unsere Geschichte wird noch geschrieben, und wir laden jeden Gast ein, ein Teil davon zu werden. Ob Sie Reykjav\u00edk zum ersten Mal besuchen oder f\u00fcr ein weiteres Abenteuer zur\u00fcckkehren \u2013 das Grand H\u00f3tel Reykjav\u00edk hei\u00dft Sie mit der Herzlichkeit, Professionalit\u00e4t und F\u00fcrsorge willkommen, die uns von Anfang an auszeichnen.<\/span><\/div><div class=\"qwen-markdown-space\">\u00a0<\/div><h2 class=\"qwen-markdown-heading\"><strong class=\"qwen-markdown-strong\"><span class=\"qwen-markdown-text\">Willkommen in unserer Familie<\/span><\/strong><\/h2><div class=\"qwen-markdown-paragraph\" data-spm-anchor-id=\"a2ty_o01.29997173.0.i25.d85a5171GHG0Zx\"><span class=\"qwen-markdown-text\">Vielen Dank, dass Sie das Grand H\u00f3tel Reykjav\u00edk f\u00fcr Ihre Islandreise in Betracht ziehen. Unsere Geschichte ist gepr\u00e4gt von Leidenschaft, Hingabe und dem unbedingten Anspruch, au\u00dfergew\u00f6hnliche Gastfreundschaft zu bieten. Wir freuen uns darauf, das n\u00e4chste Kapitel mit Ihnen als unserem gesch\u00e4tzten Gast zu schreiben.<\/span><\/div>\t\t\t\t\t\t\t\t<\/div>\n\t\t\t\t\t<\/div>\n\t\t\t\t<\/div>\n\t\t\t\t<\/div>","protected":false},"excerpt":{"rendered":"<p>Our Story \u2013 Grand H\u00f3tel Reykjav\u00edk A Legacy of Icelandic Hospitality Nestled in the serene valley of Laugardalur at Sigt\u00fan 28, Reykjavik, Capital Region, 105, Iceland, Grand H\u00f3tel Reykjav\u00edk stands as a testament to the enduring spirit of Nordic hospitality. Our story begins with a simple yet powerful vision: to create a place where travelers [&hellip;]<\/p>\n","protected":false},"author":1,"featured_media":0,"parent":0,"menu_order":0,"comment_status":"closed","ping_status":"closed","template":"elementor_header_footer","meta":{"footnotes":""},"class_list":["post-2104","page","type-page","status-publish","hentry","post-no-thumbnail"],"_links":{"self":[{"href":"https:\/\/hotelreykjavikgrand.com\/de\/wp-json\/wp\/v2\/pages\/2104","targetHints":{"allow":["GET"]}}],"collection":[{"href":"https:\/\/hotelreykjavikgrand.com\/de\/wp-json\/wp\/v2\/pages"}],"about":[{"href":"https:\/\/hotelreykjavikgrand.com\/de\/wp-json\/wp\/v2\/types\/page"}],"author":[{"embeddable":true,"href":"https:\/\/hotelreykjavikgrand.com\/de\/wp-json\/wp\/v2\/users\/1"}],"replies":[{"embeddable":true,"href":"https:\/\/hotelreykjavikgrand.com\/de\/wp-json\/wp\/v2\/comments?post=2104"}],"version-history":[{"count":0,"href":"https:\/\/hotelreykjavikgrand.com\/de\/wp-json\/wp\/v2\/pages\/2104\/revisions"}],"wp:attachment":[{"href":"https:\/\/hotelreykjavikgrand.com\/de\/wp-json\/wp\/v2\/media?parent=2104"}],"curies":[{"name":"wp","href":"https:\/\/api.w.org\/{rel}","templated":true}]}}